{"id":187544,"date":"2024-05-09T22:53:19","date_gmt":"2024-05-09T22:53:19","guid":{"rendered":"https:\/\/aldeco.pt\/staging\/product\/vellutino-fr\/"},"modified":"2024-10-07T11:11:11","modified_gmt":"2024-10-07T11:11:11","slug":"vellutino-fr","status":"publish","type":"product","link":"https:\/\/staging.aldeco.pt\/es\/product\/vellutino-fr\/","title":{"rendered":"VELLUTINO FR"},"content":{"rendered":"<p>Una textura de terciopelo tejido, muy resistente y con una sensaci\u00f3n suave al tacto. Disponible en 16 hermosos colores que se pueden combinar f\u00e1cilmente con la colecci\u00f3n, especialmente con ambos Necessaires.<\/p>\n","protected":false},"excerpt":{"rendered":"<p>Una textura de terciopelo tejido, muy resistente y con una sensaci\u00f3n suave al tacto. Disponible en 16 hermosos colores que se pueden combinar f\u00e1cilmente con la colecci\u00f3n, especialmente con ambos Necessaires.<\/p>\n<h2>Vellutino FR una textura de terciopelo tejido, muy resistente y con una sensaci\u00f3n suave al tacto.<\/h2>\n<p><img fetchpriority=\"high\" decoding=\"async\" class=\"alignnone wp-image-189290 size-medium\" src=\"https:\/\/aldeco.pt\/staging\/wp-content\/uploads\/2024\/01\/T191850001-3-300x225.jpg\" alt=\"Vellutino FR - Aldeco\" width=\"300\" height=\"225\" \/><\/p>\n<p><a href=\"https:\/\/www.instagram.com\/aldeco_interiorfabrics\/\">https:\/\/www.instagram.com\/aldeco_interiorfabrics\/<\/a><a href=\"https:\/\/aldeco.pt\/staging\/product\/vellutino-fr\/?attribute_pa_aldeco-color=01-natural-white\">https:\/\/aldeco.pt\/staging\/product\/vellutino-fr\/?attribute_pa_aldeco-color=01-natural-white<\/a><\/p>\n","protected":false},"featured_media":160972,"template":"","meta":[],"product_brand":[],"product_cat":[6154],"product_tag":[],"class_list":{"0":"post-187544","1":"product","2":"type-product","3":"status-publish","4":"has-post-thumbnail","6":"product_cat-aldeco-smarter-es","7":"pa_cleanability-8283","8":"pa_composition-ext-100-pl-es","9":"pa_contract-fabrics-1-es","10":"pa_interior-fabrics-1-es","11":"pa_line-telas","12":"pa_lithfastness-5-es","13":"pa_outdoor-0-es","14":"pa_range-liso-es","15":"pa_range-terciopelo","16":"pa_special-treatments-fabrics-1-es","19":"first","20":"instock","21":"purchasable","22":"product-type-variable"},"acf":[],"_links":{"self":[{"href":"https:\/\/staging.aldeco.pt\/es\/wp-json\/wp\/v2\/product\/187544","targetHints":{"allow":["GET"]}}],"collection":[{"href":"https:\/\/staging.aldeco.pt\/es\/wp-json\/wp\/v2\/product"}],"about":[{"href":"https:\/\/staging.aldeco.pt\/es\/wp-json\/wp\/v2\/types\/product"}],"version-history":[{"count":3,"href":"https:\/\/staging.aldeco.pt\/es\/wp-json\/wp\/v2\/product\/187544\/revisions"}],"predecessor-version":[{"id":202115,"href":"https:\/\/staging.aldeco.pt\/es\/wp-json\/wp\/v2\/product\/187544\/revisions\/202115"}],"wp:featuredmedia":[{"embeddable":true,"href":"https:\/\/staging.aldeco.pt\/es\/wp-json\/wp\/v2\/media\/160972"}],"wp:attachment":[{"href":"https:\/\/staging.aldeco.pt\/es\/wp-json\/wp\/v2\/media?parent=187544"}],"wp:term":[{"taxonomy":"product_brand","embeddable":true,"href":"https:\/\/staging.aldeco.pt\/es\/wp-json\/wp\/v2\/product_brand?post=187544"},{"taxonomy":"product_cat","embeddable":true,"href":"https:\/\/staging.aldeco.pt\/es\/wp-json\/wp\/v2\/product_cat?post=187544"},{"taxonomy":"product_tag","embeddable":true,"href":"https:\/\/staging.aldeco.pt\/es\/wp-json\/wp\/v2\/product_tag?post=187544"}],"curies":[{"name":"wp","href":"https:\/\/api.w.org\/{rel}","templated":true}]}}