{"id":187513,"date":"2024-05-09T22:51:02","date_gmt":"2024-05-09T22:51:02","guid":{"rendered":"https:\/\/aldeco.pt\/staging\/product\/unique\/"},"modified":"2024-08-29T14:41:01","modified_gmt":"2024-08-29T14:41:01","slug":"unique","status":"publish","type":"product","link":"https:\/\/staging.aldeco.pt\/es\/product\/unique\/","title":{"rendered":"UNIQUE"},"content":{"rendered":"<p>UNIQUE es una tela compuesta por un micro-patr\u00f3n, extremadamente vers\u00e1til y duradera con resistencia a la abrasi\u00f3n que supera los 50.000 ciclos. Disponible en 6 colores b\u00e1sicos.<\/p>\n","protected":false},"excerpt":{"rendered":"<p>UNIQUE es una tela compuesta por un micro-patr\u00f3n, extremadamente vers\u00e1til y duradera con resistencia a la abrasi\u00f3n que supera los 50.000 ciclos. Disponible en 6 colores b\u00e1sicos.<\/p>\n<h2>UNIQUE es una tela compuesta por un micro-patr\u00f3n, extremadamente vers\u00e1til y duradera con resistencia a la abrasi\u00f3n que supera los 50.000 ciclos. Disponible en 6 colores b\u00e1sicos.<\/h2>\n<p><img fetchpriority=\"high\" decoding=\"async\" class=\"alignnone wp-image-189242 size-medium\" src=\"https:\/\/aldeco.pt\/staging\/wp-content\/uploads\/2024\/01\/T190740001-3-300x200.jpg\" alt=\"Unique - Aldeco\" width=\"300\" height=\"200\"><\/p>\n<p><a href=\"https:\/\/www.instagram.com\/aldeco_interiorfabrics\/\">https:\/\/www.instagram.com\/aldeco_interiorfabrics\/<\/a><\/p>\n<p><a href=\"https:\/\/aldeco.pt\/staging\/product\/unique\/?attribute_pa_aldeco-color=01-ivory\">https:\/\/aldeco.pt\/staging\/product\/unique\/?attribute_pa_aldeco-color=01-ivory<\/a><\/p>\n","protected":false},"featured_media":160924,"template":"","meta":[],"product_brand":[],"product_cat":[6146],"product_tag":[],"class_list":{"0":"post-187513","1":"product","2":"type-product","3":"status-publish","4":"has-post-thumbnail","6":"product_cat-aldeco-2-es","7":"pa_cleanability-8283","8":"pa_composition-ext-45-vi-22-li-17-pl-16-co-es","9":"pa_interior-fabrics-1-es","10":"pa_line-telas","11":"pa_lithfastness-4-es","12":"pa_outdoor-0-es","13":"pa_range-jacquard-es","16":"first","17":"instock","18":"purchasable","19":"product-type-variable"},"acf":[],"_links":{"self":[{"href":"https:\/\/staging.aldeco.pt\/es\/wp-json\/wp\/v2\/product\/187513","targetHints":{"allow":["GET"]}}],"collection":[{"href":"https:\/\/staging.aldeco.pt\/es\/wp-json\/wp\/v2\/product"}],"about":[{"href":"https:\/\/staging.aldeco.pt\/es\/wp-json\/wp\/v2\/types\/product"}],"version-history":[{"count":1,"href":"https:\/\/staging.aldeco.pt\/es\/wp-json\/wp\/v2\/product\/187513\/revisions"}],"predecessor-version":[{"id":193025,"href":"https:\/\/staging.aldeco.pt\/es\/wp-json\/wp\/v2\/product\/187513\/revisions\/193025"}],"wp:featuredmedia":[{"embeddable":true,"href":"https:\/\/staging.aldeco.pt\/es\/wp-json\/wp\/v2\/media\/160924"}],"wp:attachment":[{"href":"https:\/\/staging.aldeco.pt\/es\/wp-json\/wp\/v2\/media?parent=187513"}],"wp:term":[{"taxonomy":"product_brand","embeddable":true,"href":"https:\/\/staging.aldeco.pt\/es\/wp-json\/wp\/v2\/product_brand?post=187513"},{"taxonomy":"product_cat","embeddable":true,"href":"https:\/\/staging.aldeco.pt\/es\/wp-json\/wp\/v2\/product_cat?post=187513"},{"taxonomy":"product_tag","embeddable":true,"href":"https:\/\/staging.aldeco.pt\/es\/wp-json\/wp\/v2\/product_tag?post=187513"}],"curies":[{"name":"wp","href":"https:\/\/api.w.org\/{rel}","templated":true}]}}