{"id":187506,"date":"2024-05-09T22:52:44","date_gmt":"2024-05-09T22:52:44","guid":{"rendered":"https:\/\/aldeco.pt\/staging\/product\/varjak\/"},"modified":"2024-10-07T15:51:54","modified_gmt":"2024-10-07T15:51:54","slug":"varjak","status":"publish","type":"product","link":"https:\/\/staging.aldeco.pt\/es\/product\/varjak\/","title":{"rendered":"VARJAK"},"content":{"rendered":"<p>Es una tela de tapicer\u00eda jacquard con un motivo de medall\u00f3n de estilo IKAT muy \u00e9tnico. Esta tela de composici\u00f3n mixta est\u00e1 disponible en 8 colores.<\/p>\n","protected":false},"excerpt":{"rendered":"<p>Es una tela de tapicer\u00eda jacquard con un motivo de medall\u00f3n de estilo IKAT muy \u00e9tnico. Esta tela de composici\u00f3n mixta est\u00e1 disponible en 8 colores.<\/p>\n<h2>Varjak es una tela de tapicer\u00eda jacquard con un motivo de medall\u00f3n de estilo IKAT muy \u00e9tnico. Esta tela de composici\u00f3n mixta est\u00e1 disponible en 8 colores.<\/h2>\n<p><img fetchpriority=\"high\" decoding=\"async\" class=\"alignnone size-medium wp-image-189284\" src=\"https:\/\/aldeco.pt\/staging\/wp-content\/uploads\/2024\/03\/T017730001-300x280.jpg\" alt=\"\" width=\"300\" height=\"280\" \/><\/p>\n<p><a href=\"https:\/\/www.instagram.com\/aldeco_interiorfabrics\/\">https:\/\/www.instagram.com\/aldeco_interiorfabrics\/<\/a><\/p>\n<p><a href=\"https:\/\/aldeco.pt\/staging\/product\/varjak\/?attribute_pa_aldeco-color=1-stone\">https:\/\/aldeco.pt\/staging\/product\/varjak\/?attribute_pa_aldeco-color=1-stone<\/a><\/p>\n","protected":false},"featured_media":160958,"template":"","meta":[],"product_brand":[],"product_cat":[6146],"product_tag":[],"class_list":{"0":"post-187506","1":"product","2":"type-product","3":"status-publish","4":"has-post-thumbnail","6":"product_cat-aldeco-2-es","7":"pa_cleanability-8283","8":"pa_composition-ext-48-vi-28-co-20-pl-4-li-es","9":"pa_interior-fabrics-1-es","10":"pa_line-telas","11":"pa_lithfastness-5-es","12":"pa_outdoor-0-es","13":"pa_range-jacquard-es","14":"pa_rapport-horizontal-35-5-es","15":"pa_rapport-vertical-63-es","18":"first","19":"instock","20":"purchasable","21":"product-type-variable"},"acf":[],"_links":{"self":[{"href":"https:\/\/staging.aldeco.pt\/es\/wp-json\/wp\/v2\/product\/187506","targetHints":{"allow":["GET"]}}],"collection":[{"href":"https:\/\/staging.aldeco.pt\/es\/wp-json\/wp\/v2\/product"}],"about":[{"href":"https:\/\/staging.aldeco.pt\/es\/wp-json\/wp\/v2\/types\/product"}],"version-history":[{"count":2,"href":"https:\/\/staging.aldeco.pt\/es\/wp-json\/wp\/v2\/product\/187506\/revisions"}],"predecessor-version":[{"id":202167,"href":"https:\/\/staging.aldeco.pt\/es\/wp-json\/wp\/v2\/product\/187506\/revisions\/202167"}],"wp:featuredmedia":[{"embeddable":true,"href":"https:\/\/staging.aldeco.pt\/es\/wp-json\/wp\/v2\/media\/160958"}],"wp:attachment":[{"href":"https:\/\/staging.aldeco.pt\/es\/wp-json\/wp\/v2\/media?parent=187506"}],"wp:term":[{"taxonomy":"product_brand","embeddable":true,"href":"https:\/\/staging.aldeco.pt\/es\/wp-json\/wp\/v2\/product_brand?post=187506"},{"taxonomy":"product_cat","embeddable":true,"href":"https:\/\/staging.aldeco.pt\/es\/wp-json\/wp\/v2\/product_cat?post=187506"},{"taxonomy":"product_tag","embeddable":true,"href":"https:\/\/staging.aldeco.pt\/es\/wp-json\/wp\/v2\/product_tag?post=187506"}],"curies":[{"name":"wp","href":"https:\/\/api.w.org\/{rel}","templated":true}]}}