{"id":187386,"date":"2024-05-09T22:48:18","date_gmt":"2024-05-09T22:48:18","guid":{"rendered":"https:\/\/aldeco.pt\/staging\/product\/tweeter\/"},"modified":"2024-09-16T14:21:27","modified_gmt":"2024-09-16T14:21:27","slug":"tweeter","status":"publish","type":"product","link":"https:\/\/staging.aldeco.pt\/es\/product\/tweeter\/","title":{"rendered":"TWEETER"},"content":{"rendered":"<p>Tela de jacquard con un dise\u00f1o gr\u00e1fico geom\u00e9trico con un efecto tridimensional y estructural. Su inspiraci\u00f3n proviene del mundo tecnol\u00f3gico, donde podemos mezclar la naturaleza con el mundo infinito de la web, como las redes sociales, por ejemplo: Esta tela tiene 280cm de ancho y est\u00e1 disponible en 12 colores. Perfecto para colchas y cortinas.<\/p>\n","protected":false},"excerpt":{"rendered":"<p>Tela de jacquard con un dise\u00f1o gr\u00e1fico geom\u00e9trico con un efecto tridimensional y estructural. Su inspiraci\u00f3n proviene del mundo tecnol\u00f3gico, donde podemos mezclar la naturaleza con el mundo infinito de la web, como las redes sociales, por ejemplo: Esta tela tiene 280cm de ancho y est\u00e1 disponible en 12 colores. Perfecto para colchas y cortinas.<\/p>\n<h2>Tweeter es una tela de jacquard con un dise\u00f1o gr\u00e1fico geom\u00e9trico con un efecto tridimensional y estructural. Su inspiraci\u00f3n proviene del mundo tecnol\u00f3gico, donde podemos mezclar la naturaleza con el mundo infinito de la web, como las redes sociales, por ejemplo: Esta tela tiene 280cm de ancho y est\u00e1 disponible en 12 colores. Perfecto para colchas y cortinas.<\/h2>\n<p><img fetchpriority=\"high\" decoding=\"async\" class=\"alignnone wp-image-189213 size-medium\" src=\"https:\/\/aldeco.pt\/staging\/wp-content\/uploads\/2024\/03\/T019330001-300x240.jpg\" alt=\"Tweeter - Aldeco\" width=\"300\" height=\"240\" \/><\/p>\n<p><a href=\"https:\/\/www.instagram.com\/aldeco_interiorfabrics\/\">https:\/\/www.instagram.com\/aldeco_interiorfabrics\/<\/a><\/p>\n<p><a href=\"https:\/\/aldeco.pt\/staging\/product\/tweeter\/?attribute_pa_aldeco-color=01-white-silver\">https:\/\/aldeco.pt\/staging\/product\/tweeter\/?attribute_pa_aldeco-color=01-white-silver<\/a><\/p>\n","protected":false},"featured_media":160892,"template":"","meta":[],"product_brand":[],"product_cat":[6146],"product_tag":[],"class_list":{"0":"post-187386","1":"product","2":"type-product","3":"status-publish","4":"has-post-thumbnail","6":"product_cat-aldeco-2-es","7":"pa_cleanability-8283","8":"pa_composition-ext-59-co-41-pl-es","9":"pa_interior-fabrics-1-es","10":"pa_line-telas","11":"pa_lithfastness-4-5-es","12":"pa_outdoor-0-es","13":"pa_range-jacquard-es","14":"pa_rapport-horizontal-17-5-es","15":"pa_rapport-vertical-16-6-es","18":"first","19":"instock","20":"purchasable","21":"product-type-variable"},"acf":[],"_links":{"self":[{"href":"https:\/\/staging.aldeco.pt\/es\/wp-json\/wp\/v2\/product\/187386","targetHints":{"allow":["GET"]}}],"collection":[{"href":"https:\/\/staging.aldeco.pt\/es\/wp-json\/wp\/v2\/product"}],"about":[{"href":"https:\/\/staging.aldeco.pt\/es\/wp-json\/wp\/v2\/types\/product"}],"version-history":[{"count":2,"href":"https:\/\/staging.aldeco.pt\/es\/wp-json\/wp\/v2\/product\/187386\/revisions"}],"predecessor-version":[{"id":200628,"href":"https:\/\/staging.aldeco.pt\/es\/wp-json\/wp\/v2\/product\/187386\/revisions\/200628"}],"wp:featuredmedia":[{"embeddable":true,"href":"https:\/\/staging.aldeco.pt\/es\/wp-json\/wp\/v2\/media\/160892"}],"wp:attachment":[{"href":"https:\/\/staging.aldeco.pt\/es\/wp-json\/wp\/v2\/media?parent=187386"}],"wp:term":[{"taxonomy":"product_brand","embeddable":true,"href":"https:\/\/staging.aldeco.pt\/es\/wp-json\/wp\/v2\/product_brand?post=187386"},{"taxonomy":"product_cat","embeddable":true,"href":"https:\/\/staging.aldeco.pt\/es\/wp-json\/wp\/v2\/product_cat?post=187386"},{"taxonomy":"product_tag","embeddable":true,"href":"https:\/\/staging.aldeco.pt\/es\/wp-json\/wp\/v2\/product_tag?post=187386"}],"curies":[{"name":"wp","href":"https:\/\/api.w.org\/{rel}","templated":true}]}}