{"id":187327,"date":"2024-05-09T22:49:30","date_gmt":"2024-05-09T22:49:30","guid":{"rendered":"https:\/\/aldeco.pt\/staging\/product\/twill\/"},"modified":"2024-08-29T14:41:04","modified_gmt":"2024-08-29T14:41:04","slug":"twill","status":"publish","type":"product","link":"https:\/\/staging.aldeco.pt\/es\/product\/twill\/","title":{"rendered":"TWILL"},"content":{"rendered":"<p>Twill es una tela hermosa y s\u00faper suave con un dise\u00f1o de rayas diagonales.Esta tela tiene una sensaci\u00f3n de lana incre\u00edble y cae maravillosamente. El doble ancho la hace perfecta para cortinas elegantes.<\/p>\n","protected":false},"excerpt":{"rendered":"<p>Twill es una tela hermosa y s\u00faper suave con un dise\u00f1o de rayas diagonales. Esta tela tiene una sensaci\u00f3n de lana incre\u00edble y cae maravillosamente. El doble ancho la hace perfecta para cortinas elegantes.<\/p>\n<h2>Twill es una tela hermosa y s\u00faper suave con un dise\u00f1o de rayas diagonales. Esta tela tiene una sensaci\u00f3n de lana incre\u00edble y cae maravillosamente. El doble ancho la hace perfecta para cortinas elegantes.<\/h2>\n<p><img fetchpriority=\"high\" decoding=\"async\" class=\"alignnone wp-image-189224 size-medium\" src=\"https:\/\/aldeco.pt\/staging\/wp-content\/uploads\/2024\/03\/T190200001-300x200.jpg\" alt=\"Twill - Aldeco\" width=\"300\" height=\"200\"><\/p>\n<p><a href=\"https:\/\/www.instagram.com\/aldeco_interiorfabrics\/\">https:\/\/www.instagram.com\/aldeco_interiorfabrics\/<\/a><\/p>\n<p><a href=\"https:\/\/aldeco.pt\/staging\/product\/twill\/?attribute_pa_aldeco-color=01-white-linen\">https:\/\/aldeco.pt\/staging\/product\/twill\/?attribute_pa_aldeco-color=01-white-linen<\/a><\/p>\n","protected":false},"featured_media":157532,"template":"","meta":[],"product_brand":[],"product_cat":[6146],"product_tag":[],"class_list":{"0":"post-187327","1":"product","2":"type-product","3":"status-publish","4":"has-post-thumbnail","6":"product_cat-aldeco-2-es","7":"pa_cleanability-8283","8":"pa_composition-ext-70-cv-30-li-es","9":"pa_interior-fabrics-1-es","10":"pa_line-telas","11":"pa_lithfastness-5-es","12":"pa_outdoor-0-es","13":"pa_range-jacquard-es","16":"first","17":"instock","18":"purchasable","19":"product-type-variable"},"acf":[],"_links":{"self":[{"href":"https:\/\/staging.aldeco.pt\/es\/wp-json\/wp\/v2\/product\/187327","targetHints":{"allow":["GET"]}}],"collection":[{"href":"https:\/\/staging.aldeco.pt\/es\/wp-json\/wp\/v2\/product"}],"about":[{"href":"https:\/\/staging.aldeco.pt\/es\/wp-json\/wp\/v2\/types\/product"}],"version-history":[{"count":1,"href":"https:\/\/staging.aldeco.pt\/es\/wp-json\/wp\/v2\/product\/187327\/revisions"}],"predecessor-version":[{"id":193022,"href":"https:\/\/staging.aldeco.pt\/es\/wp-json\/wp\/v2\/product\/187327\/revisions\/193022"}],"wp:featuredmedia":[{"embeddable":true,"href":"https:\/\/staging.aldeco.pt\/es\/wp-json\/wp\/v2\/media\/157532"}],"wp:attachment":[{"href":"https:\/\/staging.aldeco.pt\/es\/wp-json\/wp\/v2\/media?parent=187327"}],"wp:term":[{"taxonomy":"product_brand","embeddable":true,"href":"https:\/\/staging.aldeco.pt\/es\/wp-json\/wp\/v2\/product_brand?post=187327"},{"taxonomy":"product_cat","embeddable":true,"href":"https:\/\/staging.aldeco.pt\/es\/wp-json\/wp\/v2\/product_cat?post=187327"},{"taxonomy":"product_tag","embeddable":true,"href":"https:\/\/staging.aldeco.pt\/es\/wp-json\/wp\/v2\/product_tag?post=187327"}],"curies":[{"name":"wp","href":"https:\/\/api.w.org\/{rel}","templated":true}]}}