{"id":187268,"date":"2024-05-09T22:47:16","date_gmt":"2024-05-09T22:47:16","guid":{"rendered":"https:\/\/aldeco.pt\/staging\/product\/tweedy\/"},"modified":"2024-08-29T14:41:06","modified_gmt":"2024-08-29T14:41:06","slug":"tweedy","status":"publish","type":"product","link":"https:\/\/staging.aldeco.pt\/es\/product\/tweedy\/","title":{"rendered":"TWEEDY"},"content":{"rendered":"<p>TWEEDY es un tejido 100% reciclado con un efecto muy estructurado, especialmente dise\u00f1ado para tapicer\u00eda y con una alta resistencia al martindale. Tiene un efecto melange en algunas de las combinaciones de colores y est\u00e1 disponible en 14 tonos de color refinados. Tiene un aspecto lujoso y un tacto suave a la vez que respeta el medio ambiente.<\/p>\n","protected":false},"excerpt":{"rendered":"<p>TWEEDY es un tejido 100% reciclado con un efecto muy estructurado, especialmente dise\u00f1ado para tapicer\u00eda y con una alta resistencia al martindale. Tiene un efecto melange en algunas de las combinaciones de colores y est\u00e1 disponible en 14 tonos de color refinados. Tiene un aspecto lujoso y un tacto suave a la vez que respeta el medio ambiente.<\/p>\n<h2>TWEEDY es un tejido 100% reciclado con un efecto muy estructurado, especialmente dise\u00f1ado para tapicer\u00eda y con una alta resistencia al martindale. Tiene un efecto melange en algunas de las combinaciones de colores y est\u00e1 disponible en 14 tonos de color refinados. Tiene un aspecto lujoso y un tacto suave a la vez que respeta el medio ambiente.<\/h2>\n<p><img fetchpriority=\"high\" decoding=\"async\" class=\"alignnone wp-image-189207 size-medium\" src=\"https:\/\/aldeco.pt\/staging\/wp-content\/uploads\/2024\/02\/T193060001-300x200.jpg\" alt=\"Tweedy - Aldeco\" width=\"300\" height=\"200\"><\/p>\n<p><a href=\"https:\/\/www.instagram.com\/aldeco_interiorfabrics\/\">https:\/\/www.instagram.com\/aldeco_interiorfabrics\/<\/a><\/p>\n<p><a href=\"https:\/\/aldeco.pt\/staging\/product\/tweedy\/?attribute_pa_aldeco-color=01-natural-white\">https:\/\/aldeco.pt\/staging\/product\/tweedy\/?attribute_pa_aldeco-color=01-natural-white<\/a><\/p>\n","protected":false},"featured_media":178044,"template":"","meta":[],"product_brand":[],"product_cat":[6154],"product_tag":[],"class_list":{"0":"post-187268","1":"product","2":"type-product","3":"status-publish","4":"has-post-thumbnail","6":"product_cat-aldeco-smarter-es","7":"pa_cleanability-8283","8":"pa_composition-ext-100-pl-es","9":"pa_interior-fabrics-1-es","10":"pa_line-telas","11":"pa_lithfastness-4-5-es","12":"pa_outdoor-0-es","13":"pa_range-liso-es","16":"first","17":"instock","18":"purchasable","19":"product-type-variable"},"acf":[],"_links":{"self":[{"href":"https:\/\/staging.aldeco.pt\/es\/wp-json\/wp\/v2\/product\/187268","targetHints":{"allow":["GET"]}}],"collection":[{"href":"https:\/\/staging.aldeco.pt\/es\/wp-json\/wp\/v2\/product"}],"about":[{"href":"https:\/\/staging.aldeco.pt\/es\/wp-json\/wp\/v2\/types\/product"}],"version-history":[{"count":1,"href":"https:\/\/staging.aldeco.pt\/es\/wp-json\/wp\/v2\/product\/187268\/revisions"}],"predecessor-version":[{"id":193020,"href":"https:\/\/staging.aldeco.pt\/es\/wp-json\/wp\/v2\/product\/187268\/revisions\/193020"}],"wp:featuredmedia":[{"embeddable":true,"href":"https:\/\/staging.aldeco.pt\/es\/wp-json\/wp\/v2\/media\/178044"}],"wp:attachment":[{"href":"https:\/\/staging.aldeco.pt\/es\/wp-json\/wp\/v2\/media?parent=187268"}],"wp:term":[{"taxonomy":"product_brand","embeddable":true,"href":"https:\/\/staging.aldeco.pt\/es\/wp-json\/wp\/v2\/product_brand?post=187268"},{"taxonomy":"product_cat","embeddable":true,"href":"https:\/\/staging.aldeco.pt\/es\/wp-json\/wp\/v2\/product_cat?post=187268"},{"taxonomy":"product_tag","embeddable":true,"href":"https:\/\/staging.aldeco.pt\/es\/wp-json\/wp\/v2\/product_tag?post=187268"}],"curies":[{"name":"wp","href":"https:\/\/api.w.org\/{rel}","templated":true}]}}