{"id":187235,"date":"2024-05-09T22:33:41","date_gmt":"2024-05-09T22:33:41","guid":{"rendered":"https:\/\/aldeco.pt\/staging\/product\/terrasse-in-outdoor\/"},"modified":"2024-10-01T09:55:52","modified_gmt":"2024-10-01T09:55:52","slug":"terrasse-in-outdoor","status":"publish","type":"product","link":"https:\/\/staging.aldeco.pt\/es\/product\/terrasse-in-outdoor\/","title":{"rendered":"TERRASSE IN\/OUTDOOR"},"content":{"rendered":"<p>Tela jacquard con motivo geom\u00e9trico inspirado en la deconstrucci\u00f3n de las vetas de madera de las construcciones t\u00edpicas de las terrazas de Comporta.<\/p>\n","protected":false},"excerpt":{"rendered":"<p>Tela jacquard con motivo geom\u00e9trico inspirado en la deconstrucci\u00f3n de las vetas de madera de las construcciones t\u00edpicas de las terrazas de Comporta.<\/p>\n<h2>Terrasse In\/Outdoor es una tela jacquard con motivo geom\u00e9trico inspirado en la deconstrucci\u00f3n de las vetas de madera de las construcciones t\u00edpicas de las terrazas de Comporta.<\/h2>\n<p><img fetchpriority=\"high\" decoding=\"async\" class=\"alignnone wp-image-189109 size-medium\" src=\"https:\/\/aldeco.pt\/staging\/wp-content\/uploads\/2024\/01\/T192170001-3-300x200.jpg\" alt=\"Terrasse In\/Outdoor - Aldeco\" width=\"300\" height=\"200\" \/><\/p>\n<p><a href=\"https:\/\/www.instagram.com\/aldeco_interiorfabrics\/\">https:\/\/www.instagram.com\/aldeco_interiorfabrics\/<\/a><\/p>\n<p><a href=\"https:\/\/aldeco.pt\/staging\/product\/terrasse-in-outdoor\/?attribute_pa_aldeco-color=01-white-linen\">https:\/\/aldeco.pt\/staging\/product\/terrasse-in-outdoor\/?attribute_pa_aldeco-color=01-white-linen<\/a><\/p>\n","protected":false},"featured_media":160712,"template":"","meta":[],"product_brand":[],"product_cat":[6146],"product_tag":[],"class_list":{"0":"post-187235","1":"product","2":"type-product","3":"status-publish","4":"has-post-thumbnail","6":"product_cat-aldeco-2-es","7":"pa_cleanability-8283","8":"pa_composition-ext-80-pp-20-pl-es","9":"pa_contract-fabrics-1-es","10":"pa_indoor-fabrics-1-es","11":"pa_interior-fabrics-1-es","12":"pa_line-telas","13":"pa_lithfastness-7-es","14":"pa_outdoor-exterior","15":"pa_range-jacquard-es","16":"pa_rapport-horizontal-4-5-es","17":"pa_rapport-vertical-9-es","18":"pa_special-treatments-fabrics-1-es","21":"first","22":"instock","23":"purchasable","24":"product-type-variable"},"acf":[],"_links":{"self":[{"href":"https:\/\/staging.aldeco.pt\/es\/wp-json\/wp\/v2\/product\/187235","targetHints":{"allow":["GET"]}}],"collection":[{"href":"https:\/\/staging.aldeco.pt\/es\/wp-json\/wp\/v2\/product"}],"about":[{"href":"https:\/\/staging.aldeco.pt\/es\/wp-json\/wp\/v2\/types\/product"}],"version-history":[{"count":2,"href":"https:\/\/staging.aldeco.pt\/es\/wp-json\/wp\/v2\/product\/187235\/revisions"}],"predecessor-version":[{"id":201106,"href":"https:\/\/staging.aldeco.pt\/es\/wp-json\/wp\/v2\/product\/187235\/revisions\/201106"}],"wp:featuredmedia":[{"embeddable":true,"href":"https:\/\/staging.aldeco.pt\/es\/wp-json\/wp\/v2\/media\/160712"}],"wp:attachment":[{"href":"https:\/\/staging.aldeco.pt\/es\/wp-json\/wp\/v2\/media?parent=187235"}],"wp:term":[{"taxonomy":"product_brand","embeddable":true,"href":"https:\/\/staging.aldeco.pt\/es\/wp-json\/wp\/v2\/product_brand?post=187235"},{"taxonomy":"product_cat","embeddable":true,"href":"https:\/\/staging.aldeco.pt\/es\/wp-json\/wp\/v2\/product_cat?post=187235"},{"taxonomy":"product_tag","embeddable":true,"href":"https:\/\/staging.aldeco.pt\/es\/wp-json\/wp\/v2\/product_tag?post=187235"}],"curies":[{"name":"wp","href":"https:\/\/api.w.org\/{rel}","templated":true}]}}