{"id":187132,"date":"2024-05-09T22:34:03","date_gmt":"2024-05-09T22:34:03","guid":{"rendered":"https:\/\/aldeco.pt\/staging\/product\/thara-teflon\/"},"modified":"2024-09-30T09:53:41","modified_gmt":"2024-09-30T09:53:41","slug":"thara-teflon","status":"publish","type":"product","link":"https:\/\/staging.aldeco.pt\/es\/product\/thara-teflon\/","title":{"rendered":"THARA + TEFLON"},"content":{"rendered":"<p>Es una tela de tapicer\u00eda con un acabado repelente al agua. Es una microfibra con un tacto muy suave y dulce, similar a la piel de melocot\u00f3n, que es simplemente irresistible. Disponible con acabado retardante al fuego, bajo petici\u00f3n. Est\u00e1 disponible en 47 colores.<\/p>\n","protected":false},"excerpt":{"rendered":"<p>Es una tela de tapicer\u00eda con un acabado repelente al agua. Es una microfibra con un tacto muy suave y dulce, similar a la piel de melocot\u00f3n, que es simplemente irresistible. Disponible con acabado retardante al fuego, bajo petici\u00f3n. Est\u00e1 disponible en 47 colores.<\/p>\n<h2>Thara + Teflon es una tela de tapicer\u00eda con un acabado repelente al agua. Es una microfibra con un tacto muy suave y dulce, similar a la piel de melocot\u00f3n, que es simplemente irresistible. Disponible con acabado retardante al fuego, bajo petici\u00f3n. Est\u00e1 disponible en 47 colores.<\/h2>\n<p><img fetchpriority=\"high\" decoding=\"async\" class=\"alignnone size-medium wp-image-189115\" src=\"https:\/\/aldeco.pt\/staging\/wp-content\/uploads\/2024\/03\/T017690001-300x280.jpg\" alt=\"\" width=\"300\" height=\"280\" \/><\/p>\n<p><a href=\"https:\/\/www.instagram.com\/aldeco_interiorfabrics\/\">https:\/\/www.instagram.com\/aldeco_interiorfabrics\/<\/a><\/p>\n<p><a href=\"https:\/\/aldeco.pt\/staging\/product\/thara-teflon\/?attribute_pa_aldeco-color=01-white\">https:\/\/aldeco.pt\/staging\/product\/thara-teflon\/?attribute_pa_aldeco-color=01-white<\/a><\/p>\n","protected":false},"featured_media":172193,"template":"","meta":[],"product_brand":[],"product_cat":[6146],"product_tag":[],"class_list":{"0":"post-187132","1":"product","2":"type-product","3":"status-publish","4":"has-post-thumbnail","6":"product_cat-aldeco-2-es","7":"pa_cleanability-8283","8":"pa_composition-ext-100-pl-es","9":"pa_interior-fabrics-1-es","10":"pa_line-telas","11":"pa_lithfastness-4-es","12":"pa_outdoor-0-es","13":"pa_range-liso-es","16":"first","17":"instock","18":"purchasable","19":"product-type-variable"},"acf":[],"_links":{"self":[{"href":"https:\/\/staging.aldeco.pt\/es\/wp-json\/wp\/v2\/product\/187132","targetHints":{"allow":["GET"]}}],"collection":[{"href":"https:\/\/staging.aldeco.pt\/es\/wp-json\/wp\/v2\/product"}],"about":[{"href":"https:\/\/staging.aldeco.pt\/es\/wp-json\/wp\/v2\/types\/product"}],"version-history":[{"count":2,"href":"https:\/\/staging.aldeco.pt\/es\/wp-json\/wp\/v2\/product\/187132\/revisions"}],"predecessor-version":[{"id":200939,"href":"https:\/\/staging.aldeco.pt\/es\/wp-json\/wp\/v2\/product\/187132\/revisions\/200939"}],"wp:featuredmedia":[{"embeddable":true,"href":"https:\/\/staging.aldeco.pt\/es\/wp-json\/wp\/v2\/media\/172193"}],"wp:attachment":[{"href":"https:\/\/staging.aldeco.pt\/es\/wp-json\/wp\/v2\/media?parent=187132"}],"wp:term":[{"taxonomy":"product_brand","embeddable":true,"href":"https:\/\/staging.aldeco.pt\/es\/wp-json\/wp\/v2\/product_brand?post=187132"},{"taxonomy":"product_cat","embeddable":true,"href":"https:\/\/staging.aldeco.pt\/es\/wp-json\/wp\/v2\/product_cat?post=187132"},{"taxonomy":"product_tag","embeddable":true,"href":"https:\/\/staging.aldeco.pt\/es\/wp-json\/wp\/v2\/product_tag?post=187132"}],"curies":[{"name":"wp","href":"https:\/\/api.w.org\/{rel}","templated":true}]}}