{"id":187131,"date":"2024-05-09T22:45:25","date_gmt":"2024-05-09T22:45:25","guid":{"rendered":"https:\/\/aldeco.pt\/staging\/product\/tulu-fr-teflon\/"},"modified":"2024-10-10T09:02:55","modified_gmt":"2024-10-10T09:02:55","slug":"tulu-fr-teflon","status":"publish","type":"product","link":"https:\/\/staging.aldeco.pt\/es\/product\/tulu-fr-teflon\/","title":{"rendered":"TULU FR + TEFLON"},"content":{"rendered":"<p>Es una tela de tapicer\u00eda con un aspecto mixto, muy natural. Esta tela est\u00e1 disponible con un acabado repelente al agua (TEFLON) y est\u00e1 certificada como retardante al fuego para su uso en todos sus proyectos. Esta tela es muy resistente a la abrasi\u00f3n y est\u00e1 disponible en 33 tonos.<\/p>\n","protected":false},"excerpt":{"rendered":"<p>Es una tela de tapicer\u00eda con un aspecto mixto, muy natural. Esta tela est\u00e1 disponible con un acabado repelente al agua (TEFLON) y est\u00e1 certificada como retardante al fuego para su uso en todos sus proyectos. Esta tela es muy resistente a la abrasi\u00f3n y est\u00e1 disponible en 33 tonos.<\/p>\n<h2>Tulu FR + Teflon es una tela de tapicer\u00eda con un aspecto mixto, muy natural. Esta tela est\u00e1 disponible con un acabado repelente al agua (TEFLON) y est\u00e1 certificada como retardante al fuego para su uso en todos sus proyectos. Esta tela es muy resistente a la abrasi\u00f3n y est\u00e1 disponible en 33 tonos.<\/h2>\n<p><img fetchpriority=\"high\" decoding=\"async\" class=\"alignnone wp-image-80841 size-medium\" src=\"https:\/\/aldeco.pt\/staging\/wp-content\/uploads\/2024\/01\/T017580004-1-300x280.jpg\" alt=\"Tulu FR + Teflon - Aldeco\" width=\"300\" height=\"280\" \/><\/p>\n<p><a href=\"https:\/\/www.instagram.com\/aldeco_interiorfabrics\/\">https:\/\/www.instagram.com\/aldeco_interiorfabrics\/<\/a><\/p>\n<p><a href=\"https:\/\/aldeco.pt\/staging\/product\/tulu-fr-teflon\/?attribute_pa_aldeco-color=02-prairie-sunset\">https:\/\/aldeco.pt\/staging\/product\/tulu-fr-teflon\/?attribute_pa_aldeco-color=02-prairie-sunset<\/a><\/p>\n","protected":false},"featured_media":166720,"template":"","meta":[],"product_brand":[],"product_cat":[6146],"product_tag":[],"class_list":{"0":"post-187131","1":"product","2":"type-product","3":"status-publish","4":"has-post-thumbnail","6":"product_cat-aldeco-2-es","7":"pa_cleanability-8283","8":"pa_composition-ext-53-70-ac-46-30-pl-es","9":"pa_contract-fabrics-1-es","10":"pa_interior-fabrics-1-es","11":"pa_line-telas","12":"pa_lithfastness-3-4-es","13":"pa_outdoor-0-es","14":"pa_range-liso-es","15":"pa_range-panama-es","16":"pa_special-treatments-fabrics-1-es","19":"first","20":"instock","21":"purchasable","22":"product-type-variable"},"acf":[],"_links":{"self":[{"href":"https:\/\/staging.aldeco.pt\/es\/wp-json\/wp\/v2\/product\/187131","targetHints":{"allow":["GET"]}}],"collection":[{"href":"https:\/\/staging.aldeco.pt\/es\/wp-json\/wp\/v2\/product"}],"about":[{"href":"https:\/\/staging.aldeco.pt\/es\/wp-json\/wp\/v2\/types\/product"}],"version-history":[{"count":2,"href":"https:\/\/staging.aldeco.pt\/es\/wp-json\/wp\/v2\/product\/187131\/revisions"}],"predecessor-version":[{"id":204817,"href":"https:\/\/staging.aldeco.pt\/es\/wp-json\/wp\/v2\/product\/187131\/revisions\/204817"}],"wp:featuredmedia":[{"embeddable":true,"href":"https:\/\/staging.aldeco.pt\/es\/wp-json\/wp\/v2\/media\/166720"}],"wp:attachment":[{"href":"https:\/\/staging.aldeco.pt\/es\/wp-json\/wp\/v2\/media?parent=187131"}],"wp:term":[{"taxonomy":"product_brand","embeddable":true,"href":"https:\/\/staging.aldeco.pt\/es\/wp-json\/wp\/v2\/product_brand?post=187131"},{"taxonomy":"product_cat","embeddable":true,"href":"https:\/\/staging.aldeco.pt\/es\/wp-json\/wp\/v2\/product_cat?post=187131"},{"taxonomy":"product_tag","embeddable":true,"href":"https:\/\/staging.aldeco.pt\/es\/wp-json\/wp\/v2\/product_tag?post=187131"}],"curies":[{"name":"wp","href":"https:\/\/api.w.org\/{rel}","templated":true}]}}