{"id":187102,"date":"2024-05-24T14:38:33","date_gmt":"2024-05-24T14:38:33","guid":{"rendered":"https:\/\/aldeco.pt\/staging\/product\/sucesso-sucesso-fr\/"},"modified":"2025-03-11T16:09:07","modified_gmt":"2025-03-11T16:09:07","slug":"sucesso-sucesso-fr","status":"publish","type":"product","link":"https:\/\/staging.aldeco.pt\/es\/product\/sucesso-sucesso-fr\/","title":{"rendered":"SUCESSO"},"content":{"rendered":"<p>Sucesso en portugu\u00e9s significa \u00c9xito y es la respuesta a las plegarias de los interioristas m\u00e1s exigentes: Este terciopelo es la simbiosis perfecta entre la mayor suavidad que un terciopelo puede brindar y la mayor resistencia martindale con m\u00e1s de 100.000 ciclos; sin embargo, la caracter\u00edstica m\u00e1s notable de este terciopelo es su ancho: \u00a1300 cm! Por lo tanto, \u201cSucesso\u201d, que est\u00e1 disponible en 28 colores, tambi\u00e9n es perfecto para cortinas y decoraciones, o simplemente aproveche al m\u00e1ximo el ancho de este incre\u00edble terciopelo para tapicer\u00eda resistente.<\/p>\n","protected":false},"excerpt":{"rendered":"<p>Sucesso en portugu\u00e9s significa \u00c9xito y es la respuesta a las plegarias de los interioristas m\u00e1s exigentes: Este terciopelo es la simbiosis perfecta entre la mayor suavidad que un terciopelo puede brindar y la mayor resistencia martindale con m\u00e1s de 100.000 ciclos; sin embargo, la caracter\u00edstica m\u00e1s notable de este terciopelo es su ancho: \u00a1300 cm! Por lo tanto, \u201cSucesso\u201d, que est\u00e1 disponible en 28 colores, tambi\u00e9n es perfecto para cortinas y decoraciones, o simplemente aproveche al m\u00e1ximo el ancho de este incre\u00edble terciopelo para tapicer\u00eda resistente.<\/p>\n<h2>Sucesso en portugu\u00e9s significa \u00c9xito y es la respuesta a las plegarias de los interioristas m\u00e1s exigentes: Este terciopelo es la simbiosis perfecta entre la mayor suavidad que un terciopelo puede brindar y la mayor resistencia martindale con m\u00e1s de 100.000 ciclos; sin embargo, la caracter\u00edstica m\u00e1s notable de este terciopelo es su ancho: \u00a1300 cm! Por lo tanto, \u201cSucesso\u201d, que est\u00e1 disponible en 28 colores, tambi\u00e9n es perfecto para cortinas y decoraciones, o simplemente aproveche al m\u00e1ximo el ancho de este incre\u00edble terciopelo para tapicer\u00eda resistente.<\/h2>\n<p><img fetchpriority=\"high\" decoding=\"async\" class=\"alignnone wp-image-162078 size-medium\" src=\"https:\/\/aldeco.pt\/staging\/wp-content\/uploads\/2024\/05\/T190160026-2-300x200.jpg\" alt=\"Sucesso - Aldeco\" width=\"300\" height=\"200\"><\/p>\n<p><a href=\"https:\/\/www.instagram.com\/aldeco_interiorfabrics\/\">https:\/\/www.instagram.com\/aldeco_interiorfabrics\/<\/a><\/p>\n<p><a href=\"https:\/\/aldeco.pt\/staging\/product\/sucesso\/?attribute_pa_aldeco-color=01-antracite\">https:\/\/aldeco.pt\/staging\/product\/sucesso\/?attribute_pa_aldeco-color=01-antracite<\/a><\/p>\n","protected":false},"featured_media":162028,"template":"","meta":[],"product_brand":[],"product_cat":[6146],"product_tag":[],"class_list":{"0":"post-187102","1":"product","2":"type-product","3":"status-publish","4":"has-post-thumbnail","6":"product_cat-aldeco-2-es","7":"pa_cleanability-8283","8":"pa_composition-ext-100-pl-es","9":"pa_interior-fabrics-1-es","10":"pa_line-telas","11":"pa_lithfastness-5-es","12":"pa_range-terciopelo","15":"first","16":"instock","17":"shipping-taxable","18":"purchasable","19":"product-type-variable"},"acf":[],"_links":{"self":[{"href":"https:\/\/staging.aldeco.pt\/es\/wp-json\/wp\/v2\/product\/187102","targetHints":{"allow":["GET"]}}],"collection":[{"href":"https:\/\/staging.aldeco.pt\/es\/wp-json\/wp\/v2\/product"}],"about":[{"href":"https:\/\/staging.aldeco.pt\/es\/wp-json\/wp\/v2\/types\/product"}],"version-history":[{"count":2,"href":"https:\/\/staging.aldeco.pt\/es\/wp-json\/wp\/v2\/product\/187102\/revisions"}],"predecessor-version":[{"id":218681,"href":"https:\/\/staging.aldeco.pt\/es\/wp-json\/wp\/v2\/product\/187102\/revisions\/218681"}],"wp:featuredmedia":[{"embeddable":true,"href":"https:\/\/staging.aldeco.pt\/es\/wp-json\/wp\/v2\/media\/162028"}],"wp:attachment":[{"href":"https:\/\/staging.aldeco.pt\/es\/wp-json\/wp\/v2\/media?parent=187102"}],"wp:term":[{"taxonomy":"product_brand","embeddable":true,"href":"https:\/\/staging.aldeco.pt\/es\/wp-json\/wp\/v2\/product_brand?post=187102"},{"taxonomy":"product_cat","embeddable":true,"href":"https:\/\/staging.aldeco.pt\/es\/wp-json\/wp\/v2\/product_cat?post=187102"},{"taxonomy":"product_tag","embeddable":true,"href":"https:\/\/staging.aldeco.pt\/es\/wp-json\/wp\/v2\/product_tag?post=187102"}],"curies":[{"name":"wp","href":"https:\/\/api.w.org\/{rel}","templated":true}]}}