{"id":187088,"date":"2024-05-27T14:29:43","date_gmt":"2024-05-27T14:29:43","guid":{"rendered":"https:\/\/aldeco.pt\/staging\/product\/sucesso-fr-crib-5\/"},"modified":"2024-08-29T14:40:37","modified_gmt":"2024-08-29T14:40:37","slug":"sucesso-fr-crib-5","status":"publish","type":"product","link":"https:\/\/staging.aldeco.pt\/es\/product\/sucesso-fr-crib-5\/","title":{"rendered":"SUCESSO FR CRIB 5"},"content":{"rendered":"<p>Sucesso en portugu\u00e9s significa \u00c9xito y es la respuesta a las oraciones de los interioristas m\u00e1s exigentes: este terciopelo es la simbiosis perfecta entre la mayor suavidad que un terciopelo puede proporcionar y la mayor resistencia Martindale con m\u00e1s de 100.000 ciclos; Este terciopelo CRIB 5 tiene 140 cm de ancho y es un sorprendente terciopelo para tapizados resistentes para los proyectos contract m\u00e1s exigentes.<\/p>\n","protected":false},"excerpt":{"rendered":"<p>Sucesso en portugu\u00e9s significa \u00c9xito y es la respuesta a las oraciones de los interioristas m\u00e1s exigentes: este terciopelo es la simbiosis perfecta entre la mayor suavidad que un terciopelo puede proporcionar y la mayor resistencia Martindale con m\u00e1s de 100.000 ciclos; Este terciopelo CRIB 5 tiene 140 cm de ancho y es un sorprendente terciopelo para tapizados resistentes para los proyectos contract m\u00e1s exigentes.<\/p>\n<h2>Sucesso FR Crib 5 Sucesso en portugu\u00e9s significa \u00c9xito y es la respuesta a las oraciones de los interioristas m\u00e1s exigentes: este terciopelo es la simbiosis perfecta entre la mayor suavidad que un terciopelo puede proporcionar y la mayor resistencia Martindale con m\u00e1s de 100.000 ciclos; Este terciopelo CRIB 5 tiene 140 cm de ancho y es un sorprendente terciopelo para tapizados resistentes para los proyectos contract m\u00e1s exigentes.<\/h2>\n<p><img fetchpriority=\"high\" decoding=\"async\" class=\"alignnone wp-image-176609 size-medium\" src=\"https:\/\/aldeco.pt\/staging\/wp-content\/uploads\/2024\/01\/T191550002-7-300x200.jpg\" alt=\"Sucesso FR Crib 5 - Aldeco\" width=\"300\" height=\"200\"><\/p>\n<p><a href=\"https:\/\/www.instagram.com\/aldeco_interiorfabrics\/\">https:\/\/www.instagram.com\/aldeco_interiorfabrics\/<\/a><\/p>\n<p><a href=\"https:\/\/aldeco.pt\/staging\/product\/sucesso-fr-crib-5\/?attribute_pa_aldeco-color=06-cream\">https:\/\/aldeco.pt\/staging\/product\/sucesso-fr-crib-5\/?attribute_pa_aldeco-color=06-cream<\/a><\/p>\n","protected":false},"featured_media":162137,"template":"","meta":[],"product_brand":[],"product_cat":[6146,6154,6152],"product_tag":[],"class_list":{"0":"post-187088","1":"product","2":"type-product","3":"status-publish","4":"has-post-thumbnail","6":"product_cat-aldeco-2-es","7":"product_cat-aldeco-smarter-es","8":"product_cat-contract-es","9":"pa_cleanability-8283","10":"pa_composition-ext-100-pl-fr-es","11":"pa_contract-fabrics-1-es","12":"pa_interior-fabrics-1-es","13":"pa_line-telas","14":"pa_lithfastness-5-es","15":"pa_range-terciopelo","16":"pa_special-treatments-fabrics-1-es","19":"first","20":"instock","21":"shipping-taxable","22":"purchasable","23":"product-type-variable"},"acf":[],"_links":{"self":[{"href":"https:\/\/staging.aldeco.pt\/es\/wp-json\/wp\/v2\/product\/187088","targetHints":{"allow":["GET"]}}],"collection":[{"href":"https:\/\/staging.aldeco.pt\/es\/wp-json\/wp\/v2\/product"}],"about":[{"href":"https:\/\/staging.aldeco.pt\/es\/wp-json\/wp\/v2\/types\/product"}],"version-history":[{"count":1,"href":"https:\/\/staging.aldeco.pt\/es\/wp-json\/wp\/v2\/product\/187088\/revisions"}],"predecessor-version":[{"id":192984,"href":"https:\/\/staging.aldeco.pt\/es\/wp-json\/wp\/v2\/product\/187088\/revisions\/192984"}],"wp:featuredmedia":[{"embeddable":true,"href":"https:\/\/staging.aldeco.pt\/es\/wp-json\/wp\/v2\/media\/162137"}],"wp:attachment":[{"href":"https:\/\/staging.aldeco.pt\/es\/wp-json\/wp\/v2\/media?parent=187088"}],"wp:term":[{"taxonomy":"product_brand","embeddable":true,"href":"https:\/\/staging.aldeco.pt\/es\/wp-json\/wp\/v2\/product_brand?post=187088"},{"taxonomy":"product_cat","embeddable":true,"href":"https:\/\/staging.aldeco.pt\/es\/wp-json\/wp\/v2\/product_cat?post=187088"},{"taxonomy":"product_tag","embeddable":true,"href":"https:\/\/staging.aldeco.pt\/es\/wp-json\/wp\/v2\/product_tag?post=187088"}],"curies":[{"name":"wp","href":"https:\/\/api.w.org\/{rel}","templated":true}]}}