{"id":187062,"date":"2024-05-28T15:02:37","date_gmt":"2024-05-28T15:02:37","guid":{"rendered":"https:\/\/aldeco.pt\/staging\/product\/wooly-fr-crib-5\/"},"modified":"2024-09-30T10:51:20","modified_gmt":"2024-09-30T10:51:20","slug":"wooly-fr-crib-5","status":"publish","type":"product","link":"https:\/\/staging.aldeco.pt\/es\/product\/wooly-fr-crib-5\/","title":{"rendered":"WOOLY FR CRIB 5"},"content":{"rendered":"<p>Es un tejido de tapicer\u00eda desarrollado especialmente para uso contract, con alta resistencia a la abrasi\u00f3n y que cumple con diversas normas ign\u00edfugas, incluida la exigente norma inglesa CRIB 5 Esta tela b\u00e1sica tiene un aspecto muy natural y suave, ideal para tus proyectos. Est\u00e1 disponible en 20 colores.<\/p>\n","protected":false},"excerpt":{"rendered":"<p>Es un tejido de tapicer\u00eda desarrollado especialmente para uso contract, con alta resistencia a la abrasi\u00f3n y que cumple con diversas normas ign\u00edfugas, incluida la exigente norma inglesa CRIB 5 Esta tela b\u00e1sica tiene un aspecto muy natural y suave, ideal para tus proyectos. Est\u00e1 disponible en 20 colores.<\/p>\n<h2>Wooly Fr Crib 5 es un tejido de tapicer\u00eda desarrollado especialmente para uso contract, con alta resistencia a la abrasi\u00f3n y que cumple con diversas normas ign\u00edfugas, incluida la exigente norma inglesa CRIB 5 Esta tela b\u00e1sica tiene un aspecto muy natural y suave, ideal para tus proyectos. Est\u00e1 disponible en 20 colores.<\/h2>\n<p><img fetchpriority=\"high\" decoding=\"async\" class=\"alignnone wp-image-162232 size-medium\" src=\"https:\/\/aldeco.pt\/staging\/wp-content\/uploads\/2024\/05\/T191550504-300x225.jpg\" alt=\"Wooly Fr Crib 5 - Aldeco\" width=\"300\" height=\"225\" \/><\/p>\n<p><a href=\"https:\/\/www.instagram.com\/aldeco_interiorfabrics\/\">https:\/\/www.instagram.com\/aldeco_interiorfabrics\/<\/a><a href=\"https:\/\/aldeco.pt\/staging\/product\/wooly-fr-crib-5\/?attribute_pa_aldeco-color=04-sand\">https:\/\/aldeco.pt\/staging\/product\/wooly-fr-crib-5\/?attribute_pa_aldeco-color=04-sand<\/a><\/p>\n","protected":false},"featured_media":162194,"template":"","meta":[],"product_brand":[],"product_cat":[6146,6152],"product_tag":[],"class_list":{"0":"post-187062","1":"product","2":"type-product","3":"status-publish","4":"has-post-thumbnail","6":"product_cat-aldeco-2-es","7":"product_cat-contract-es","8":"pa_cleanability-8283","9":"pa_composition-ext-100-pl-fr-es","10":"pa_contract-fabrics-1-es","11":"pa_interior-fabrics-1-es","12":"pa_line-telas","13":"pa_lithfastness-5-es","14":"pa_range-liso-es","15":"pa_special-treatments-fabrics-1-es","18":"first","19":"instock","20":"shipping-taxable","21":"purchasable","22":"product-type-variable"},"acf":[],"_links":{"self":[{"href":"https:\/\/staging.aldeco.pt\/es\/wp-json\/wp\/v2\/product\/187062","targetHints":{"allow":["GET"]}}],"collection":[{"href":"https:\/\/staging.aldeco.pt\/es\/wp-json\/wp\/v2\/product"}],"about":[{"href":"https:\/\/staging.aldeco.pt\/es\/wp-json\/wp\/v2\/types\/product"}],"version-history":[{"count":3,"href":"https:\/\/staging.aldeco.pt\/es\/wp-json\/wp\/v2\/product\/187062\/revisions"}],"predecessor-version":[{"id":200952,"href":"https:\/\/staging.aldeco.pt\/es\/wp-json\/wp\/v2\/product\/187062\/revisions\/200952"}],"wp:featuredmedia":[{"embeddable":true,"href":"https:\/\/staging.aldeco.pt\/es\/wp-json\/wp\/v2\/media\/162194"}],"wp:attachment":[{"href":"https:\/\/staging.aldeco.pt\/es\/wp-json\/wp\/v2\/media?parent=187062"}],"wp:term":[{"taxonomy":"product_brand","embeddable":true,"href":"https:\/\/staging.aldeco.pt\/es\/wp-json\/wp\/v2\/product_brand?post=187062"},{"taxonomy":"product_cat","embeddable":true,"href":"https:\/\/staging.aldeco.pt\/es\/wp-json\/wp\/v2\/product_cat?post=187062"},{"taxonomy":"product_tag","embeddable":true,"href":"https:\/\/staging.aldeco.pt\/es\/wp-json\/wp\/v2\/product_tag?post=187062"}],"curies":[{"name":"wp","href":"https:\/\/api.w.org\/{rel}","templated":true}]}}