{"id":187050,"date":"2024-05-24T11:44:45","date_gmt":"2024-05-24T11:44:45","guid":{"rendered":"https:\/\/aldeco.pt\/staging\/product\/roots-fr-crib-5\/"},"modified":"2024-09-27T15:50:10","modified_gmt":"2024-09-27T15:50:10","slug":"roots-fr-crib-5","status":"publish","type":"product","link":"https:\/\/staging.aldeco.pt\/es\/product\/roots-fr-crib-5\/","title":{"rendered":"ROOTS FR CRIB 5"},"content":{"rendered":"<p>Es un tejido para tapicer\u00eda desarrollado especialmente para uso contract, con alta resistencia a la abrasi\u00f3n y que cumple con varios est\u00e1ndares ign\u00edfugos. Tiene un aspecto texturizado y de lino muy natural, imprescindible para sus proyectos.<\/p>\n","protected":false},"excerpt":{"rendered":"<p>Es un tejido para tapicer\u00eda desarrollado especialmente para uso contract, con alta resistencia a la abrasi\u00f3n y que cumple con varios est\u00e1ndares ign\u00edfugos. Tiene un aspecto texturizado y de lino muy natural, imprescindible para sus proyectos.<\/p>\n<h2>Roots FR Crib 5 es un tejido para tapicer\u00eda desarrollado especialmente para uso contract, con alta resistencia a la abrasi\u00f3n y que cumple con varios est\u00e1ndares ign\u00edfugos. Tiene un aspecto texturizado y de lino muy natural, imprescindible para sus proyectos.<\/h2>\n<p><img fetchpriority=\"high\" decoding=\"async\" class=\"alignnone wp-image-188726 size-medium\" src=\"https:\/\/aldeco.pt\/staging\/wp-content\/uploads\/2024\/05\/T191550701-1-300x225.jpg\" alt=\"Roots FR Crib 5 - Aldeco\" width=\"300\" height=\"225\" \/><\/p>\n<p><a href=\"https:\/\/www.instagram.com\/aldeco_interiorfabrics\/\">https:\/\/www.instagram.com\/aldeco_interiorfabrics\/<\/a><\/p>\n<p><a href=\"https:\/\/aldeco.pt\/staging\/product\/roots-fr-crib-5\/?attribute_pa_aldeco-color=01-pearl-white\">https:\/\/aldeco.pt\/staging\/product\/roots-fr-crib-5\/?attribute_pa_aldeco-color=01-pearl-white<\/a><\/p>\n","protected":false},"featured_media":161820,"template":"","meta":[],"product_brand":[],"product_cat":[6146,6152],"product_tag":[],"class_list":{"0":"post-187050","1":"product","2":"type-product","3":"status-publish","4":"has-post-thumbnail","6":"product_cat-aldeco-2-es","7":"product_cat-contract-es","8":"pa_cleanability-8283","9":"pa_composition-ext-100-pl-fr-es","10":"pa_contract-fabrics-1-es","11":"pa_interior-fabrics-1-es","12":"pa_line-telas","13":"pa_lithfastness-9681","14":"pa_range-liso-es","15":"pa_special-treatments-fabrics-1-es","18":"first","19":"instock","20":"shipping-taxable","21":"purchasable","22":"product-type-variable"},"acf":[],"_links":{"self":[{"href":"https:\/\/staging.aldeco.pt\/es\/wp-json\/wp\/v2\/product\/187050","targetHints":{"allow":["GET"]}}],"collection":[{"href":"https:\/\/staging.aldeco.pt\/es\/wp-json\/wp\/v2\/product"}],"about":[{"href":"https:\/\/staging.aldeco.pt\/es\/wp-json\/wp\/v2\/types\/product"}],"version-history":[{"count":2,"href":"https:\/\/staging.aldeco.pt\/es\/wp-json\/wp\/v2\/product\/187050\/revisions"}],"predecessor-version":[{"id":200872,"href":"https:\/\/staging.aldeco.pt\/es\/wp-json\/wp\/v2\/product\/187050\/revisions\/200872"}],"wp:featuredmedia":[{"embeddable":true,"href":"https:\/\/staging.aldeco.pt\/es\/wp-json\/wp\/v2\/media\/161820"}],"wp:attachment":[{"href":"https:\/\/staging.aldeco.pt\/es\/wp-json\/wp\/v2\/media?parent=187050"}],"wp:term":[{"taxonomy":"product_brand","embeddable":true,"href":"https:\/\/staging.aldeco.pt\/es\/wp-json\/wp\/v2\/product_brand?post=187050"},{"taxonomy":"product_cat","embeddable":true,"href":"https:\/\/staging.aldeco.pt\/es\/wp-json\/wp\/v2\/product_cat?post=187050"},{"taxonomy":"product_tag","embeddable":true,"href":"https:\/\/staging.aldeco.pt\/es\/wp-json\/wp\/v2\/product_tag?post=187050"}],"curies":[{"name":"wp","href":"https:\/\/api.w.org\/{rel}","templated":true}]}}