{"id":187035,"date":"2024-05-09T22:58:58","date_gmt":"2024-05-09T22:58:58","guid":{"rendered":"https:\/\/aldeco.pt\/staging\/product\/waves-fr\/"},"modified":"2024-09-19T16:37:26","modified_gmt":"2024-09-19T16:37:26","slug":"waves-fr","status":"publish","type":"product","link":"https:\/\/staging.aldeco.pt\/es\/product\/waves-fr\/","title":{"rendered":"WAVES FR"},"content":{"rendered":"<p>Waves FR es una tela con un patr\u00f3n de zig-zag muy din\u00e1mico. Esta tela es retardante de fuego y adecuada para tapicer\u00eda. Est\u00e1 disponible en 6 bonitas colores.<\/p>\n","protected":false},"excerpt":{"rendered":"<p>Waves FR es una tela con un patr\u00f3n de zig-zag muy din\u00e1mico. Esta tela es retardante de fuego y adecuada para tapicer\u00eda. Est\u00e1 disponible en 6 bonitas colores.<\/p>\n<h2>Waves FR es una tela con un patr\u00f3n de zig-zag muy din\u00e1mico. Esta tela es retardante de fuego y adecuada para tapicer\u00eda. Est\u00e1 disponible en 6 bonitas colores.<\/h2>\n<p><img fetchpriority=\"high\" decoding=\"async\" class=\"alignnone wp-image-189321 size-medium\" src=\"https:\/\/aldeco.pt\/staging\/wp-content\/uploads\/2024\/03\/T190060001-300x240.jpg\" alt=\"Waves FR - Aldeco\" width=\"300\" height=\"240\" \/><\/p>\n<p><a href=\"https:\/\/www.instagram.com\/aldeco_interiorfabrics\/\">https:\/\/www.instagram.com\/aldeco_interiorfabrics\/<\/a><\/p>\n<p><a href=\"https:\/\/aldeco.pt\/staging\/product\/waves-fr\/?attribute_pa_aldeco-color=01-naturals\">https:\/\/aldeco.pt\/staging\/product\/waves-fr\/?attribute_pa_aldeco-color=01-naturals<\/a><\/p>\n","protected":false},"featured_media":157665,"template":"","meta":[],"product_brand":[],"product_cat":[6154],"product_tag":[],"class_list":{"0":"post-187035","1":"product","2":"type-product","3":"status-publish","4":"has-post-thumbnail","6":"product_cat-aldeco-smarter-es","7":"pa_cleanability-8283","8":"pa_composition-ext-49-co-25-pl-18-vi-9-li-es","9":"pa_contract-fabrics-1-es","10":"pa_interior-fabrics-1-es","11":"pa_line-telas","12":"pa_lithfastness-4-es","13":"pa_outdoor-0-es","14":"pa_range-coated-es","15":"pa_range-jacquard-es","16":"pa_rapport-horizontal-2-es","17":"pa_rapport-vertical-1-es","18":"pa_special-treatments-fabrics-1-es","21":"first","22":"instock","23":"purchasable","24":"product-type-variable"},"acf":[],"_links":{"self":[{"href":"https:\/\/staging.aldeco.pt\/es\/wp-json\/wp\/v2\/product\/187035","targetHints":{"allow":["GET"]}}],"collection":[{"href":"https:\/\/staging.aldeco.pt\/es\/wp-json\/wp\/v2\/product"}],"about":[{"href":"https:\/\/staging.aldeco.pt\/es\/wp-json\/wp\/v2\/types\/product"}],"version-history":[{"count":4,"href":"https:\/\/staging.aldeco.pt\/es\/wp-json\/wp\/v2\/product\/187035\/revisions"}],"predecessor-version":[{"id":200694,"href":"https:\/\/staging.aldeco.pt\/es\/wp-json\/wp\/v2\/product\/187035\/revisions\/200694"}],"wp:featuredmedia":[{"embeddable":true,"href":"https:\/\/staging.aldeco.pt\/es\/wp-json\/wp\/v2\/media\/157665"}],"wp:attachment":[{"href":"https:\/\/staging.aldeco.pt\/es\/wp-json\/wp\/v2\/media?parent=187035"}],"wp:term":[{"taxonomy":"product_brand","embeddable":true,"href":"https:\/\/staging.aldeco.pt\/es\/wp-json\/wp\/v2\/product_brand?post=187035"},{"taxonomy":"product_cat","embeddable":true,"href":"https:\/\/staging.aldeco.pt\/es\/wp-json\/wp\/v2\/product_cat?post=187035"},{"taxonomy":"product_tag","embeddable":true,"href":"https:\/\/staging.aldeco.pt\/es\/wp-json\/wp\/v2\/product_tag?post=187035"}],"curies":[{"name":"wp","href":"https:\/\/api.w.org\/{rel}","templated":true}]}}