{"id":187022,"date":"2024-05-09T23:04:28","date_gmt":"2024-05-09T23:04:28","guid":{"rendered":"https:\/\/aldeco.pt\/staging\/product\/zeus\/"},"modified":"2024-09-27T16:31:35","modified_gmt":"2024-09-27T16:31:35","slug":"zeus","status":"publish","type":"product","link":"https:\/\/staging.aldeco.pt\/es\/product\/zeus\/","title":{"rendered":"ZEUS"},"content":{"rendered":"<p>Zeus, tambi\u00e9n conocido como Cebra Imperial, es un Gr\u00e9vy que fue descubierto en \u00c1frica Occidental.<br \/>\nZeus es la estrella del hist\u00f3rico carrusel y museo en Albany y fue adoptado por Char Walters, cuyo dicho favorito era: &#8220;Si escuchas cascos, espera caballos, no cebras&#8221;. Char llam\u00f3 a su nueva cebra &#8220;Zeus&#8221; porque su cabeza sostenida con orgullo la hace majestuosa.<br \/>\nZorba es el mono juguet\u00f3n que cuelga de una enredadera que Zeus tiene en la boca.<br \/>\nLa naturaleza es la protagonista de este tejido bordado, donde lo imponente se encuentra con lo bello y donde los animales juegan de forma on\u00edrica, como si fueran parte de un carrusel, bailando y celebrando la naturaleza.<br \/>\nZeus Embroidery combina varias t\u00e9cnicas de bordado presentes en cada uno de sus elementos, aportando un aspecto \u00fanico y rico a este raso, como si se tratara de un carrusel.<\/p>\n","protected":false},"excerpt":{"rendered":"<p>Zeus, tambi\u00e9n conocido como Cebra Imperial, es un Gr\u00e9vy que fue descubierto en \u00c1frica Occidental.<br \/>\nZeus es la estrella del hist\u00f3rico carrusel y museo en Albany y fue adoptado por Char Walters, cuyo dicho favorito era: &#8220;Si escuchas cascos, espera caballos, no cebras&#8221;. Char llam\u00f3 a su nueva cebra &#8220;Zeus&#8221; porque su cabeza sostenida con orgullo la hace majestuosa.<br \/>\nZorba es el mono juguet\u00f3n que cuelga de una enredadera que Zeus tiene en la boca.<br \/>\nLa naturaleza es la protagonista de este tejido bordado, donde lo imponente se encuentra con lo bello y donde los animales juegan de forma on\u00edrica, como si fueran parte de un carrusel, bailando y celebrando la naturaleza.<br \/>\nZeus Embroidery combina varias t\u00e9cnicas de bordado presentes en cada uno de sus elementos, aportando un aspecto \u00fanico y rico a este raso, como si se tratara de un carrusel.<\/p>\n<h2>Zeus Embroidery combina varias t\u00e9cnicas de bordado presentes en cada uno de sus elementos, aportando un aspecto \u00fanico y rico a este raso, como si se tratara de un carrusel.<\/h2>\n<p><img fetchpriority=\"high\" decoding=\"async\" class=\"alignnone wp-image-189373 size-medium\" src=\"https:\/\/aldeco.pt\/staging\/wp-content\/uploads\/2024\/01\/T192100001-5-300x200.jpg\" alt=\"Zeus - Aldeco\" width=\"300\" height=\"200\" \/><\/p>\n<p><a href=\"https:\/\/www.instagram.com\/aldeco_interiorfabrics\/\">https:\/\/www.instagram.com\/aldeco_interiorfabrics\/<\/a><\/p>\n<p><a href=\"https:\/\/aldeco.pt\/staging\/product\/zeus\/?attribute_pa_aldeco-color=01-babys-breath\">https:\/\/aldeco.pt\/staging\/product\/zeus\/?attribute_pa_aldeco-color=01-babys-breath<\/a><\/p>\n","protected":false},"featured_media":161078,"template":"","meta":[],"product_brand":[],"product_cat":[6146],"product_tag":[],"class_list":{"0":"post-187022","1":"product","2":"type-product","3":"status-publish","4":"has-post-thumbnail","6":"product_cat-aldeco-2-es","7":"pa_cleanability-8283","8":"pa_composition-ext-100-co-bordado-vi-pl-es","9":"pa_interior-fabrics-1-es","10":"pa_line-telas","11":"pa_lithfastness-4-es","12":"pa_outdoor-0-es","13":"pa_range-satin-es","14":"pa_rapport-horizontal-63-5-es","15":"pa_rapport-vertical-78-es","18":"first","19":"instock","20":"purchasable","21":"product-type-variable"},"acf":[],"_links":{"self":[{"href":"https:\/\/staging.aldeco.pt\/es\/wp-json\/wp\/v2\/product\/187022","targetHints":{"allow":["GET"]}}],"collection":[{"href":"https:\/\/staging.aldeco.pt\/es\/wp-json\/wp\/v2\/product"}],"about":[{"href":"https:\/\/staging.aldeco.pt\/es\/wp-json\/wp\/v2\/types\/product"}],"version-history":[{"count":2,"href":"https:\/\/staging.aldeco.pt\/es\/wp-json\/wp\/v2\/product\/187022\/revisions"}],"predecessor-version":[{"id":200817,"href":"https:\/\/staging.aldeco.pt\/es\/wp-json\/wp\/v2\/product\/187022\/revisions\/200817"}],"wp:featuredmedia":[{"embeddable":true,"href":"https:\/\/staging.aldeco.pt\/es\/wp-json\/wp\/v2\/media\/161078"}],"wp:attachment":[{"href":"https:\/\/staging.aldeco.pt\/es\/wp-json\/wp\/v2\/media?parent=187022"}],"wp:term":[{"taxonomy":"product_brand","embeddable":true,"href":"https:\/\/staging.aldeco.pt\/es\/wp-json\/wp\/v2\/product_brand?post=187022"},{"taxonomy":"product_cat","embeddable":true,"href":"https:\/\/staging.aldeco.pt\/es\/wp-json\/wp\/v2\/product_cat?post=187022"},{"taxonomy":"product_tag","embeddable":true,"href":"https:\/\/staging.aldeco.pt\/es\/wp-json\/wp\/v2\/product_tag?post=187022"}],"curies":[{"name":"wp","href":"https:\/\/api.w.org\/{rel}","templated":true}]}}