{"id":186996,"date":"2024-05-09T22:58:04","date_gmt":"2024-05-09T22:58:04","guid":{"rendered":"https:\/\/aldeco.pt\/staging\/product\/voice-wlb\/"},"modified":"2024-08-29T14:40:54","modified_gmt":"2024-08-29T14:40:54","slug":"voice-wlb","status":"publish","type":"product","link":"https:\/\/staging.aldeco.pt\/es\/product\/voice-wlb\/","title":{"rendered":"VOICE WLB"},"content":{"rendered":"<p>El equilibrio de un efecto de tela dobby donde el movimiento presentado se revela a trav\u00e9s de la combinaci\u00f3n de los hilos de boucl\u00e9.<br \/>\nEst\u00e1 disponible en 3 colores.<\/p>\n","protected":false},"excerpt":{"rendered":"<p>El equilibrio de un efecto de tela dobby donde el movimiento presentado se revela a trav\u00e9s de la combinaci\u00f3n de los hilos de boucl\u00e9.<br \/>\nEst\u00e1 disponible en 3 colores.<\/p>\n<h2>Voice Wlb, el equilibrio de un efecto de tela dobby donde el movimiento presentado se revela a trav\u00e9s de la combinaci\u00f3n de los hilos de boucl\u00e9.<br \/>\nEst\u00e1 disponible en 3 colores.<\/h2>\n<p><img fetchpriority=\"high\" decoding=\"async\" class=\"alignnone wp-image-189316 size-medium\" src=\"https:\/\/aldeco.pt\/staging\/wp-content\/uploads\/2024\/01\/T191410001-4-300x212.jpg\" alt=\"Voice Wlb - Aldeco\" width=\"300\" height=\"212\"><\/p>\n<p><a href=\"https:\/\/www.instagram.com\/aldeco_interiorfabrics\/\">https:\/\/www.instagram.com\/aldeco_interiorfabrics\/<\/a><\/p>\n<p><a href=\"https:\/\/aldeco.pt\/staging\/product\/voice-wlb\/?attribute_pa_aldeco-color=01-bright-white\">https:\/\/aldeco.pt\/staging\/product\/voice-wlb\/?attribute_pa_aldeco-color=01-bright-white<\/a><\/p>\n","protected":false},"featured_media":161022,"template":"","meta":[],"product_brand":[],"product_cat":[6146],"product_tag":[],"class_list":{"0":"post-186996","1":"product","2":"type-product","3":"status-publish","4":"has-post-thumbnail","6":"product_cat-aldeco-2-es","7":"pa_cleanability-8283","8":"pa_composition-ext-100-pl-es","9":"pa_interior-fabrics-1-es","10":"pa_line-telas","11":"pa_lithfastness-4-5-es","12":"pa_outdoor-0-es","13":"pa_range-transparencias","16":"first","17":"instock","18":"purchasable","19":"product-type-variable"},"acf":[],"_links":{"self":[{"href":"https:\/\/staging.aldeco.pt\/es\/wp-json\/wp\/v2\/product\/186996","targetHints":{"allow":["GET"]}}],"collection":[{"href":"https:\/\/staging.aldeco.pt\/es\/wp-json\/wp\/v2\/product"}],"about":[{"href":"https:\/\/staging.aldeco.pt\/es\/wp-json\/wp\/v2\/types\/product"}],"version-history":[{"count":1,"href":"https:\/\/staging.aldeco.pt\/es\/wp-json\/wp\/v2\/product\/186996\/revisions"}],"predecessor-version":[{"id":193050,"href":"https:\/\/staging.aldeco.pt\/es\/wp-json\/wp\/v2\/product\/186996\/revisions\/193050"}],"wp:featuredmedia":[{"embeddable":true,"href":"https:\/\/staging.aldeco.pt\/es\/wp-json\/wp\/v2\/media\/161022"}],"wp:attachment":[{"href":"https:\/\/staging.aldeco.pt\/es\/wp-json\/wp\/v2\/media?parent=186996"}],"wp:term":[{"taxonomy":"product_brand","embeddable":true,"href":"https:\/\/staging.aldeco.pt\/es\/wp-json\/wp\/v2\/product_brand?post=186996"},{"taxonomy":"product_cat","embeddable":true,"href":"https:\/\/staging.aldeco.pt\/es\/wp-json\/wp\/v2\/product_cat?post=186996"},{"taxonomy":"product_tag","embeddable":true,"href":"https:\/\/staging.aldeco.pt\/es\/wp-json\/wp\/v2\/product_tag?post=186996"}],"curies":[{"name":"wp","href":"https:\/\/api.w.org\/{rel}","templated":true}]}}