{"id":186973,"date":"2024-05-09T23:02:15","date_gmt":"2024-05-09T23:02:15","guid":{"rendered":"https:\/\/aldeco.pt\/staging\/product\/woolure-easy-clean-fr\/"},"modified":"2024-10-02T10:35:18","modified_gmt":"2024-10-02T10:35:18","slug":"woolure-easy-clean-fr","status":"publish","type":"product","link":"https:\/\/staging.aldeco.pt\/es\/product\/woolure-easy-clean-fr\/","title":{"rendered":"WOOLURE EASY CLEAN FR"},"content":{"rendered":"<p>Boucl\u00e9 tejido plano formado por dos grupos de hilos que se cruzan en \u00e1ngulo recto entre s\u00ed. Cuanto m\u00e1s cerca est\u00e9n los hilos, mayor ser\u00e1 la densidad y m\u00e1s pesada ser\u00e1 la tela. Adem\u00e1s, el grosor de los hilos tambi\u00e9n es importante en cuanto a la construcci\u00f3n y el peso de este tejido texturizado.<\/p>\n","protected":false},"excerpt":{"rendered":"<p>Boucl\u00e9 tejido plano formado por dos grupos de hilos que se cruzan en \u00e1ngulo recto entre s\u00ed. Cuanto m\u00e1s cerca est\u00e9n los hilos, mayor ser\u00e1 la densidad y m\u00e1s pesada ser\u00e1 la tela. Adem\u00e1s, el grosor de los hilos tambi\u00e9n es importante en cuanto a la construcci\u00f3n y el peso de este tejido texturizado.<\/p>\n<h2>Woolure Easy Clean Fr, boucl\u00e9 tejido plano formado por dos grupos de hilos que se cruzan en \u00e1ngulo recto entre s\u00ed. Cuanto m\u00e1s cerca est\u00e9n los hilos, mayor ser\u00e1 la densidad y m\u00e1s pesada ser\u00e1 la tela. Adem\u00e1s, el grosor de los hilos tambi\u00e9n es importante en cuanto a la construcci\u00f3n y el peso de este tejido texturizado.<\/h2>\n<p><img fetchpriority=\"high\" decoding=\"async\" class=\"alignnone wp-image-189366 size-medium\" src=\"https:\/\/aldeco.pt\/staging\/wp-content\/uploads\/2024\/01\/T191640001-4-300x225.jpg\" alt=\"Woolure FR Easy Clean - Aldeco\" width=\"300\" height=\"225\" \/><\/p>\n<p><a href=\"https:\/\/www.instagram.com\/aldeco_interiorfabrics\/\">https:\/\/www.instagram.com\/aldeco_interiorfabrics\/<\/a><\/p>\n<p><a href=\"https:\/\/aldeco.pt\/staging\/product\/woolure-easy-clean-fr\/?attribute_pa_aldeco-color=01-natural\">https:\/\/aldeco.pt\/staging\/product\/woolure-easy-clean-fr\/?attribute_pa_aldeco-color=01-natural<\/a><\/p>\n","protected":false},"featured_media":161062,"template":"","meta":[],"product_brand":[],"product_cat":[6154],"product_tag":[],"class_list":{"0":"post-186973","1":"product","2":"type-product","3":"status-publish","4":"has-post-thumbnail","6":"product_cat-aldeco-smarter-es","7":"pa_cleanability-8283","8":"pa_composition-ext-39-pac-39-pl-14-co-8-wo-es","9":"pa_contract-fabrics-1-es","10":"pa_interior-fabrics-1-es","11":"pa_line-telas","12":"pa_lithfastness-4-5-es","13":"pa_outdoor-0-es","14":"pa_range-liso-es","15":"pa_special-treatments-fabrics-1-es","18":"first","19":"instock","20":"purchasable","21":"product-type-variable"},"acf":[],"_links":{"self":[{"href":"https:\/\/staging.aldeco.pt\/es\/wp-json\/wp\/v2\/product\/186973","targetHints":{"allow":["GET"]}}],"collection":[{"href":"https:\/\/staging.aldeco.pt\/es\/wp-json\/wp\/v2\/product"}],"about":[{"href":"https:\/\/staging.aldeco.pt\/es\/wp-json\/wp\/v2\/types\/product"}],"version-history":[{"count":2,"href":"https:\/\/staging.aldeco.pt\/es\/wp-json\/wp\/v2\/product\/186973\/revisions"}],"predecessor-version":[{"id":201803,"href":"https:\/\/staging.aldeco.pt\/es\/wp-json\/wp\/v2\/product\/186973\/revisions\/201803"}],"wp:featuredmedia":[{"embeddable":true,"href":"https:\/\/staging.aldeco.pt\/es\/wp-json\/wp\/v2\/media\/161062"}],"wp:attachment":[{"href":"https:\/\/staging.aldeco.pt\/es\/wp-json\/wp\/v2\/media?parent=186973"}],"wp:term":[{"taxonomy":"product_brand","embeddable":true,"href":"https:\/\/staging.aldeco.pt\/es\/wp-json\/wp\/v2\/product_brand?post=186973"},{"taxonomy":"product_cat","embeddable":true,"href":"https:\/\/staging.aldeco.pt\/es\/wp-json\/wp\/v2\/product_cat?post=186973"},{"taxonomy":"product_tag","embeddable":true,"href":"https:\/\/staging.aldeco.pt\/es\/wp-json\/wp\/v2\/product_tag?post=186973"}],"curies":[{"name":"wp","href":"https:\/\/api.w.org\/{rel}","templated":true}]}}