{"id":186957,"date":"2024-05-09T23:05:05","date_gmt":"2024-05-09T23:05:05","guid":{"rendered":"https:\/\/aldeco.pt\/staging\/product\/zoom\/"},"modified":"2024-10-07T15:57:54","modified_gmt":"2024-10-07T15:57:54","slug":"zoom","status":"publish","type":"product","link":"https:\/\/staging.aldeco.pt\/es\/product\/zoom\/","title":{"rendered":"ZOOM"},"content":{"rendered":"<p>Esta tela con un efecto geom\u00e9trico multicolor en zig zag est\u00e1 disponible en 4 colores. Esta tela jacquard de doble ancho es adecuada para cortinas y decoraci\u00f3n.<\/p>\n","protected":false},"excerpt":{"rendered":"<p>Esta tela con un efecto geom\u00e9trico multicolor en zig zag est\u00e1 disponible en 4 colores. Esta tela jacquard de doble ancho es adecuada para cortinas y decoraci\u00f3n.<\/p>\n<h2>Zoom, esta tela con un efecto geom\u00e9trico multicolor en zig zag est\u00e1 disponible en 4 colores. Esta tela jacquard de doble ancho es adecuada para cortinas y decoraci\u00f3n.<\/h2>\n<p><img decoding=\"async\" class=\"alignnone size-full wp-image-189386\" src=\"https:\/\/aldeco.pt\/staging\/wp-content\/uploads\/2024\/03\/T018440002.jpg\" alt=\"\" width=\"177\" height=\"177\" \/><\/p>\n<p><a href=\"https:\/\/www.instagram.com\/aldeco_interiorfabrics\/\">https:\/\/www.instagram.com\/aldeco_interiorfabrics\/<\/a><\/p>\n<p><a href=\"https:\/\/aldeco.pt\/staging\/product\/zoom\/?attribute_pa_aldeco-color=2-pumice-stone\">https:\/\/aldeco.pt\/staging\/product\/zoom\/?attribute_pa_aldeco-color=2-pumice-stone<\/a><\/p>\n<p>&nbsp;<\/p>\n","protected":false},"featured_media":157716,"template":"","meta":[],"product_brand":[],"product_cat":[6146],"product_tag":[],"class_list":{"0":"post-186957","1":"product","2":"type-product","3":"status-publish","4":"has-post-thumbnail","6":"product_cat-aldeco-2-es","7":"pa_cleanability-8283","8":"pa_composition-ext-54-pl-46-li-es","9":"pa_interior-fabrics-1-es","10":"pa_line-telas","11":"pa_lithfastness-9681","12":"pa_outdoor-0-es","13":"pa_range-jacquard-es","14":"pa_rapport-horizontal-11-5-es","15":"pa_rapport-vertical-13-6-es","18":"first","19":"instock","20":"purchasable","21":"product-type-variable"},"acf":[],"_links":{"self":[{"href":"https:\/\/staging.aldeco.pt\/es\/wp-json\/wp\/v2\/product\/186957","targetHints":{"allow":["GET"]}}],"collection":[{"href":"https:\/\/staging.aldeco.pt\/es\/wp-json\/wp\/v2\/product"}],"about":[{"href":"https:\/\/staging.aldeco.pt\/es\/wp-json\/wp\/v2\/types\/product"}],"version-history":[{"count":3,"href":"https:\/\/staging.aldeco.pt\/es\/wp-json\/wp\/v2\/product\/186957\/revisions"}],"predecessor-version":[{"id":202174,"href":"https:\/\/staging.aldeco.pt\/es\/wp-json\/wp\/v2\/product\/186957\/revisions\/202174"}],"wp:featuredmedia":[{"embeddable":true,"href":"https:\/\/staging.aldeco.pt\/es\/wp-json\/wp\/v2\/media\/157716"}],"wp:attachment":[{"href":"https:\/\/staging.aldeco.pt\/es\/wp-json\/wp\/v2\/media?parent=186957"}],"wp:term":[{"taxonomy":"product_brand","embeddable":true,"href":"https:\/\/staging.aldeco.pt\/es\/wp-json\/wp\/v2\/product_brand?post=186957"},{"taxonomy":"product_cat","embeddable":true,"href":"https:\/\/staging.aldeco.pt\/es\/wp-json\/wp\/v2\/product_cat?post=186957"},{"taxonomy":"product_tag","embeddable":true,"href":"https:\/\/staging.aldeco.pt\/es\/wp-json\/wp\/v2\/product_tag?post=186957"}],"curies":[{"name":"wp","href":"https:\/\/api.w.org\/{rel}","templated":true}]}}