{"id":186954,"date":"2024-05-09T22:57:27","date_gmt":"2024-05-09T22:57:27","guid":{"rendered":"https:\/\/aldeco.pt\/staging\/product\/vista-fr\/"},"modified":"2024-10-04T11:51:20","modified_gmt":"2024-10-04T11:51:20","slug":"vista-fr","status":"publish","type":"product","link":"https:\/\/staging.aldeco.pt\/es\/product\/vista-fr\/","title":{"rendered":"VISTA FR"},"content":{"rendered":"<p>Es un tejido con estructura de red y un hilo met\u00e1lico que le aporta una enorme elegancia. Esta tela no contiene sustancias nocivas para el medio ambiente, cumple con la norma OEKO-TEX Standard 100. Tambi\u00e9n es un visillo ign\u00edfugo, cumple con varias normas ign\u00edfugas. Est\u00e1 disponible en 4 colores neutros.<\/p>\n","protected":false},"excerpt":{"rendered":"<p>Es un tejido con estructura de red y un hilo met\u00e1lico que le aporta una enorme elegancia. Esta tela no contiene sustancias nocivas para el medio ambiente, cumple con la norma OEKO-TEX Standard 100. Tambi\u00e9n es un visillo ign\u00edfugo, cumple con varias normas ign\u00edfugas. Est\u00e1 disponible en 4 colores neutros.<\/p>\n<h2>Vista FR es un tejido con estructura de red y un hilo met\u00e1lico que le aporta una enorme elegancia. Esta tela no contiene sustancias nocivas para el medio ambiente, cumple con la norma OEKO-TEX Standard 100. Tambi\u00e9n es un visillo ign\u00edfugo, cumple con varias normas ign\u00edfugas. Est\u00e1 disponible en 4 colores neutros.<\/h2>\n<p>&nbsp;<\/p>\n<p><a href=\"https:\/\/www.instagram.com\/aldeco_interiorfabrics\/\">https:\/\/www.instagram.com\/aldeco_interiorfabrics\/<\/a><a href=\"https:\/\/aldeco.pt\/staging\/product\/vista-fr\/?attribute_pa_aldeco-color=01-champagne\">https:\/\/aldeco.pt\/staging\/product\/vista-fr\/?attribute_pa_aldeco-color=01-champagne<\/a><\/p>\n[caption id=\"attachment_189305\" align=\"alignnone\" width=\"300\"]<img fetchpriority=\"high\" decoding=\"async\" class=\"wp-image-189305 size-medium\" src=\"https:\/\/aldeco.pt\/staging\/wp-content\/uploads\/2024\/01\/T190880001-3-300x225.jpg\" alt=\"Vista FR - Aldeco\" width=\"300\" height=\"225\" \/> Hisilicon Balong[\/caption]\n","protected":false},"featured_media":161008,"template":"","meta":[],"product_brand":[],"product_cat":[6146],"product_tag":[],"class_list":{"0":"post-186954","1":"product","2":"type-product","3":"status-publish","4":"has-post-thumbnail","6":"product_cat-aldeco-2-es","7":"pa_cleanability-8283","8":"pa_composition-ext-100-pl-es","9":"pa_contract-fabrics-1-es","10":"pa_interior-fabrics-1-es","11":"pa_line-telas","12":"pa_lithfastness-6-es","13":"pa_outdoor-0-es","14":"pa_range-malla","15":"pa_range-transparencias","16":"pa_special-treatments-fabrics-1-es","19":"first","20":"instock","21":"purchasable","22":"product-type-variable"},"acf":[],"_links":{"self":[{"href":"https:\/\/staging.aldeco.pt\/es\/wp-json\/wp\/v2\/product\/186954","targetHints":{"allow":["GET"]}}],"collection":[{"href":"https:\/\/staging.aldeco.pt\/es\/wp-json\/wp\/v2\/product"}],"about":[{"href":"https:\/\/staging.aldeco.pt\/es\/wp-json\/wp\/v2\/types\/product"}],"version-history":[{"count":3,"href":"https:\/\/staging.aldeco.pt\/es\/wp-json\/wp\/v2\/product\/186954\/revisions"}],"predecessor-version":[{"id":202052,"href":"https:\/\/staging.aldeco.pt\/es\/wp-json\/wp\/v2\/product\/186954\/revisions\/202052"}],"wp:featuredmedia":[{"embeddable":true,"href":"https:\/\/staging.aldeco.pt\/es\/wp-json\/wp\/v2\/media\/161008"}],"wp:attachment":[{"href":"https:\/\/staging.aldeco.pt\/es\/wp-json\/wp\/v2\/media?parent=186954"}],"wp:term":[{"taxonomy":"product_brand","embeddable":true,"href":"https:\/\/staging.aldeco.pt\/es\/wp-json\/wp\/v2\/product_brand?post=186954"},{"taxonomy":"product_cat","embeddable":true,"href":"https:\/\/staging.aldeco.pt\/es\/wp-json\/wp\/v2\/product_cat?post=186954"},{"taxonomy":"product_tag","embeddable":true,"href":"https:\/\/staging.aldeco.pt\/es\/wp-json\/wp\/v2\/product_tag?post=186954"}],"curies":[{"name":"wp","href":"https:\/\/api.w.org\/{rel}","templated":true}]}}