{"id":186941,"date":"2024-05-09T22:59:51","date_gmt":"2024-05-09T22:59:51","guid":{"rendered":"https:\/\/aldeco.pt\/staging\/product\/willow\/"},"modified":"2024-10-03T11:10:33","modified_gmt":"2024-10-03T11:10:33","slug":"willow","status":"publish","type":"product","link":"https:\/\/staging.aldeco.pt\/es\/product\/willow\/","title":{"rendered":"WILLOW"},"content":{"rendered":"<p>WILLOW es una tela para cortinas muy pesada. Est\u00e1 disponible en 4 colores naturales, uno liso y 3 mixtos. Willow tiene un hilo boucl\u00e9 con acabado tumbler para una ca\u00edda y tacto perfectos.<\/p>\n","protected":false},"excerpt":{"rendered":"<p>WILLOW es una tela para cortinas muy pesada. Est\u00e1 disponible en 4 colores naturales, uno liso y 3 mixtos. Willow tiene un hilo boucl\u00e9 con acabado tumbler para una ca\u00edda y tacto perfectos.<\/p>\n<h2>WILLOW es una tela para cortinas muy pesada. Est\u00e1 disponible en 4 colores naturales, uno liso y 3 mixtos. Willow tiene un hilo boucl\u00e9 con acabado tumbler para una ca\u00edda y tacto perfectos.<\/h2>\n<p><img fetchpriority=\"high\" decoding=\"async\" class=\"alignnone wp-image-189352 size-medium\" src=\"https:\/\/aldeco.pt\/staging\/wp-content\/uploads\/2024\/01\/T192240001-4-300x200.jpg\" alt=\"Willow - Aldeco\" width=\"300\" height=\"200\" \/><\/p>\n<p><a href=\"https:\/\/www.instagram.com\/aldeco_interiorfabrics\/\">https:\/\/www.instagram.com\/aldeco_interiorfabrics\/<\/a><a href=\"https:\/\/aldeco.pt\/staging\/product\/willow\/?attribute_pa_aldeco-color=01-natural-white\">https:\/\/aldeco.pt\/staging\/product\/willow\/?attribute_pa_aldeco-color=01-natural-white<\/a><\/p>\n<p>&nbsp;<\/p>\n","protected":false},"featured_media":161034,"template":"","meta":[],"product_brand":[],"product_cat":[6146],"product_tag":[],"class_list":{"0":"post-186941","1":"product","2":"type-product","3":"status-publish","4":"has-post-thumbnail","6":"product_cat-aldeco-2-es","7":"pa_cleanability-8283","8":"pa_composition-ext-41-co-31-vi-3-li-25-pl-es","9":"pa_interior-fabrics-1-es","10":"pa_line-telas","11":"pa_lithfastness-4-5-es","12":"pa_outdoor-0-es","13":"pa_range-dobby-es","14":"pa_range-liso-es","15":"pa_range-tumbler-es","18":"first","19":"instock","20":"purchasable","21":"product-type-variable"},"acf":[],"_links":{"self":[{"href":"https:\/\/staging.aldeco.pt\/es\/wp-json\/wp\/v2\/product\/186941","targetHints":{"allow":["GET"]}}],"collection":[{"href":"https:\/\/staging.aldeco.pt\/es\/wp-json\/wp\/v2\/product"}],"about":[{"href":"https:\/\/staging.aldeco.pt\/es\/wp-json\/wp\/v2\/types\/product"}],"version-history":[{"count":3,"href":"https:\/\/staging.aldeco.pt\/es\/wp-json\/wp\/v2\/product\/186941\/revisions"}],"predecessor-version":[{"id":201956,"href":"https:\/\/staging.aldeco.pt\/es\/wp-json\/wp\/v2\/product\/186941\/revisions\/201956"}],"wp:featuredmedia":[{"embeddable":true,"href":"https:\/\/staging.aldeco.pt\/es\/wp-json\/wp\/v2\/media\/161034"}],"wp:attachment":[{"href":"https:\/\/staging.aldeco.pt\/es\/wp-json\/wp\/v2\/media?parent=186941"}],"wp:term":[{"taxonomy":"product_brand","embeddable":true,"href":"https:\/\/staging.aldeco.pt\/es\/wp-json\/wp\/v2\/product_brand?post=186941"},{"taxonomy":"product_cat","embeddable":true,"href":"https:\/\/staging.aldeco.pt\/es\/wp-json\/wp\/v2\/product_cat?post=186941"},{"taxonomy":"product_tag","embeddable":true,"href":"https:\/\/staging.aldeco.pt\/es\/wp-json\/wp\/v2\/product_tag?post=186941"}],"curies":[{"name":"wp","href":"https:\/\/api.w.org\/{rel}","templated":true}]}}