{"id":186940,"date":"2024-05-09T22:57:03","date_gmt":"2024-05-09T22:57:03","guid":{"rendered":"https:\/\/aldeco.pt\/staging\/product\/ville-wlb\/"},"modified":"2024-09-19T16:26:08","modified_gmt":"2024-09-19T16:26:08","slug":"ville-wlb","status":"publish","type":"product","link":"https:\/\/staging.aldeco.pt\/es\/product\/ville-wlb\/","title":{"rendered":"VILLE WLB"},"content":{"rendered":"<p>Ville tiene una ca\u00edda muy natural y suave, est\u00e1 inspirado en los dise\u00f1os de enrejado de las vallas de hierro fundido de las villas cl\u00e1sicas y est\u00e1 disponible en 6 hermosos colores.<\/p>\n","protected":false},"excerpt":{"rendered":"<p>Ville tiene una ca\u00edda muy natural y suave, est\u00e1 inspirado en los dise\u00f1os de enrejado de las vallas de hierro fundido de las villas cl\u00e1sicas y est\u00e1 disponible en 6 hermosos colores.<\/p>\n<h2>Ville Wlb tiene una ca\u00edda muy natural y suave, est\u00e1 inspirado en los dise\u00f1os de enrejado de las vallas de hierro fundido de las villas cl\u00e1sicas y est\u00e1 disponible en 6 hermosos colores.<\/h2>\n<p><img fetchpriority=\"high\" decoding=\"async\" class=\"alignnone wp-image-189300 size-medium\" src=\"https:\/\/aldeco.pt\/staging\/wp-content\/uploads\/2024\/01\/T190580001-4-300x200.jpg\" alt=\"Ville Wlb - Aldeco\" width=\"300\" height=\"200\" \/><\/p>\n<p><a href=\"https:\/\/www.instagram.com\/aldeco_interiorfabrics\/\">https:\/\/www.instagram.com\/aldeco_interiorfabrics\/<\/a><a href=\"https:\/\/aldeco.pt\/staging\/product\/ville-wlb\/?attribute_pa_aldeco-color=01-light-sand\">https:\/\/aldeco.pt\/staging\/product\/ville-wlb\/?attribute_pa_aldeco-color=01-light-sand<\/a><\/p>\n","protected":false},"featured_media":161006,"template":"","meta":[],"product_brand":[],"product_cat":[6146],"product_tag":[],"class_list":{"0":"post-186940","1":"product","2":"type-product","3":"status-publish","4":"has-post-thumbnail","6":"product_cat-aldeco-2-es","7":"pa_cleanability-8283","8":"pa_composition-ext-100-pl-es","9":"pa_interior-fabrics-1-es","10":"pa_line-telas","11":"pa_lithfastness-4-5-es","12":"pa_outdoor-0-es","13":"pa_range-jacquard-es","14":"pa_range-transparencias","15":"pa_rapport-horizontal-39-es","16":"pa_rapport-vertical-33-5-es","19":"first","20":"instock","21":"purchasable","22":"product-type-variable"},"acf":[],"_links":{"self":[{"href":"https:\/\/staging.aldeco.pt\/es\/wp-json\/wp\/v2\/product\/186940","targetHints":{"allow":["GET"]}}],"collection":[{"href":"https:\/\/staging.aldeco.pt\/es\/wp-json\/wp\/v2\/product"}],"about":[{"href":"https:\/\/staging.aldeco.pt\/es\/wp-json\/wp\/v2\/types\/product"}],"version-history":[{"count":4,"href":"https:\/\/staging.aldeco.pt\/es\/wp-json\/wp\/v2\/product\/186940\/revisions"}],"predecessor-version":[{"id":200686,"href":"https:\/\/staging.aldeco.pt\/es\/wp-json\/wp\/v2\/product\/186940\/revisions\/200686"}],"wp:featuredmedia":[{"embeddable":true,"href":"https:\/\/staging.aldeco.pt\/es\/wp-json\/wp\/v2\/media\/161006"}],"wp:attachment":[{"href":"https:\/\/staging.aldeco.pt\/es\/wp-json\/wp\/v2\/media?parent=186940"}],"wp:term":[{"taxonomy":"product_brand","embeddable":true,"href":"https:\/\/staging.aldeco.pt\/es\/wp-json\/wp\/v2\/product_brand?post=186940"},{"taxonomy":"product_cat","embeddable":true,"href":"https:\/\/staging.aldeco.pt\/es\/wp-json\/wp\/v2\/product_cat?post=186940"},{"taxonomy":"product_tag","embeddable":true,"href":"https:\/\/staging.aldeco.pt\/es\/wp-json\/wp\/v2\/product_tag?post=186940"}],"curies":[{"name":"wp","href":"https:\/\/api.w.org\/{rel}","templated":true}]}}