{"id":186903,"date":"2024-05-09T22:40:15","date_gmt":"2024-05-09T22:40:15","guid":{"rendered":"https:\/\/aldeco.pt\/staging\/product\/toile-sealife-in-outdoor-fr\/"},"modified":"2024-09-26T08:19:14","modified_gmt":"2024-09-26T08:19:14","slug":"toile-sealife-in-outdoor-fr","status":"publish","type":"product","link":"https:\/\/staging.aldeco.pt\/es\/product\/toile-sealife-in-outdoor-fr\/","title":{"rendered":"TOILE SEALIFE IN\/OUTDOOR FR"},"content":{"rendered":"<p>Tras el gran \u00e9xito de los terciopelos Life y Sealife, hemos desarrollado una soluci\u00f3n para exteriores para tus proyectos m\u00e1s exigentes. Este tejido panam\u00e1 estampado con aspecto toile de jouy sobre base natural blanca es altamente resistente a todas las agresiones externas como la luz solar (Luz UV), el cloro de las piscinas, el agua de mar, el sudor, y adem\u00e1s es repelente al agua, al aceite y tiene acabado de anti-manchas.<\/p>\n","protected":false},"excerpt":{"rendered":"<p>Tras el gran \u00e9xito de los terciopelos Life y Sealife, hemos desarrollado una soluci\u00f3n para exteriores para tus proyectos m\u00e1s exigentes. Este tejido panam\u00e1 estampado con aspecto toile de jouy sobre base natural blanca es altamente resistente a todas las agresiones externas como la luz solar (Luz UV), el cloro de las piscinas, el agua de mar, el sudor, y adem\u00e1s es repelente al agua, al aceite y tiene acabado de anti-manchas.<\/p>\n<h2>Toile Sealife In\/Outdoor FR, este tejido panam\u00e1 estampado con aspecto toile de jouy sobre base natural blanca es altamente resistente a todas las agresiones externas como la luz solar (Luz UV), el cloro de las piscinas, el agua de mar, el sudor, y adem\u00e1s es repelente al agua, al aceite y tiene acabado de anti-manchas.<\/h2>\n<p><img fetchpriority=\"high\" decoding=\"async\" class=\"alignnone wp-image-189150 size-medium\" src=\"https:\/\/aldeco.pt\/staging\/wp-content\/uploads\/2024\/01\/T192210001-2-300x225.jpg\" alt=\"Toile Sealife In\/Outdoor FR - Aldeco\" width=\"300\" height=\"225\" \/><\/p>\n<p><a href=\"https:\/\/www.instagram.com\/aldeco_interiorfabrics\/\">https:\/\/www.instagram.com\/aldeco_interiorfabrics\/<\/a><\/p>\n<p><a href=\"https:\/\/aldeco.pt\/staging\/product\/toile-sealife-in-outdoor-fr\/?attribute_pa_aldeco-color=01-linen\">https:\/\/aldeco.pt\/staging\/product\/toile-sealife-in-outdoor-fr\/?attribute_pa_aldeco-color=01-linen<\/a><\/p>\n","protected":false},"featured_media":160779,"template":"","meta":[],"product_brand":[],"product_cat":[6146],"product_tag":[],"class_list":{"0":"post-186903","1":"product","2":"type-product","3":"status-publish","4":"has-post-thumbnail","6":"product_cat-aldeco-2-es","7":"pa_cleanability-8283","8":"pa_composition-ext-90-pc-10-li-es","9":"pa_contract-fabrics-1-es","10":"pa_indoor-fabrics-1-es","11":"pa_interior-fabrics-1-es","12":"pa_line-telas","13":"pa_lithfastness-7-8-es","14":"pa_outdoor-exterior","15":"pa_range-estampado-es","16":"pa_range-panama-es","17":"pa_rapport-horizontal-47-es","18":"pa_rapport-vertical-58-5-es","19":"pa_special-treatments-fabrics-1-es","22":"first","23":"instock","24":"purchasable","25":"product-type-variable"},"acf":[],"_links":{"self":[{"href":"https:\/\/staging.aldeco.pt\/es\/wp-json\/wp\/v2\/product\/186903","targetHints":{"allow":["GET"]}}],"collection":[{"href":"https:\/\/staging.aldeco.pt\/es\/wp-json\/wp\/v2\/product"}],"about":[{"href":"https:\/\/staging.aldeco.pt\/es\/wp-json\/wp\/v2\/types\/product"}],"version-history":[{"count":2,"href":"https:\/\/staging.aldeco.pt\/es\/wp-json\/wp\/v2\/product\/186903\/revisions"}],"predecessor-version":[{"id":200675,"href":"https:\/\/staging.aldeco.pt\/es\/wp-json\/wp\/v2\/product\/186903\/revisions\/200675"}],"wp:featuredmedia":[{"embeddable":true,"href":"https:\/\/staging.aldeco.pt\/es\/wp-json\/wp\/v2\/media\/160779"}],"wp:attachment":[{"href":"https:\/\/staging.aldeco.pt\/es\/wp-json\/wp\/v2\/media?parent=186903"}],"wp:term":[{"taxonomy":"product_brand","embeddable":true,"href":"https:\/\/staging.aldeco.pt\/es\/wp-json\/wp\/v2\/product_brand?post=186903"},{"taxonomy":"product_cat","embeddable":true,"href":"https:\/\/staging.aldeco.pt\/es\/wp-json\/wp\/v2\/product_cat?post=186903"},{"taxonomy":"product_tag","embeddable":true,"href":"https:\/\/staging.aldeco.pt\/es\/wp-json\/wp\/v2\/product_tag?post=186903"}],"curies":[{"name":"wp","href":"https:\/\/api.w.org\/{rel}","templated":true}]}}