{"id":186867,"date":"2024-05-09T22:43:57","date_gmt":"2024-05-09T22:43:57","guid":{"rendered":"https:\/\/aldeco.pt\/staging\/product\/tribe\/"},"modified":"2024-08-29T14:41:10","modified_gmt":"2024-08-29T14:41:10","slug":"tribe","status":"publish","type":"product","link":"https:\/\/staging.aldeco.pt\/es\/product\/tribe\/","title":{"rendered":"TRIBE"},"content":{"rendered":"<p>TRIBE tiene una estructura de jacquard con un aspecto forrado. Es la base de los terciopelos de jacquard Sperky y Decoup\u00e8. Est\u00e1 disponible en un solo color natural que se puede combinar f\u00e1cilmente con otras telas de esta colecci\u00f3n.<\/p>\n","protected":false},"excerpt":{"rendered":"<p>TRIBE tiene una estructura de jacquard con un aspecto forrado. Es la base de los terciopelos de jacquard Sperky y Decoup\u00e8. Est\u00e1 disponible en un solo color natural que se puede combinar f\u00e1cilmente con otras telas de esta colecci\u00f3n.<\/p>\n<h2>TRIBE tiene una estructura de jacquard con un aspecto forrado. Es la base de los terciopelos de jacquard Sperky y Decoup\u00e8. Est\u00e1 disponible en un solo color natural que se puede combinar f\u00e1cilmente con otras telas de esta colecci\u00f3n.<\/h2>\n<p><img fetchpriority=\"high\" decoding=\"async\" class=\"alignnone wp-image-189192 size-medium\" src=\"https:\/\/aldeco.pt\/staging\/wp-content\/uploads\/2024\/05\/T192590001-300x200.jpg\" alt=\"Tribe - Aldeco\" width=\"300\" height=\"200\"><\/p>\n<p><a href=\"https:\/\/www.instagram.com\/aldeco_interiorfabrics\/\">https:\/\/www.instagram.com\/aldeco_interiorfabrics\/<\/a><\/p>\n<p><a href=\"https:\/\/aldeco.pt\/staging\/product\/tribe\/?attribute_pa_aldeco-color=01-natural-linen\">https:\/\/aldeco.pt\/staging\/product\/tribe\/?attribute_pa_aldeco-color=01-natural-linen<\/a><\/p>\n","protected":false},"featured_media":160864,"template":"","meta":[],"product_brand":[],"product_cat":[6146],"product_tag":[],"class_list":{"0":"post-186867","1":"product","2":"type-product","3":"status-publish","4":"has-post-thumbnail","6":"product_cat-aldeco-2-es","7":"pa_cleanability-8283","8":"pa_composition-ext-62-vi-20-pl-13co-5-li-es","9":"pa_interior-fabrics-1-es","10":"pa_line-telas","11":"pa_lithfastness-9681","12":"pa_outdoor-0-es","13":"pa_range-jacquard-es","16":"first","17":"instock","18":"purchasable","19":"product-type-variable"},"acf":[],"_links":{"self":[{"href":"https:\/\/staging.aldeco.pt\/es\/wp-json\/wp\/v2\/product\/186867","targetHints":{"allow":["GET"]}}],"collection":[{"href":"https:\/\/staging.aldeco.pt\/es\/wp-json\/wp\/v2\/product"}],"about":[{"href":"https:\/\/staging.aldeco.pt\/es\/wp-json\/wp\/v2\/types\/product"}],"version-history":[{"count":1,"href":"https:\/\/staging.aldeco.pt\/es\/wp-json\/wp\/v2\/product\/186867\/revisions"}],"predecessor-version":[{"id":193015,"href":"https:\/\/staging.aldeco.pt\/es\/wp-json\/wp\/v2\/product\/186867\/revisions\/193015"}],"wp:featuredmedia":[{"embeddable":true,"href":"https:\/\/staging.aldeco.pt\/es\/wp-json\/wp\/v2\/media\/160864"}],"wp:attachment":[{"href":"https:\/\/staging.aldeco.pt\/es\/wp-json\/wp\/v2\/media?parent=186867"}],"wp:term":[{"taxonomy":"product_brand","embeddable":true,"href":"https:\/\/staging.aldeco.pt\/es\/wp-json\/wp\/v2\/product_brand?post=186867"},{"taxonomy":"product_cat","embeddable":true,"href":"https:\/\/staging.aldeco.pt\/es\/wp-json\/wp\/v2\/product_cat?post=186867"},{"taxonomy":"product_tag","embeddable":true,"href":"https:\/\/staging.aldeco.pt\/es\/wp-json\/wp\/v2\/product_tag?post=186867"}],"curies":[{"name":"wp","href":"https:\/\/api.w.org\/{rel}","templated":true}]}}