{"id":186862,"date":"2024-05-09T22:41:24","date_gmt":"2024-05-09T22:41:24","guid":{"rendered":"https:\/\/aldeco.pt\/staging\/product\/trellis-addiction\/"},"modified":"2024-10-04T11:26:39","modified_gmt":"2024-10-04T11:26:39","slug":"trellis-addiction","status":"publish","type":"product","link":"https:\/\/staging.aldeco.pt\/es\/product\/trellis-addiction\/","title":{"rendered":"TRELLIS ADDICTION"},"content":{"rendered":"<p>Incre\u00edble bordado geom\u00e9trico que es adecuado para decoraci\u00f3n y tapicer\u00eda tambi\u00e9n. Disponible en 6 colores brillantes que dan vida a cualquier ambiente.<\/p>\n","protected":false},"excerpt":{"rendered":"<p>Incre\u00edble bordado geom\u00e9trico que es adecuado para decoraci\u00f3n y tapicer\u00eda tambi\u00e9n. Disponible en 6 colores brillantes que dan vida a cualquier ambiente.<\/p>\n<h2>Trellis Addiction, incre\u00edble bordado geom\u00e9trico que es adecuado para decoraci\u00f3n y tapicer\u00eda tambi\u00e9n. Disponible en 6 colores brillantes que dan vida a cualquier ambiente.<\/h2>\n<p><img fetchpriority=\"high\" decoding=\"async\" class=\"alignnone size-medium wp-image-189181\" src=\"https:\/\/aldeco.pt\/staging\/wp-content\/uploads\/2024\/03\/T018630001-300x280.jpg\" alt=\"\" width=\"300\" height=\"280\" \/><\/p>\n<p><a href=\"https:\/\/www.instagram.com\/aldeco_interiorfabrics\/\">https:\/\/www.instagram.com\/aldeco_interiorfabrics\/<\/a><\/p>\n<p><a href=\"https:\/\/aldeco.pt\/staging\/product\/trellis-addiction\/?attribute_pa_aldeco-color=01-sand\">https:\/\/aldeco.pt\/staging\/product\/trellis-addiction\/?attribute_pa_aldeco-color=01-sand<\/a><\/p>\n","protected":false},"featured_media":157434,"template":"","meta":[],"product_brand":[],"product_cat":[6146],"product_tag":[],"class_list":{"0":"post-186862","1":"product","2":"type-product","3":"status-publish","4":"has-post-thumbnail","6":"product_cat-aldeco-2-es","7":"pa_cleanability-8283","8":"pa_composition-ext-base-70-vi-30-li-bordado-100-co-es","9":"pa_composition-ext-base-70vi-30li-bordado-100-co-es","10":"pa_interior-fabrics-1-es","11":"pa_line-telas","12":"pa_lithfastness-9681","13":"pa_outdoor-0-es","14":"pa_range-bordado-es","15":"pa_rapport-horizontal-11-es","16":"pa_rapport-vertical-15-5-es","19":"first","20":"instock","21":"purchasable","22":"product-type-variable"},"acf":[],"_links":{"self":[{"href":"https:\/\/staging.aldeco.pt\/es\/wp-json\/wp\/v2\/product\/186862","targetHints":{"allow":["GET"]}}],"collection":[{"href":"https:\/\/staging.aldeco.pt\/es\/wp-json\/wp\/v2\/product"}],"about":[{"href":"https:\/\/staging.aldeco.pt\/es\/wp-json\/wp\/v2\/types\/product"}],"version-history":[{"count":2,"href":"https:\/\/staging.aldeco.pt\/es\/wp-json\/wp\/v2\/product\/186862\/revisions"}],"predecessor-version":[{"id":202030,"href":"https:\/\/staging.aldeco.pt\/es\/wp-json\/wp\/v2\/product\/186862\/revisions\/202030"}],"wp:featuredmedia":[{"embeddable":true,"href":"https:\/\/staging.aldeco.pt\/es\/wp-json\/wp\/v2\/media\/157434"}],"wp:attachment":[{"href":"https:\/\/staging.aldeco.pt\/es\/wp-json\/wp\/v2\/media?parent=186862"}],"wp:term":[{"taxonomy":"product_brand","embeddable":true,"href":"https:\/\/staging.aldeco.pt\/es\/wp-json\/wp\/v2\/product_brand?post=186862"},{"taxonomy":"product_cat","embeddable":true,"href":"https:\/\/staging.aldeco.pt\/es\/wp-json\/wp\/v2\/product_cat?post=186862"},{"taxonomy":"product_tag","embeddable":true,"href":"https:\/\/staging.aldeco.pt\/es\/wp-json\/wp\/v2\/product_tag?post=186862"}],"curies":[{"name":"wp","href":"https:\/\/api.w.org\/{rel}","templated":true}]}}