{"id":186845,"date":"2024-05-09T22:38:29","date_gmt":"2024-05-09T22:38:29","guid":{"rendered":"https:\/\/aldeco.pt\/staging\/product\/tiebele-in-outdoor-fr\/"},"modified":"2024-08-29T14:41:17","modified_gmt":"2024-08-29T14:41:17","slug":"tiebele-in-outdoor-fr","status":"publish","type":"product","link":"https:\/\/staging.aldeco.pt\/es\/product\/tiebele-in-outdoor-fr\/","title":{"rendered":"TI\u00c9B\u00c9L\u00c9 IN\/OUTDOOR FR"},"content":{"rendered":"<p>Tiebele, en Burkina Faso, es un pueblo africano \u00fanico con impresionantes casas de arcilla pintada. Decoran las casas pintando dise\u00f1os intrincados en las paredes exteriores, usando tiza de colores y barro. Si bien la construcci\u00f3n de las casas la hacen los hombres, la pintura es un trabajo de mujeres. Las casas est\u00e1n decoradas con patrones folcl\u00f3ricos incre\u00edblemente precisos y delicados Es un incre\u00edble jacquard inspirado en \u00c1frica y esta pr\u00e1ctica muy antigua que resulta en una tela pesada geom\u00e9trica.<\/p>\n","protected":false},"excerpt":{"rendered":"<p>Tiebele, en Burkina Faso, es un pueblo africano \u00fanico con impresionantes casas de arcilla pintada. Decoran las casas pintando dise\u00f1os intrincados en las paredes exteriores, usando tiza de colores y barro. Si bien la construcci\u00f3n de las casas la hacen los hombres, la pintura es un trabajo de mujeres. Las casas est\u00e1n decoradas con patrones folcl\u00f3ricos incre\u00edblemente precisos y delicados Es un incre\u00edble jacquard inspirado en \u00c1frica y esta pr\u00e1ctica muy antigua que resulta en una tela pesada geom\u00e9trica.<\/p>\n<h2>Ti\u00e9b\u00e9l\u00e9 In\/Outdoor FR es un incre\u00edble jacquard inspirado en \u00c1frica y esta pr\u00e1ctica muy antigua que resulta en una tela pesada geom\u00e9trica.<\/h2>\n<p><img fetchpriority=\"high\" decoding=\"async\" class=\"alignnone wp-image-189122 size-medium\" src=\"https:\/\/aldeco.pt\/staging\/wp-content\/uploads\/2024\/03\/T191810001-300x225.jpg\" alt=\"Ti\u00e9b\u00e9l\u00e9 In\/Outdoor FR - Aldeco\" width=\"300\" height=\"225\"><\/p>\n<p>&nbsp;<\/p>\n<p><a href=\"https:\/\/www.instagram.com\/aldeco_interiorfabrics\/\">https:\/\/www.instagram.com\/aldeco_interiorfabrics\/<\/a><\/p>\n<p><a href=\"https:\/\/aldeco.pt\/staging\/product\/tiebele-in-outdoor-fr\/?attribute_pa_aldeco-color=01-golden-rod\">https:\/\/aldeco.pt\/staging\/product\/tiebele-in-outdoor-fr\/?attribute_pa_aldeco-color=01-golden-rod<\/a><\/p>\n","protected":false},"featured_media":157375,"template":"","meta":[],"product_brand":[],"product_cat":[6146],"product_tag":[],"class_list":{"0":"post-186845","1":"product","2":"type-product","3":"status-publish","4":"has-post-thumbnail","6":"product_cat-aldeco-2-es","7":"pa_cleanability-8283","8":"pa_composition-ext-100-pp-es","9":"pa_contract-fabrics-1-es","10":"pa_indoor-fabrics-1-es","11":"pa_interior-fabrics-1-es","12":"pa_line-telas","13":"pa_lithfastness-7-es","14":"pa_outdoor-exterior","15":"pa_range-jacquard-es","16":"pa_rapport-horizontal-2-5-es","17":"pa_rapport-vertical-6-es","18":"pa_special-treatments-fabrics-1-es","21":"first","22":"instock","23":"purchasable","24":"product-type-variable"},"acf":[],"_links":{"self":[{"href":"https:\/\/staging.aldeco.pt\/es\/wp-json\/wp\/v2\/product\/186845","targetHints":{"allow":["GET"]}}],"collection":[{"href":"https:\/\/staging.aldeco.pt\/es\/wp-json\/wp\/v2\/product"}],"about":[{"href":"https:\/\/staging.aldeco.pt\/es\/wp-json\/wp\/v2\/types\/product"}],"version-history":[{"count":1,"href":"https:\/\/staging.aldeco.pt\/es\/wp-json\/wp\/v2\/product\/186845\/revisions"}],"predecessor-version":[{"id":192997,"href":"https:\/\/staging.aldeco.pt\/es\/wp-json\/wp\/v2\/product\/186845\/revisions\/192997"}],"wp:featuredmedia":[{"embeddable":true,"href":"https:\/\/staging.aldeco.pt\/es\/wp-json\/wp\/v2\/media\/157375"}],"wp:attachment":[{"href":"https:\/\/staging.aldeco.pt\/es\/wp-json\/wp\/v2\/media?parent=186845"}],"wp:term":[{"taxonomy":"product_brand","embeddable":true,"href":"https:\/\/staging.aldeco.pt\/es\/wp-json\/wp\/v2\/product_brand?post=186845"},{"taxonomy":"product_cat","embeddable":true,"href":"https:\/\/staging.aldeco.pt\/es\/wp-json\/wp\/v2\/product_cat?post=186845"},{"taxonomy":"product_tag","embeddable":true,"href":"https:\/\/staging.aldeco.pt\/es\/wp-json\/wp\/v2\/product_tag?post=186845"}],"curies":[{"name":"wp","href":"https:\/\/api.w.org\/{rel}","templated":true}]}}