{"id":186801,"date":"2024-05-09T22:40:40","date_gmt":"2024-05-09T22:40:40","guid":{"rendered":"https:\/\/aldeco.pt\/staging\/product\/tooley\/"},"modified":"2024-09-30T08:53:43","modified_gmt":"2024-09-30T08:53:43","slug":"tooley","status":"publish","type":"product","link":"https:\/\/staging.aldeco.pt\/es\/product\/tooley\/","title":{"rendered":"TOOLEY"},"content":{"rendered":"<p>TOOLEY es una tela de aspecto lino de doble ancho ideal para cortinas. Es una tela ligera y muy natural con una ca\u00edda perfecta para visillos gracias tambi\u00e9n a la banda de plomo. Est\u00e1 disponible en 4 colores.<\/p>\n","protected":false},"excerpt":{"rendered":"<p>TOOLEY es una tela de aspecto lino de doble ancho ideal para cortinas. Es una tela ligera y muy natural con una ca\u00edda perfecta para visillos gracias tambi\u00e9n a la banda de plomo. Est\u00e1 disponible en 4 colores.<\/p>\n<h2>TOOLEY es una tela de aspecto lino de doble ancho ideal para cortinas. Es una tela ligera y muy natural con una ca\u00edda perfecta para visillos gracias tambi\u00e9n a la banda de plomo. Est\u00e1 disponible en 4 colores.<\/h2>\n<p><img fetchpriority=\"high\" decoding=\"async\" class=\"alignnone size-medium wp-image-189155\" src=\"https:\/\/aldeco.pt\/staging\/wp-content\/uploads\/2024\/03\/T017740001-300x225.jpg\" alt=\"\" width=\"300\" height=\"225\" \/><\/p>\n<p><a href=\"https:\/\/www.instagram.com\/aldeco_interiorfabrics\/\">https:\/\/www.instagram.com\/aldeco_interiorfabrics\/<\/a><\/p>\n<p><a href=\"https:\/\/aldeco.pt\/staging\/product\/tooley\/?attribute_pa_aldeco-color=01-white\">https:\/\/aldeco.pt\/staging\/product\/tooley\/?attribute_pa_aldeco-color=01-white<\/a><\/p>\n","protected":false},"featured_media":160789,"template":"","meta":[],"product_brand":[],"product_cat":[],"product_tag":[],"class_list":{"0":"post-186801","1":"product","2":"type-product","3":"status-publish","4":"has-post-thumbnail","8":"first","9":"instock","10":"purchasable","11":"product-type-variable"},"acf":[],"_links":{"self":[{"href":"https:\/\/staging.aldeco.pt\/es\/wp-json\/wp\/v2\/product\/186801","targetHints":{"allow":["GET"]}}],"collection":[{"href":"https:\/\/staging.aldeco.pt\/es\/wp-json\/wp\/v2\/product"}],"about":[{"href":"https:\/\/staging.aldeco.pt\/es\/wp-json\/wp\/v2\/types\/product"}],"version-history":[{"count":2,"href":"https:\/\/staging.aldeco.pt\/es\/wp-json\/wp\/v2\/product\/186801\/revisions"}],"predecessor-version":[{"id":200769,"href":"https:\/\/staging.aldeco.pt\/es\/wp-json\/wp\/v2\/product\/186801\/revisions\/200769"}],"wp:featuredmedia":[{"embeddable":true,"href":"https:\/\/staging.aldeco.pt\/es\/wp-json\/wp\/v2\/media\/160789"}],"wp:attachment":[{"href":"https:\/\/staging.aldeco.pt\/es\/wp-json\/wp\/v2\/media?parent=186801"}],"wp:term":[{"taxonomy":"product_brand","embeddable":true,"href":"https:\/\/staging.aldeco.pt\/es\/wp-json\/wp\/v2\/product_brand?post=186801"},{"taxonomy":"product_cat","embeddable":true,"href":"https:\/\/staging.aldeco.pt\/es\/wp-json\/wp\/v2\/product_cat?post=186801"},{"taxonomy":"product_tag","embeddable":true,"href":"https:\/\/staging.aldeco.pt\/es\/wp-json\/wp\/v2\/product_tag?post=186801"}],"curies":[{"name":"wp","href":"https:\/\/api.w.org\/{rel}","templated":true}]}}