{"id":186779,"date":"2024-05-09T22:41:48","date_gmt":"2024-05-09T22:41:48","guid":{"rendered":"https:\/\/aldeco.pt\/staging\/product\/trendy-fr\/"},"modified":"2024-10-03T11:01:49","modified_gmt":"2024-10-03T11:01:49","slug":"trendy-fr","status":"publish","type":"product","link":"https:\/\/staging.aldeco.pt\/es\/product\/trendy-fr\/","title":{"rendered":"TRENDY FR"},"content":{"rendered":"<p>Una necesidad de esta colecci\u00f3n, Trendy es una tela muy resistente y de cuerpo completo que mezcla 2 o m\u00e1s colores en hilos de chenilla. Esta es la soluci\u00f3n para ser audaz y creativo al decorar, gracias a la paleta de colores de Trendy.<\/p>\n","protected":false},"excerpt":{"rendered":"<p>Una necesidad de esta colecci\u00f3n, Trendy es una tela muy resistente y de cuerpo completo que mezcla 2 o m\u00e1s colores en hilos de chenilla. Esta es la soluci\u00f3n para ser audaz y creativo al decorar, gracias a la paleta de colores de Trendy.<\/p>\n<h2>Trendy FR es una tela muy resistente y de cuerpo completo que mezcla 2 o m\u00e1s colores en hilos de chenilla. Esta es la soluci\u00f3n para ser audaz y creativo al decorar, gracias a la paleta de colores de Trendy.<\/h2>\n<p><img fetchpriority=\"high\" decoding=\"async\" class=\"alignnone size-medium wp-image-189187\" src=\"https:\/\/aldeco.pt\/staging\/wp-content\/uploads\/2024\/03\/T190360001-300x200.jpg\" alt=\"\" width=\"300\" height=\"200\" \/><\/p>\n<p><a href=\"https:\/\/www.instagram.com\/aldeco_interiorfabrics\/\">https:\/\/www.instagram.com\/aldeco_interiorfabrics\/<\/a><a href=\"https:\/\/aldeco.pt\/staging\/product\/trendy-fr\/?attribute_pa_aldeco-color=01-white-sand\">https:\/\/aldeco.pt\/staging\/product\/trendy-fr\/?attribute_pa_aldeco-color=01-white-sand<\/a><\/p>\n","protected":false},"featured_media":157443,"template":"","meta":[],"product_brand":[],"product_cat":[6146],"product_tag":[],"class_list":{"0":"post-186779","1":"product","2":"type-product","3":"status-publish","4":"has-post-thumbnail","6":"product_cat-aldeco-2-es","7":"pa_cleanability-8283","8":"pa_composition-ext-58-2-ac-35-3-pes-tex-3-9-pes-2-6-vi-es","9":"pa_contract-fabrics-1-es","10":"pa_interior-fabrics-1-es","11":"pa_line-telas","12":"pa_lithfastness-6-es","13":"pa_outdoor-0-es","14":"pa_range-chenilla","15":"pa_special-treatments-fabrics-1-es","18":"first","19":"instock","20":"purchasable","21":"product-type-variable"},"acf":[],"_links":{"self":[{"href":"https:\/\/staging.aldeco.pt\/es\/wp-json\/wp\/v2\/product\/186779","targetHints":{"allow":["GET"]}}],"collection":[{"href":"https:\/\/staging.aldeco.pt\/es\/wp-json\/wp\/v2\/product"}],"about":[{"href":"https:\/\/staging.aldeco.pt\/es\/wp-json\/wp\/v2\/types\/product"}],"version-history":[{"count":3,"href":"https:\/\/staging.aldeco.pt\/es\/wp-json\/wp\/v2\/product\/186779\/revisions"}],"predecessor-version":[{"id":200528,"href":"https:\/\/staging.aldeco.pt\/es\/wp-json\/wp\/v2\/product\/186779\/revisions\/200528"}],"wp:featuredmedia":[{"embeddable":true,"href":"https:\/\/staging.aldeco.pt\/es\/wp-json\/wp\/v2\/media\/157443"}],"wp:attachment":[{"href":"https:\/\/staging.aldeco.pt\/es\/wp-json\/wp\/v2\/media?parent=186779"}],"wp:term":[{"taxonomy":"product_brand","embeddable":true,"href":"https:\/\/staging.aldeco.pt\/es\/wp-json\/wp\/v2\/product_brand?post=186779"},{"taxonomy":"product_cat","embeddable":true,"href":"https:\/\/staging.aldeco.pt\/es\/wp-json\/wp\/v2\/product_cat?post=186779"},{"taxonomy":"product_tag","embeddable":true,"href":"https:\/\/staging.aldeco.pt\/es\/wp-json\/wp\/v2\/product_tag?post=186779"}],"curies":[{"name":"wp","href":"https:\/\/api.w.org\/{rel}","templated":true}]}}