{"id":186778,"date":"2024-05-09T22:38:01","date_gmt":"2024-05-09T22:38:01","guid":{"rendered":"https:\/\/aldeco.pt\/staging\/product\/theatre-velvet\/"},"modified":"2024-10-07T15:56:26","modified_gmt":"2024-10-07T15:56:26","slug":"theatre-velvet","status":"publish","type":"product","link":"https:\/\/staging.aldeco.pt\/es\/product\/theatre-velvet\/","title":{"rendered":"TH\u00c9ATRE VELVET"},"content":{"rendered":"<p>Este terciopelo es una tela de tapicer\u00eda con un alto relieve y alta resistencia a la abrasi\u00f3n. Es un terciopelo de lana rico y corpulento compuesto de lana de alpaca y lana virgen. Esta tela especial est\u00e1 disponible en 12 colores.<\/p>\n","protected":false},"excerpt":{"rendered":"<p>Este terciopelo es una tela de tapicer\u00eda con un alto relieve y alta resistencia a la abrasi\u00f3n. Es un terciopelo de lana rico y corpulento compuesto de lana de alpaca y lana virgen. Esta tela especial est\u00e1 disponible en 12 colores.<\/p>\n<h2>Th\u00e9atre Velvet es una tela de tapicer\u00eda con un alto relieve y alta resistencia a la abrasi\u00f3n. Es un terciopelo de lana rico y corpulento compuesto de lana de alpaca y lana virgen. Esta tela especial est\u00e1 disponible en 12 colores.<\/h2>\n<p><img fetchpriority=\"high\" decoding=\"async\" class=\"alignnone wp-image-90316 size-medium\" src=\"https:\/\/aldeco.pt\/staging\/wp-content\/uploads\/2024\/01\/T015450007-1-300x300.jpg\" alt=\"Th\u00e9atre Velvet - Aldeco\" width=\"300\" height=\"300\" \/><\/p>\n<p><a href=\"https:\/\/www.instagram.com\/aldeco_interiorfabrics\/\">https:\/\/www.instagram.com\/aldeco_interiorfabrics\/<\/a><\/p>\n<p><a href=\"https:\/\/aldeco.pt\/staging\/product\/theatre-velvet\/?attribute_pa_aldeco-color=1\">https:\/\/aldeco.pt\/staging\/product\/theatre-velvet\/?attribute_pa_aldeco-color=1<\/a><\/p>\n","protected":false},"featured_media":76426,"template":"","meta":[],"product_brand":[],"product_cat":[6146],"product_tag":[],"class_list":{"0":"post-186778","1":"product","2":"type-product","3":"status-publish","4":"has-post-thumbnail","6":"product_cat-aldeco-2-es","7":"pa_cleanability-8283","8":"pa_composition-ext-pile-60-wp-27-wv-13-pa-es","9":"pa_interior-fabrics-1-es","10":"pa_line-telas","11":"pa_lithfastness-4-5-es","12":"pa_outdoor-0-es","13":"pa_range-terciopelo","16":"first","17":"instock","18":"purchasable","19":"product-type-variable"},"acf":[],"_links":{"self":[{"href":"https:\/\/staging.aldeco.pt\/es\/wp-json\/wp\/v2\/product\/186778","targetHints":{"allow":["GET"]}}],"collection":[{"href":"https:\/\/staging.aldeco.pt\/es\/wp-json\/wp\/v2\/product"}],"about":[{"href":"https:\/\/staging.aldeco.pt\/es\/wp-json\/wp\/v2\/types\/product"}],"version-history":[{"count":2,"href":"https:\/\/staging.aldeco.pt\/es\/wp-json\/wp\/v2\/product\/186778\/revisions"}],"predecessor-version":[{"id":202172,"href":"https:\/\/staging.aldeco.pt\/es\/wp-json\/wp\/v2\/product\/186778\/revisions\/202172"}],"wp:featuredmedia":[{"embeddable":true,"href":"https:\/\/staging.aldeco.pt\/es\/wp-json\/wp\/v2\/media\/76426"}],"wp:attachment":[{"href":"https:\/\/staging.aldeco.pt\/es\/wp-json\/wp\/v2\/media?parent=186778"}],"wp:term":[{"taxonomy":"product_brand","embeddable":true,"href":"https:\/\/staging.aldeco.pt\/es\/wp-json\/wp\/v2\/product_brand?post=186778"},{"taxonomy":"product_cat","embeddable":true,"href":"https:\/\/staging.aldeco.pt\/es\/wp-json\/wp\/v2\/product_cat?post=186778"},{"taxonomy":"product_tag","embeddable":true,"href":"https:\/\/staging.aldeco.pt\/es\/wp-json\/wp\/v2\/product_tag?post=186778"}],"curies":[{"name":"wp","href":"https:\/\/api.w.org\/{rel}","templated":true}]}}