{"id":186759,"date":"2024-05-09T22:25:16","date_gmt":"2024-05-09T22:25:16","guid":{"rendered":"https:\/\/aldeco.pt\/staging\/product\/tatami-wlb\/"},"modified":"2024-09-27T15:48:53","modified_gmt":"2024-09-27T15:48:53","slug":"tatami-wlb","status":"publish","type":"product","link":"https:\/\/staging.aldeco.pt\/es\/product\/tatami-wlb\/","title":{"rendered":"TATAMI WLB"},"content":{"rendered":"<p>El tatami es una tela de cortina con una transparencia muy especial, ya que tiene un efecto mixto que se asemeja al tatami tradicional japon\u00e9s, que luce crudo y natural. Adem\u00e1s, es una cortina muy ligera y viene en 4 colores, especialmente f\u00e1cil de complementar con cualquier tipo de decoraci\u00f3n. Este tejido est\u00e1 disponible con plomo Ecol\u00f3gico, para mayor versatilidad.<br \/>\nUn tatami es un tipo de alfombra que se utiliza como material para pisos en habitaciones de estilo tradicional japon\u00e9s. Por lo general, se cubren con paja tejida suave (igusa) y el n\u00facleo se hace tradicionalmente con paja de arroz.<\/p>\n","protected":false},"excerpt":{"rendered":"<p>El tatami es una tela de cortina con una transparencia muy especial, ya que tiene un efecto mixto que se asemeja al tatami tradicional japon\u00e9s, que luce crudo y natural. Adem\u00e1s, es una cortina muy ligera y viene en 4 colores, especialmente f\u00e1cil de complementar con cualquier tipo de decoraci\u00f3n. Este tejido est\u00e1 disponible con plomo Ecol\u00f3gico, para mayor versatilidad.<br \/>\nUn tatami es un tipo de alfombra que se utiliza como material para pisos en habitaciones de estilo tradicional japon\u00e9s. Por lo general, se cubren con paja tejida suave (igusa) y el n\u00facleo se hace tradicionalmente con paja de arroz.<\/p>\n<h2>Tatami Wlb es una tela de cortina con una transparencia muy especial, ya que tiene un efecto mixto que se asemeja al tatami tradicional japon\u00e9s, que luce crudo y natural. Adem\u00e1s, es una cortina muy ligera y viene en 4 colores, especialmente f\u00e1cil de complementar con cualquier tipo de decoraci\u00f3n. Este tejido est\u00e1 disponible con plomo Ecol\u00f3gico, para mayor versatilidad.<\/h2>\n<p><img fetchpriority=\"high\" decoding=\"async\" class=\"alignnone wp-image-189102 size-medium\" src=\"https:\/\/aldeco.pt\/staging\/wp-content\/uploads\/2024\/01\/T191980001-3-300x225.jpg\" alt=\"Tatami Wlb - Aldeco\" width=\"300\" height=\"225\" \/><\/p>\n<p><a href=\"https:\/\/www.instagram.com\/aldeco_interiorfabrics\/\">https:\/\/www.instagram.com\/aldeco_interiorfabrics\/<\/a><\/p>\n<p><a href=\"https:\/\/aldeco.pt\/staging\/product\/tatami-wlb\/?attribute_pa_aldeco-color=01-natural-white\">https:\/\/aldeco.pt\/staging\/product\/tatami-wlb\/?attribute_pa_aldeco-color=01-natural-white<\/a><\/p>\n","protected":false},"featured_media":160702,"template":"","meta":[],"product_brand":[],"product_cat":[6154],"product_tag":[],"class_list":{"0":"post-186759","1":"product","2":"type-product","3":"status-publish","4":"has-post-thumbnail","6":"product_cat-aldeco-smarter-es","7":"pa_cleanability-8283","8":"pa_composition-ext-100-pl-es","9":"pa_interior-fabrics-1-es","10":"pa_line-telas","11":"pa_lithfastness-5-es","12":"pa_outdoor-0-es","13":"pa_range-liso-es","14":"pa_range-transparencias","17":"first","18":"instock","19":"purchasable","20":"product-type-variable"},"acf":[],"_links":{"self":[{"href":"https:\/\/staging.aldeco.pt\/es\/wp-json\/wp\/v2\/product\/186759","targetHints":{"allow":["GET"]}}],"collection":[{"href":"https:\/\/staging.aldeco.pt\/es\/wp-json\/wp\/v2\/product"}],"about":[{"href":"https:\/\/staging.aldeco.pt\/es\/wp-json\/wp\/v2\/types\/product"}],"version-history":[{"count":2,"href":"https:\/\/staging.aldeco.pt\/es\/wp-json\/wp\/v2\/product\/186759\/revisions"}],"predecessor-version":[{"id":200871,"href":"https:\/\/staging.aldeco.pt\/es\/wp-json\/wp\/v2\/product\/186759\/revisions\/200871"}],"wp:featuredmedia":[{"embeddable":true,"href":"https:\/\/staging.aldeco.pt\/es\/wp-json\/wp\/v2\/media\/160702"}],"wp:attachment":[{"href":"https:\/\/staging.aldeco.pt\/es\/wp-json\/wp\/v2\/media?parent=186759"}],"wp:term":[{"taxonomy":"product_brand","embeddable":true,"href":"https:\/\/staging.aldeco.pt\/es\/wp-json\/wp\/v2\/product_brand?post=186759"},{"taxonomy":"product_cat","embeddable":true,"href":"https:\/\/staging.aldeco.pt\/es\/wp-json\/wp\/v2\/product_cat?post=186759"},{"taxonomy":"product_tag","embeddable":true,"href":"https:\/\/staging.aldeco.pt\/es\/wp-json\/wp\/v2\/product_tag?post=186759"}],"curies":[{"name":"wp","href":"https:\/\/api.w.org\/{rel}","templated":true}]}}