{"id":186751,"date":"2024-05-09T22:24:47","date_gmt":"2024-05-09T22:24:47","guid":{"rendered":"https:\/\/aldeco.pt\/staging\/product\/symbol\/"},"modified":"2024-09-24T08:18:34","modified_gmt":"2024-09-24T08:18:34","slug":"symbol","status":"publish","type":"product","link":"https:\/\/staging.aldeco.pt\/es\/product\/symbol\/","title":{"rendered":"SYMBOL"},"content":{"rendered":"<p>Es una tela de tapicer\u00eda jacquard con un dise\u00f1o geom\u00e9trico. La superposici\u00f3n de c\u00edrculos en un fondo degradado crea un efecto de rayas extremadamente din\u00e1mico Esta tela est\u00e1 disponible en solo 2 colores.<\/p>\n","protected":false},"excerpt":{"rendered":"<p>Es una tela de tapicer\u00eda jacquard con un dise\u00f1o geom\u00e9trico. La superposici\u00f3n de c\u00edrculos en un fondo degradado crea un efecto de rayas extremadamente din\u00e1mico Esta tela est\u00e1 disponible en solo 2 colores.s.<\/p>\n<h2>Symbol es una tela de tapicer\u00eda jacquard con un dise\u00f1o geom\u00e9trico. La superposici\u00f3n de c\u00edrculos en un fondo degradado crea un efecto de rayas extremadamente din\u00e1mico Esta tela est\u00e1 disponible en solo 2 colores.s.<\/h2>\n<p><img fetchpriority=\"high\" decoding=\"async\" class=\"alignnone wp-image-189097 size-medium\" src=\"https:\/\/aldeco.pt\/staging\/wp-content\/uploads\/2024\/03\/T016830001-300x280.jpg\" alt=\"Symbol - Aldeco\" width=\"300\" height=\"280\" \/><\/p>\n<p><a href=\"https:\/\/www.instagram.com\/aldeco_interiorfabrics\/\">https:\/\/www.instagram.com\/aldeco_interiorfabrics\/<\/a><a href=\"https:\/\/aldeco.pt\/staging\/product\/symbol\/?attribute_pa_aldeco-color=1\">https:\/\/aldeco.pt\/staging\/product\/symbol\/?attribute_pa_aldeco-color=1<\/a><\/p>\n","protected":false},"featured_media":160698,"template":"","meta":[],"product_brand":[],"product_cat":[6146],"product_tag":[],"class_list":{"0":"post-186751","1":"product","2":"type-product","3":"status-publish","4":"has-post-thumbnail","6":"product_cat-aldeco-2-es","7":"pa_cleanability-8283","8":"pa_composition-ext-50-vi-28-li-22-pl-es","9":"pa_interior-fabrics-1-es","10":"pa_line-telas","11":"pa_lithfastness-4-es","12":"pa_outdoor-0-es","13":"pa_range-jacquard-es","14":"pa_rapport-horizontal-0-es","15":"pa_rapport-vertical-15-es","18":"first","19":"instock","20":"purchasable","21":"product-type-variable"},"acf":[],"_links":{"self":[{"href":"https:\/\/staging.aldeco.pt\/es\/wp-json\/wp\/v2\/product\/186751","targetHints":{"allow":["GET"]}}],"collection":[{"href":"https:\/\/staging.aldeco.pt\/es\/wp-json\/wp\/v2\/product"}],"about":[{"href":"https:\/\/staging.aldeco.pt\/es\/wp-json\/wp\/v2\/types\/product"}],"version-history":[{"count":4,"href":"https:\/\/staging.aldeco.pt\/es\/wp-json\/wp\/v2\/product\/186751\/revisions"}],"predecessor-version":[{"id":200771,"href":"https:\/\/staging.aldeco.pt\/es\/wp-json\/wp\/v2\/product\/186751\/revisions\/200771"}],"wp:featuredmedia":[{"embeddable":true,"href":"https:\/\/staging.aldeco.pt\/es\/wp-json\/wp\/v2\/media\/160698"}],"wp:attachment":[{"href":"https:\/\/staging.aldeco.pt\/es\/wp-json\/wp\/v2\/media?parent=186751"}],"wp:term":[{"taxonomy":"product_brand","embeddable":true,"href":"https:\/\/staging.aldeco.pt\/es\/wp-json\/wp\/v2\/product_brand?post=186751"},{"taxonomy":"product_cat","embeddable":true,"href":"https:\/\/staging.aldeco.pt\/es\/wp-json\/wp\/v2\/product_cat?post=186751"},{"taxonomy":"product_tag","embeddable":true,"href":"https:\/\/staging.aldeco.pt\/es\/wp-json\/wp\/v2\/product_tag?post=186751"}],"curies":[{"name":"wp","href":"https:\/\/api.w.org\/{rel}","templated":true}]}}