{"id":186740,"date":"2024-05-09T22:19:13","date_gmt":"2024-05-09T22:19:13","guid":{"rendered":"https:\/\/aldeco.pt\/staging\/product\/stripe-mania\/"},"modified":"2024-08-29T14:41:26","modified_gmt":"2024-08-29T14:41:26","slug":"stripe-mania","status":"publish","type":"product","link":"https:\/\/staging.aldeco.pt\/es\/product\/stripe-mania\/","title":{"rendered":"STRIPE MANIA"},"content":{"rendered":"<p>Es una tela de tapicer\u00eda jacquard con rayas multicolores. La combinaci\u00f3n de colores var\u00eda entre tonos neutros y colores m\u00e1s divertidos. Disponible en 5 colores.<\/p>\n","protected":false},"excerpt":{"rendered":"<p>Es una tela de tapicer\u00eda jacquard con rayas multicolores. La combinaci\u00f3n de colores var\u00eda entre tonos neutros y colores m\u00e1s divertidos. Disponible en 5 colores.<\/p>\n<h2>Stripe Mania es una tela de tapicer\u00eda jacquard con rayas multicolores. La combinaci\u00f3n de colores var\u00eda entre tonos neutros y colores m\u00e1s divertidos. Disponible en 5 colores.<\/h2>\n<p><img fetchpriority=\"high\" decoding=\"async\" class=\"alignnone wp-image-189078 size-medium\" src=\"https:\/\/aldeco.pt\/staging\/wp-content\/uploads\/2024\/03\/T018430001-300x280.jpg\" alt=\"Stripe Mania - Aldeco\" width=\"300\" height=\"280\"><\/p>\n<p><a href=\"https:\/\/www.instagram.com\/aldeco_interiorfabrics\/\">https:\/\/www.instagram.com\/aldeco_interiorfabrics\/<\/a><\/p>\n<p><a href=\"https:\/\/aldeco.pt\/staging\/product\/stripe-mania\/?attribute_pa_aldeco-color=1-bright-beige\">https:\/\/aldeco.pt\/staging\/product\/stripe-mania\/?attribute_pa_aldeco-color=1-bright-beige<\/a><\/p>\n","protected":false},"featured_media":157235,"template":"","meta":[],"product_brand":[],"product_cat":[6146],"product_tag":[],"class_list":{"0":"post-186740","1":"product","2":"type-product","3":"status-publish","4":"has-post-thumbnail","6":"product_cat-aldeco-2-es","7":"pa_cleanability-8283","8":"pa_composition-ext-48-pl-52-co-es","9":"pa_interior-fabrics-1-es","10":"pa_line-telas","11":"pa_lithfastness-9681","12":"pa_outdoor-0-es","13":"pa_range-jacquard-es","14":"pa_rapport-horizontal-27-9-es","17":"first","18":"instock","19":"purchasable","20":"product-type-variable"},"acf":[],"_links":{"self":[{"href":"https:\/\/staging.aldeco.pt\/es\/wp-json\/wp\/v2\/product\/186740","targetHints":{"allow":["GET"]}}],"collection":[{"href":"https:\/\/staging.aldeco.pt\/es\/wp-json\/wp\/v2\/product"}],"about":[{"href":"https:\/\/staging.aldeco.pt\/es\/wp-json\/wp\/v2\/types\/product"}],"version-history":[{"count":1,"href":"https:\/\/staging.aldeco.pt\/es\/wp-json\/wp\/v2\/product\/186740\/revisions"}],"predecessor-version":[{"id":192982,"href":"https:\/\/staging.aldeco.pt\/es\/wp-json\/wp\/v2\/product\/186740\/revisions\/192982"}],"wp:featuredmedia":[{"embeddable":true,"href":"https:\/\/staging.aldeco.pt\/es\/wp-json\/wp\/v2\/media\/157235"}],"wp:attachment":[{"href":"https:\/\/staging.aldeco.pt\/es\/wp-json\/wp\/v2\/media?parent=186740"}],"wp:term":[{"taxonomy":"product_brand","embeddable":true,"href":"https:\/\/staging.aldeco.pt\/es\/wp-json\/wp\/v2\/product_brand?post=186740"},{"taxonomy":"product_cat","embeddable":true,"href":"https:\/\/staging.aldeco.pt\/es\/wp-json\/wp\/v2\/product_cat?post=186740"},{"taxonomy":"product_tag","embeddable":true,"href":"https:\/\/staging.aldeco.pt\/es\/wp-json\/wp\/v2\/product_tag?post=186740"}],"curies":[{"name":"wp","href":"https:\/\/api.w.org\/{rel}","templated":true}]}}