{"id":186701,"date":"2024-05-09T22:17:14","date_gmt":"2024-05-09T22:17:14","guid":{"rendered":"https:\/\/aldeco.pt\/staging\/product\/starlight\/"},"modified":"2024-10-03T13:26:45","modified_gmt":"2024-10-03T13:26:45","slug":"starlight","status":"publish","type":"product","link":"https:\/\/staging.aldeco.pt\/es\/product\/starlight\/","title":{"rendered":"STARLIGHT"},"content":{"rendered":"<p>STARLIGHT es un maravilloso tejido dobby, se caracteriza por un patr\u00f3n de estrellas y una textura extra. El dise\u00f1o multitono y su patr\u00f3n resaltan la textura en un tejido bien equilibrado.<\/p>\n","protected":false},"excerpt":{"rendered":"<p>STARLIGHT es un maravilloso tejido dobby, se caracteriza por un patr\u00f3n de estrellas y una textura extra. El dise\u00f1o multitono y su patr\u00f3n resaltan la textura en un tejido bien equilibrado.<\/p>\n<h2>STARLIGHT es un maravilloso tejido dobby, se caracteriza por un patr\u00f3n de estrellas y una textura extra. El dise\u00f1o multitono y su patr\u00f3n resaltan la textura en un tejido bien equilibrado.<\/h2>\n<p><img fetchpriority=\"high\" decoding=\"async\" class=\"alignnone wp-image-189051 size-medium\" src=\"https:\/\/aldeco.pt\/staging\/wp-content\/uploads\/2024\/01\/T190720001-3-300x200.jpg\" alt=\"Starlight - Aldeco\" width=\"300\" height=\"200\" \/><\/p>\n<p><a href=\"https:\/\/www.instagram.com\/aldeco_interiorfabrics\/\">https:\/\/www.instagram.com\/aldeco_interiorfabrics\/<\/a><\/p>\n<p><a href=\"https:\/\/aldeco.pt\/staging\/product\/starlight\/?attribute_pa_aldeco-color=01-natural-shades-stone\">https:\/\/aldeco.pt\/staging\/product\/starlight\/?attribute_pa_aldeco-color=01-natural-shades-stone<\/a><\/p>\n","protected":false},"featured_media":160572,"template":"","meta":[],"product_brand":[],"product_cat":[6146],"product_tag":[],"class_list":{"0":"post-186701","1":"product","2":"type-product","3":"status-publish","4":"has-post-thumbnail","6":"product_cat-aldeco-2-es","7":"pa_cleanability-8283","8":"pa_composition-ext-68-vi-32-li-es","9":"pa_interior-fabrics-1-es","10":"pa_line-telas","11":"pa_lithfastness-4-es","12":"pa_outdoor-0-es","13":"pa_range-jacquard-es","14":"pa_rapport-horizontal-14-es","15":"pa_rapport-vertical-14-es","18":"first","19":"instock","20":"purchasable","21":"product-type-variable"},"acf":[],"_links":{"self":[{"href":"https:\/\/staging.aldeco.pt\/es\/wp-json\/wp\/v2\/product\/186701","targetHints":{"allow":["GET"]}}],"collection":[{"href":"https:\/\/staging.aldeco.pt\/es\/wp-json\/wp\/v2\/product"}],"about":[{"href":"https:\/\/staging.aldeco.pt\/es\/wp-json\/wp\/v2\/types\/product"}],"version-history":[{"count":3,"href":"https:\/\/staging.aldeco.pt\/es\/wp-json\/wp\/v2\/product\/186701\/revisions"}],"predecessor-version":[{"id":201985,"href":"https:\/\/staging.aldeco.pt\/es\/wp-json\/wp\/v2\/product\/186701\/revisions\/201985"}],"wp:featuredmedia":[{"embeddable":true,"href":"https:\/\/staging.aldeco.pt\/es\/wp-json\/wp\/v2\/media\/160572"}],"wp:attachment":[{"href":"https:\/\/staging.aldeco.pt\/es\/wp-json\/wp\/v2\/media?parent=186701"}],"wp:term":[{"taxonomy":"product_brand","embeddable":true,"href":"https:\/\/staging.aldeco.pt\/es\/wp-json\/wp\/v2\/product_brand?post=186701"},{"taxonomy":"product_cat","embeddable":true,"href":"https:\/\/staging.aldeco.pt\/es\/wp-json\/wp\/v2\/product_cat?post=186701"},{"taxonomy":"product_tag","embeddable":true,"href":"https:\/\/staging.aldeco.pt\/es\/wp-json\/wp\/v2\/product_tag?post=186701"}],"curies":[{"name":"wp","href":"https:\/\/api.w.org\/{rel}","templated":true}]}}