{"id":186690,"date":"2024-05-09T22:18:23","date_gmt":"2024-05-09T22:18:23","guid":{"rendered":"https:\/\/aldeco.pt\/staging\/product\/storm-fr\/"},"modified":"2024-10-07T15:55:20","modified_gmt":"2024-10-07T15:55:20","slug":"storm-fr","status":"publish","type":"product","link":"https:\/\/staging.aldeco.pt\/es\/product\/storm-fr\/","title":{"rendered":"STORM FR"},"content":{"rendered":"<p>STORM FR es un cuero sint\u00e9tico resistente de f\u00e1cil mantenimiento recomendado para exteriores. Es resistente al fuego seg\u00fan DIN EN 1021: 1+2 y est\u00e1 disponible en 13 colores.<\/p>\n","protected":false},"excerpt":{"rendered":"<p>STORM FR es un cuero sint\u00e9tico resistente de f\u00e1cil mantenimiento recomendado para exteriores. Es resistente al fuego seg\u00fan DIN EN 1021: 1+2 y est\u00e1 disponible en 13 colores.<\/p>\n<h2>STORM FR es un cuero sint\u00e9tico resistente de f\u00e1cil mantenimiento recomendado para exteriores. Es resistente al fuego seg\u00fan DIN EN 1021: 1+2 y est\u00e1 disponible en 13 colores.<\/h2>\n<p><img fetchpriority=\"high\" decoding=\"async\" class=\"alignnone wp-image-69466 size-medium\" src=\"https:\/\/aldeco.pt\/staging\/wp-content\/uploads\/2024\/01\/T190600009-1-300x200.jpg\" alt=\"Storm FR - Aldeco\" width=\"300\" height=\"200\" \/><\/p>\n<p><a href=\"https:\/\/www.instagram.com\/aldeco_interiorfabrics\/\">https:\/\/www.instagram.com\/aldeco_interiorfabrics\/<\/a><\/p>\n<p><a href=\"https:\/\/aldeco.pt\/staging\/product\/storm-fr\/?attribute_pa_aldeco-color=01-off-white\">https:\/\/aldeco.pt\/staging\/product\/storm-fr\/?attribute_pa_aldeco-color=01-off-white<\/a><\/p>\n","protected":false},"featured_media":146104,"template":"","meta":[],"product_brand":[],"product_cat":[6146],"product_tag":[],"class_list":{"0":"post-186690","1":"product","2":"type-product","3":"status-publish","4":"has-post-thumbnail","6":"product_cat-aldeco-2-es","7":"pa_cleanability-8283","8":"pa_composition-ext-12-pu-70-pvc-12-pl-6-co-es","9":"pa_contract-fabrics-1-es","10":"pa_indoor-fabrics-1-es","11":"pa_interior-fabrics-1-es","12":"pa_line-telas","13":"pa_lithfastness-6-7-es","14":"pa_outdoor-0-es","15":"pa_range-polipiel","16":"pa_special-treatments-fabrics-1-es","19":"first","20":"instock","21":"purchasable","22":"product-type-variable"},"acf":[],"_links":{"self":[{"href":"https:\/\/staging.aldeco.pt\/es\/wp-json\/wp\/v2\/product\/186690","targetHints":{"allow":["GET"]}}],"collection":[{"href":"https:\/\/staging.aldeco.pt\/es\/wp-json\/wp\/v2\/product"}],"about":[{"href":"https:\/\/staging.aldeco.pt\/es\/wp-json\/wp\/v2\/types\/product"}],"version-history":[{"count":2,"href":"https:\/\/staging.aldeco.pt\/es\/wp-json\/wp\/v2\/product\/186690\/revisions"}],"predecessor-version":[{"id":202171,"href":"https:\/\/staging.aldeco.pt\/es\/wp-json\/wp\/v2\/product\/186690\/revisions\/202171"}],"wp:featuredmedia":[{"embeddable":true,"href":"https:\/\/staging.aldeco.pt\/es\/wp-json\/wp\/v2\/media\/146104"}],"wp:attachment":[{"href":"https:\/\/staging.aldeco.pt\/es\/wp-json\/wp\/v2\/media?parent=186690"}],"wp:term":[{"taxonomy":"product_brand","embeddable":true,"href":"https:\/\/staging.aldeco.pt\/es\/wp-json\/wp\/v2\/product_brand?post=186690"},{"taxonomy":"product_cat","embeddable":true,"href":"https:\/\/staging.aldeco.pt\/es\/wp-json\/wp\/v2\/product_cat?post=186690"},{"taxonomy":"product_tag","embeddable":true,"href":"https:\/\/staging.aldeco.pt\/es\/wp-json\/wp\/v2\/product_tag?post=186690"}],"curies":[{"name":"wp","href":"https:\/\/api.w.org\/{rel}","templated":true}]}}