{"id":186688,"date":"2024-05-09T22:19:39","date_gmt":"2024-05-09T22:19:39","guid":{"rendered":"https:\/\/aldeco.pt\/staging\/product\/stripy\/"},"modified":"2024-08-29T14:41:25","modified_gmt":"2024-08-29T14:41:25","slug":"stripy","status":"publish","type":"product","link":"https:\/\/staging.aldeco.pt\/es\/product\/stripy\/","title":{"rendered":"STRIPY"},"content":{"rendered":"<p>Es una tela de tapicer\u00eda jacquard ligera con rayas multicolores. La combinaci\u00f3n de colores var\u00eda entre tonos neutros y colores m\u00e1s divertidos. Esta tela de algod\u00f3n est\u00e1 disponible en 5 colores.<\/p>\n","protected":false},"excerpt":{"rendered":"<p>Es una tela de tapicer\u00eda jacquard ligera con rayas multicolores. La combinaci\u00f3n de colores var\u00eda entre tonos neutros y colores m\u00e1s divertidos. Esta tela de algod\u00f3n est\u00e1 disponible en 5 colores.<\/p>\n<h2>Stripy es una tela de tapicer\u00eda jacquard ligera con rayas multicolores. La combinaci\u00f3n de colores var\u00eda entre tonos neutros y colores m\u00e1s divertidos. Esta tela de algod\u00f3n est\u00e1 disponible en 5 colores.<\/h2>\n<p><img decoding=\"async\" class=\"alignnone wp-image-189083 size-full\" src=\"https:\/\/aldeco.pt\/staging\/wp-content\/uploads\/2024\/03\/T018420001.jpg\" alt=\"Stripy - Aldeco\" width=\"177\" height=\"177\"><\/p>\n<p><a href=\"https:\/\/www.instagram.com\/aldeco_interiorfabrics\/\">https:\/\/www.instagram.com\/aldeco_interiorfabrics\/<\/a><\/p>\n<p><a href=\"https:\/\/aldeco.pt\/staging\/product\/stripy\/?attribute_pa_aldeco-color=1-tropical-white\">https:\/\/aldeco.pt\/staging\/product\/stripy\/?attribute_pa_aldeco-color=1-tropical-white<\/a><\/p>\n","protected":false},"featured_media":157245,"template":"","meta":[],"product_brand":[],"product_cat":[6146],"product_tag":[],"class_list":{"0":"post-186688","1":"product","2":"type-product","3":"status-publish","4":"has-post-thumbnail","6":"product_cat-aldeco-2-es","7":"pa_cleanability-8283","8":"pa_composition-ext-100-co-es","9":"pa_interior-fabrics-1-es","10":"pa_line-telas","11":"pa_lithfastness-9681","12":"pa_outdoor-0-es","13":"pa_range-jacquard-es","14":"pa_rapport-horizontal-33-7-es","17":"first","18":"instock","19":"purchasable","20":"product-type-variable"},"acf":[],"_links":{"self":[{"href":"https:\/\/staging.aldeco.pt\/es\/wp-json\/wp\/v2\/product\/186688","targetHints":{"allow":["GET"]}}],"collection":[{"href":"https:\/\/staging.aldeco.pt\/es\/wp-json\/wp\/v2\/product"}],"about":[{"href":"https:\/\/staging.aldeco.pt\/es\/wp-json\/wp\/v2\/types\/product"}],"version-history":[{"count":1,"href":"https:\/\/staging.aldeco.pt\/es\/wp-json\/wp\/v2\/product\/186688\/revisions"}],"predecessor-version":[{"id":192983,"href":"https:\/\/staging.aldeco.pt\/es\/wp-json\/wp\/v2\/product\/186688\/revisions\/192983"}],"wp:featuredmedia":[{"embeddable":true,"href":"https:\/\/staging.aldeco.pt\/es\/wp-json\/wp\/v2\/media\/157245"}],"wp:attachment":[{"href":"https:\/\/staging.aldeco.pt\/es\/wp-json\/wp\/v2\/media?parent=186688"}],"wp:term":[{"taxonomy":"product_brand","embeddable":true,"href":"https:\/\/staging.aldeco.pt\/es\/wp-json\/wp\/v2\/product_brand?post=186688"},{"taxonomy":"product_cat","embeddable":true,"href":"https:\/\/staging.aldeco.pt\/es\/wp-json\/wp\/v2\/product_cat?post=186688"},{"taxonomy":"product_tag","embeddable":true,"href":"https:\/\/staging.aldeco.pt\/es\/wp-json\/wp\/v2\/product_tag?post=186688"}],"curies":[{"name":"wp","href":"https:\/\/api.w.org\/{rel}","templated":true}]}}