{"id":186668,"date":"2024-05-09T22:15:58","date_gmt":"2024-05-09T22:15:58","guid":{"rendered":"https:\/\/aldeco.pt\/staging\/product\/spin-velvet\/"},"modified":"2024-10-08T08:50:00","modified_gmt":"2024-10-08T08:50:00","slug":"spin-velvet","status":"publish","type":"product","link":"https:\/\/staging.aldeco.pt\/es\/product\/spin-velvet\/","title":{"rendered":"SPIN VELVET"},"content":{"rendered":"<p>Un terciopelo vers\u00e1til estampado con un motivo chevron muy elegante y discreto. SPIN VELVET es un terciopelo de algod\u00f3n muy resistente para tus proyectos de tapicer\u00eda.<\/p>\n","protected":false},"excerpt":{"rendered":"<p>Un terciopelo vers\u00e1til estampado con un motivo chevron muy elegante y discreto. SPIN VELVET es un terciopelo de algod\u00f3n muy resistente para tus proyectos de tapicer\u00eda.<\/p>\n<h2>Spin Velvet un terciopelo vers\u00e1til estampado con un motivo chevron muy elegante y discreto. SPIN VELVET es un terciopelo de algod\u00f3n muy resistente para tus proyectos de tapicer\u00eda.<\/h2>\n<p><img fetchpriority=\"high\" decoding=\"async\" class=\"alignnone wp-image-189019 size-full\" src=\"https:\/\/aldeco.pt\/staging\/wp-content\/uploads\/2024\/03\/T018360001.jpg\" alt=\"Spin Velvet - Aldeco\" width=\"300\" height=\"300\" \/><\/p>\n<p><a href=\"https:\/\/www.instagram.com\/aldeco_interiorfabrics\/\">https:\/\/www.instagram.com\/aldeco_interiorfabrics\/<\/a><\/p>\n<p><a href=\"https:\/\/aldeco.pt\/staging\/product\/spin-velvet\/?attribute_pa_aldeco-color=1-hummus\">https:\/\/aldeco.pt\/staging\/product\/spin-velvet\/?attribute_pa_aldeco-color=1-hummus<\/a><\/p>\n","protected":false},"featured_media":137653,"template":"","meta":[],"product_brand":[],"product_cat":[6146],"product_tag":[],"class_list":{"0":"post-186668","1":"product","2":"type-product","3":"status-publish","4":"has-post-thumbnail","6":"product_cat-aldeco-2-es","7":"pa_cleanability-8283","8":"pa_composition-ext-91-co-9-pl-pile-100-co-es","9":"pa_interior-fabrics-1-es","10":"pa_line-telas","11":"pa_lithfastness-4-5-es","12":"pa_outdoor-0-es","13":"pa_range-terciopelo","14":"pa_rapport-horizontal-3-es","17":"first","18":"instock","19":"purchasable","20":"product-type-variable"},"acf":[],"_links":{"self":[{"href":"https:\/\/staging.aldeco.pt\/es\/wp-json\/wp\/v2\/product\/186668","targetHints":{"allow":["GET"]}}],"collection":[{"href":"https:\/\/staging.aldeco.pt\/es\/wp-json\/wp\/v2\/product"}],"about":[{"href":"https:\/\/staging.aldeco.pt\/es\/wp-json\/wp\/v2\/types\/product"}],"version-history":[{"count":2,"href":"https:\/\/staging.aldeco.pt\/es\/wp-json\/wp\/v2\/product\/186668\/revisions"}],"predecessor-version":[{"id":202184,"href":"https:\/\/staging.aldeco.pt\/es\/wp-json\/wp\/v2\/product\/186668\/revisions\/202184"}],"wp:featuredmedia":[{"embeddable":true,"href":"https:\/\/staging.aldeco.pt\/es\/wp-json\/wp\/v2\/media\/137653"}],"wp:attachment":[{"href":"https:\/\/staging.aldeco.pt\/es\/wp-json\/wp\/v2\/media?parent=186668"}],"wp:term":[{"taxonomy":"product_brand","embeddable":true,"href":"https:\/\/staging.aldeco.pt\/es\/wp-json\/wp\/v2\/product_brand?post=186668"},{"taxonomy":"product_cat","embeddable":true,"href":"https:\/\/staging.aldeco.pt\/es\/wp-json\/wp\/v2\/product_cat?post=186668"},{"taxonomy":"product_tag","embeddable":true,"href":"https:\/\/staging.aldeco.pt\/es\/wp-json\/wp\/v2\/product_tag?post=186668"}],"curies":[{"name":"wp","href":"https:\/\/api.w.org\/{rel}","templated":true}]}}