{"id":186609,"date":"2024-05-09T22:14:50","date_gmt":"2024-05-09T22:14:50","guid":{"rendered":"https:\/\/aldeco.pt\/staging\/product\/specialist-fr\/"},"modified":"2025-10-02T09:19:47","modified_gmt":"2025-10-02T09:19:47","slug":"specialist-fr","status":"publish","type":"product","link":"https:\/\/staging.aldeco.pt\/es\/product\/specialist-fr\/","title":{"rendered":"SPECIALIST FR"},"content":{"rendered":"<p>Un lino con un aspecto caracter\u00edstico muy natural y org\u00e1nico, apto para tapizar. Colores cuidadosamente desarrollados para combinar con los diferentes dise\u00f1os de esta colecci\u00f3n as\u00ed como con el resto. Este tejido vers\u00e1til est\u00e1 disponible en 16 colores.<\/p>\n","protected":false},"excerpt":{"rendered":"<p>Un lino con un aspecto caracter\u00edstico muy natural y org\u00e1nico, apto para tapizar. Colores cuidadosamente desarrollados para combinar con los diferentes dise\u00f1os de esta colecci\u00f3n as\u00ed como con el resto. Este tejido vers\u00e1til est\u00e1 disponible en 16 colores.<\/p>\n<h2>Specialist FR un lino con un aspecto caracter\u00edstico muy natural y org\u00e1nico, apto para tapizar. Colores cuidadosamente desarrollados para combinar con los diferentes dise\u00f1os de esta colecci\u00f3n as\u00ed como con el resto. Este tejido vers\u00e1til est\u00e1 disponible en 16 colores.<\/h2>\n<p><img fetchpriority=\"high\" decoding=\"async\" class=\"alignnone wp-image-189014 size-medium\" src=\"https:\/\/aldeco.pt\/staging\/wp-content\/uploads\/2024\/01\/T191320001-5-300x212.jpg\" alt=\"Specialist FR - Aldeco\" width=\"300\" height=\"212\" \/><\/p>\n<p><a href=\"https:\/\/www.instagram.com\/aldeco_interiorfabrics\/\">https:\/\/www.instagram.com\/aldeco_interiorfabrics\/<\/a><a href=\"https:\/\/aldeco.pt\/staging\/product\/specialist-fr\/?attribute_pa_aldeco-color=01-off-white-linen\">https:\/\/aldeco.pt\/staging\/product\/specialist-fr\/?attribute_pa_aldeco-color=01-off-white-linen<\/a><\/p>\n","protected":false},"featured_media":160560,"template":"","meta":[],"product_brand":[],"product_cat":[6146],"product_tag":[],"class_list":{"0":"post-186609","1":"product","2":"type-product","3":"status-publish","4":"has-post-thumbnail","6":"product_cat-aldeco-2-es","7":"pa_cleanability-8283","8":"pa_composition-ext-100-li-es","9":"pa_contract-fabrics-1-es","10":"pa_interior-fabrics-1-es","11":"pa_line-telas","12":"pa_lithfastness-4-es","13":"pa_outdoor-0-es","14":"pa_range-liso-es","17":"first","18":"instock","19":"purchasable","20":"product-type-variable"},"acf":[],"_links":{"self":[{"href":"https:\/\/staging.aldeco.pt\/es\/wp-json\/wp\/v2\/product\/186609","targetHints":{"allow":["GET"]}}],"collection":[{"href":"https:\/\/staging.aldeco.pt\/es\/wp-json\/wp\/v2\/product"}],"about":[{"href":"https:\/\/staging.aldeco.pt\/es\/wp-json\/wp\/v2\/types\/product"}],"version-history":[{"count":6,"href":"https:\/\/staging.aldeco.pt\/es\/wp-json\/wp\/v2\/product\/186609\/revisions"}],"predecessor-version":[{"id":224510,"href":"https:\/\/staging.aldeco.pt\/es\/wp-json\/wp\/v2\/product\/186609\/revisions\/224510"}],"wp:featuredmedia":[{"embeddable":true,"href":"https:\/\/staging.aldeco.pt\/es\/wp-json\/wp\/v2\/media\/160560"}],"wp:attachment":[{"href":"https:\/\/staging.aldeco.pt\/es\/wp-json\/wp\/v2\/media?parent=186609"}],"wp:term":[{"taxonomy":"product_brand","embeddable":true,"href":"https:\/\/staging.aldeco.pt\/es\/wp-json\/wp\/v2\/product_brand?post=186609"},{"taxonomy":"product_cat","embeddable":true,"href":"https:\/\/staging.aldeco.pt\/es\/wp-json\/wp\/v2\/product_cat?post=186609"},{"taxonomy":"product_tag","embeddable":true,"href":"https:\/\/staging.aldeco.pt\/es\/wp-json\/wp\/v2\/product_tag?post=186609"}],"curies":[{"name":"wp","href":"https:\/\/api.w.org\/{rel}","templated":true}]}}