{"id":186596,"date":"2024-05-09T22:14:45","date_gmt":"2024-05-09T22:14:45","guid":{"rendered":"https:\/\/aldeco.pt\/staging\/product\/spatter\/"},"modified":"2024-09-19T09:29:57","modified_gmt":"2024-09-19T09:29:57","slug":"spatter","status":"publish","type":"product","link":"https:\/\/staging.aldeco.pt\/es\/product\/spatter\/","title":{"rendered":"SPATTER"},"content":{"rendered":"<p>Es una tela de jacquard de lino de algod\u00f3n con rayas de diferentes colores, ligeramente indefinidas como pinceladas. Esta tela fresca y divertida est\u00e1 disponible en tonos de azul. Se puede utilizar para tapicer\u00eda ligera y decoraci\u00f3n.<\/p>\n","protected":false},"excerpt":{"rendered":"<p>Es una tela de jacquard de lino de algod\u00f3n con rayas de diferentes colores, ligeramente indefinidas como pinceladas. Esta tela fresca y divertida est\u00e1 disponible en tonos de azul. Se puede utilizar para tapicer\u00eda ligera y decoraci\u00f3n.<\/p>\n<h2>Spatter, es una tela de jacquard de lino de algod\u00f3n con rayas de diferentes colores, ligeramente indefinidas como pinceladas. Esta tela fresca y divertida est\u00e1 disponible en tonos de azul. Se puede utilizar para tapicer\u00eda ligera y decoraci\u00f3n.<\/h2>\n<p><img fetchpriority=\"high\" decoding=\"async\" class=\"alignnone wp-image-189009 size-medium\" src=\"https:\/\/aldeco.pt\/staging\/wp-content\/uploads\/2024\/05\/T019170002-300x240.jpg\" alt=\"Spatter - Aldeco\" width=\"300\" height=\"240\" \/><\/p>\n<p><a href=\"https:\/\/www.instagram.com\/aldeco_interiorfabrics\/\">https:\/\/www.instagram.com\/aldeco_interiorfabrics\/<\/a><\/p>\n<p><a href=\"https:\/\/aldeco.pt\/staging\/product\/spatter\/?attribute_pa_aldeco-color=02-cool-party\">https:\/\/aldeco.pt\/staging\/product\/spatter\/?attribute_pa_aldeco-color=02-cool-party<\/a><\/p>\n","protected":false},"featured_media":160556,"template":"","meta":[],"product_brand":[],"product_cat":[6146],"product_tag":[],"class_list":{"0":"post-186596","1":"product","2":"type-product","3":"status-publish","4":"has-post-thumbnail","6":"product_cat-aldeco-2-es","7":"pa_cleanability-8283","8":"pa_composition-ext-base-81-li-19-co-es","9":"pa_interior-fabrics-1-es","10":"pa_line-telas","11":"pa_lithfastness-4-5-es","12":"pa_outdoor-0-es","13":"pa_range-jacquard-es","14":"pa_rapport-horizontal-34-8-es","15":"pa_rapport-vertical-37-5-es","18":"first","19":"instock","20":"purchasable","21":"product-type-variable"},"acf":[],"_links":{"self":[{"href":"https:\/\/staging.aldeco.pt\/es\/wp-json\/wp\/v2\/product\/186596","targetHints":{"allow":["GET"]}}],"collection":[{"href":"https:\/\/staging.aldeco.pt\/es\/wp-json\/wp\/v2\/product"}],"about":[{"href":"https:\/\/staging.aldeco.pt\/es\/wp-json\/wp\/v2\/types\/product"}],"version-history":[{"count":2,"href":"https:\/\/staging.aldeco.pt\/es\/wp-json\/wp\/v2\/product\/186596\/revisions"}],"predecessor-version":[{"id":200647,"href":"https:\/\/staging.aldeco.pt\/es\/wp-json\/wp\/v2\/product\/186596\/revisions\/200647"}],"wp:featuredmedia":[{"embeddable":true,"href":"https:\/\/staging.aldeco.pt\/es\/wp-json\/wp\/v2\/media\/160556"}],"wp:attachment":[{"href":"https:\/\/staging.aldeco.pt\/es\/wp-json\/wp\/v2\/media?parent=186596"}],"wp:term":[{"taxonomy":"product_brand","embeddable":true,"href":"https:\/\/staging.aldeco.pt\/es\/wp-json\/wp\/v2\/product_brand?post=186596"},{"taxonomy":"product_cat","embeddable":true,"href":"https:\/\/staging.aldeco.pt\/es\/wp-json\/wp\/v2\/product_cat?post=186596"},{"taxonomy":"product_tag","embeddable":true,"href":"https:\/\/staging.aldeco.pt\/es\/wp-json\/wp\/v2\/product_tag?post=186596"}],"curies":[{"name":"wp","href":"https:\/\/api.w.org\/{rel}","templated":true}]}}