{"id":186438,"date":"2024-07-23T22:00:42","date_gmt":"2024-07-23T22:00:42","guid":{"rendered":"https:\/\/aldeco.pt\/staging\/product\/siege-velvet\/"},"modified":"2024-10-09T16:43:33","modified_gmt":"2024-10-09T16:43:33","slug":"siege-velvet","status":"publish","type":"product","link":"https:\/\/staging.aldeco.pt\/es\/product\/siege-velvet\/","title":{"rendered":"SI\u00c9GE VELVET"},"content":{"rendered":"<p>El producto m\u00e1s vendido de Aldeco, Si\u00e9ge, es un hermoso y suave terciopelo con alta resistencia a la abrasi\u00f3n. Disponible en 62 colores y es adecuado no solo para decoraci\u00f3n, sino tambi\u00e9n para tapicer\u00eda.<br \/>\nTambi\u00e9n disponible con tratamiento FR, bajo petici\u00f3n.<\/p>\n","protected":false},"excerpt":{"rendered":"<p>El producto m\u00e1s vendido de Aldeco, Si\u00e9ge, es un hermoso y suave terciopelo con alta resistencia a la abrasi\u00f3n. Disponible en 62 colores y es adecuado no solo para decoraci\u00f3n, sino tambi\u00e9n para tapicer\u00eda.<br \/>\nTambi\u00e9n disponible con tratamiento FR, bajo petici\u00f3n.<\/p>\n<h2>Si\u00e9ge Velvet, es un hermoso y suave terciopelo con alta resistencia a la abrasi\u00f3n. Disponible en 62 colores y es adecuado no solo para decoraci\u00f3n, sino tambi\u00e9n para tapicer\u00eda.<\/h2>\n<p><img fetchpriority=\"high\" decoding=\"async\" class=\"alignnone wp-image-161473 size-medium\" src=\"https:\/\/aldeco.pt\/staging\/wp-content\/uploads\/2024\/05\/T758120629-1-300x225.jpg\" alt=\"Si\u00e9ge Velvet - Aldeco\" width=\"300\" height=\"225\" \/><\/p>\n<p><a href=\"https:\/\/www.instagram.com\/aldeco_interiorfabrics\/\">https:\/\/www.instagram.com\/aldeco_interiorfabrics\/<\/a><\/p>\n<p><a href=\"https:\/\/aldeco.pt\/staging\/product\/siege-velvet\/?attribute_pa_aldeco-color=0001-white\">https:\/\/aldeco.pt\/staging\/product\/siege-velvet\/?attribute_pa_aldeco-color=0001-white<\/a><\/p>\n","protected":false},"featured_media":156903,"template":"","meta":[],"product_brand":[],"product_cat":[6146],"product_tag":[],"class_list":{"0":"post-186438","1":"product","2":"type-product","3":"status-publish","4":"has-post-thumbnail","6":"product_cat-aldeco-2-es","7":"pa_cleanability-8283","8":"pa_composition-ext-100co-es","9":"pa_interior-fabrics-1-es","10":"pa_line-telas","11":"pa_lithfastness-5-es","12":"pa_outdoor-0-es","13":"pa_range-terciopelo","16":"first","17":"instock","18":"purchasable","19":"product-type-variable"},"acf":[],"_links":{"self":[{"href":"https:\/\/staging.aldeco.pt\/es\/wp-json\/wp\/v2\/product\/186438","targetHints":{"allow":["GET"]}}],"collection":[{"href":"https:\/\/staging.aldeco.pt\/es\/wp-json\/wp\/v2\/product"}],"about":[{"href":"https:\/\/staging.aldeco.pt\/es\/wp-json\/wp\/v2\/types\/product"}],"version-history":[{"count":2,"href":"https:\/\/staging.aldeco.pt\/es\/wp-json\/wp\/v2\/product\/186438\/revisions"}],"predecessor-version":[{"id":202240,"href":"https:\/\/staging.aldeco.pt\/es\/wp-json\/wp\/v2\/product\/186438\/revisions\/202240"}],"wp:featuredmedia":[{"embeddable":true,"href":"https:\/\/staging.aldeco.pt\/es\/wp-json\/wp\/v2\/media\/156903"}],"wp:attachment":[{"href":"https:\/\/staging.aldeco.pt\/es\/wp-json\/wp\/v2\/media?parent=186438"}],"wp:term":[{"taxonomy":"product_brand","embeddable":true,"href":"https:\/\/staging.aldeco.pt\/es\/wp-json\/wp\/v2\/product_brand?post=186438"},{"taxonomy":"product_cat","embeddable":true,"href":"https:\/\/staging.aldeco.pt\/es\/wp-json\/wp\/v2\/product_cat?post=186438"},{"taxonomy":"product_tag","embeddable":true,"href":"https:\/\/staging.aldeco.pt\/es\/wp-json\/wp\/v2\/product_tag?post=186438"}],"curies":[{"name":"wp","href":"https:\/\/api.w.org\/{rel}","templated":true}]}}