{"id":186361,"date":"2024-05-09T22:10:03","date_gmt":"2024-05-09T22:10:03","guid":{"rendered":"https:\/\/aldeco.pt\/staging\/product\/sluby\/"},"modified":"2024-10-03T16:54:13","modified_gmt":"2024-10-03T16:54:13","slug":"sluby","status":"publish","type":"product","link":"https:\/\/staging.aldeco.pt\/es\/product\/sluby\/","title":{"rendered":"SLUBY"},"content":{"rendered":"<p>Sluby es una tela suave que tiene irregularidades, asemej\u00e1ndose a la construcci\u00f3n de una tela de seda. Disponible en 12 colores naturales, Sluby es una elecci\u00f3n elegante para cortinas.<\/p>\n","protected":false},"excerpt":{"rendered":"<p>Sluby es una tela suave que tiene irregularidades, asemej\u00e1ndose a la construcci\u00f3n de una tela de seda. Disponible en 12 colores naturales, Sluby es una elecci\u00f3n elegante para cortinas.<\/p>\n<h2>Sluby es una tela suave que tiene irregularidades, asemej\u00e1ndose a la construcci\u00f3n de una tela de seda. Disponible en 12 colores naturales, Sluby es una elecci\u00f3n elegante para cortinas.<\/h2>\n<p><img fetchpriority=\"high\" decoding=\"async\" class=\"alignnone wp-image-188979 size-medium\" src=\"https:\/\/aldeco.pt\/staging\/wp-content\/uploads\/2024\/03\/T190470001-300x200.jpg\" alt=\"Sluby - Aldeco\" width=\"300\" height=\"200\" \/><\/p>\n<p><a href=\"https:\/\/www.instagram.com\/aldeco_interiorfabrics\/\">https:\/\/www.instagram.com\/aldeco_interiorfabrics\/<\/a><\/p>\n<p><a href=\"https:\/\/aldeco.pt\/staging\/product\/sluby\/?attribute_pa_aldeco-color=01-ivory\">https:\/\/aldeco.pt\/staging\/product\/sluby\/?attribute_pa_aldeco-color=01-ivory<\/a><\/p>\n<p>&nbsp;<\/p>\n<p>&nbsp;<\/p>\n","protected":false},"featured_media":157086,"template":"","meta":[],"product_brand":[],"product_cat":[6154],"product_tag":[],"class_list":{"0":"post-186361","1":"product","2":"type-product","3":"status-publish","4":"has-post-thumbnail","6":"product_cat-aldeco-smarter-es","7":"pa_cleanability-8283","8":"pa_composition-ext-100-pl-es","9":"pa_interior-fabrics-1-es","10":"pa_line-telas","11":"pa_lithfastness-9681","12":"pa_outdoor-0-es","13":"pa_range-transparencias","16":"first","17":"instock","18":"purchasable","19":"product-type-variable"},"acf":[],"_links":{"self":[{"href":"https:\/\/staging.aldeco.pt\/es\/wp-json\/wp\/v2\/product\/186361","targetHints":{"allow":["GET"]}}],"collection":[{"href":"https:\/\/staging.aldeco.pt\/es\/wp-json\/wp\/v2\/product"}],"about":[{"href":"https:\/\/staging.aldeco.pt\/es\/wp-json\/wp\/v2\/types\/product"}],"version-history":[{"count":2,"href":"https:\/\/staging.aldeco.pt\/es\/wp-json\/wp\/v2\/product\/186361\/revisions"}],"predecessor-version":[{"id":202015,"href":"https:\/\/staging.aldeco.pt\/es\/wp-json\/wp\/v2\/product\/186361\/revisions\/202015"}],"wp:featuredmedia":[{"embeddable":true,"href":"https:\/\/staging.aldeco.pt\/es\/wp-json\/wp\/v2\/media\/157086"}],"wp:attachment":[{"href":"https:\/\/staging.aldeco.pt\/es\/wp-json\/wp\/v2\/media?parent=186361"}],"wp:term":[{"taxonomy":"product_brand","embeddable":true,"href":"https:\/\/staging.aldeco.pt\/es\/wp-json\/wp\/v2\/product_brand?post=186361"},{"taxonomy":"product_cat","embeddable":true,"href":"https:\/\/staging.aldeco.pt\/es\/wp-json\/wp\/v2\/product_cat?post=186361"},{"taxonomy":"product_tag","embeddable":true,"href":"https:\/\/staging.aldeco.pt\/es\/wp-json\/wp\/v2\/product_tag?post=186361"}],"curies":[{"name":"wp","href":"https:\/\/api.w.org\/{rel}","templated":true}]}}