{"id":186295,"date":"2024-05-09T21:59:48","date_gmt":"2024-05-09T21:59:48","guid":{"rendered":"https:\/\/aldeco.pt\/staging\/product\/shadow-velvet\/"},"modified":"2024-10-03T14:39:39","modified_gmt":"2024-10-03T14:39:39","slug":"shadow-velvet","status":"publish","type":"product","link":"https:\/\/staging.aldeco.pt\/es\/product\/shadow-velvet\/","title":{"rendered":"SHADOW VELVET"},"content":{"rendered":"<p>Terciopelo de \u00e9xito impreso con un patr\u00f3n abstracto de inspiraci\u00f3n mineral. Este terciopelo es la simbiosis perfecta entre suavidad y alta resistencia a la abrasi\u00f3n. \u00a1Pero la caracter\u00edstica m\u00e1s emblem\u00e1tica es su doble ancho!<br \/>\nEst\u00e1 disponible en 4 colores.<\/p>\n","protected":false},"excerpt":{"rendered":"<p>Terciopelo de \u00e9xito impreso con un patr\u00f3n abstracto de inspiraci\u00f3n mineral. Este terciopelo es la simbiosis perfecta entre suavidad y alta resistencia a la abrasi\u00f3n. \u00a1Pero la caracter\u00edstica m\u00e1s emblem\u00e1tica es su doble ancho!<br \/>\nEst\u00e1 disponible en 4 colores.<\/p>\n<h2>Shadow it is printed es un terciopelo de \u00e9xito impreso con un patr\u00f3n abstracto de inspiraci\u00f3n mineral. Este terciopelo es la simbiosis perfecta entre suavidad y alta resistencia a la abrasi\u00f3n. \u00a1Pero la caracter\u00edstica m\u00e1s emblem\u00e1tica es su doble ancho!<br \/>\nEst\u00e1 disponible en 4 colores.<\/h2>\n<p><img fetchpriority=\"high\" decoding=\"async\" class=\"alignnone wp-image-188927 size-medium\" src=\"https:\/\/aldeco.pt\/staging\/wp-content\/uploads\/2024\/01\/T191200001-3-300x212.jpg\" alt=\"Shadow Velvet - Aldeco\" width=\"300\" height=\"212\" \/><\/p>\n<p><a href=\"https:\/\/www.instagram.com\/aldeco_interiorfabrics\/\">https:\/\/www.instagram.com\/aldeco_interiorfabrics\/<\/a><\/p>\n<p><a href=\"https:\/\/aldeco.pt\/staging\/product\/shadow-velvet\/?attribute_pa_aldeco-color=01-nat-gray-shades\">https:\/\/aldeco.pt\/staging\/product\/shadow-velvet\/?attribute_pa_aldeco-color=01-nat-gray-shades<\/a><\/p>\n","protected":false},"featured_media":160291,"template":"","meta":[],"product_brand":[],"product_cat":[6146],"product_tag":[],"class_list":{"0":"post-186295","1":"product","2":"type-product","3":"status-publish","4":"has-post-thumbnail","6":"product_cat-aldeco-2-es","7":"pa_cleanability-8283","8":"pa_composition-ext-100-pl-es","9":"pa_interior-fabrics-1-es","10":"pa_line-telas","11":"pa_lithfastness-5-es","12":"pa_outdoor-0-es","13":"pa_range-terciopelo","14":"pa_rapport-horizontal-53-es","15":"pa_rapport-vertical-53-es","18":"first","19":"instock","20":"purchasable","21":"product-type-variable"},"acf":[],"_links":{"self":[{"href":"https:\/\/staging.aldeco.pt\/es\/wp-json\/wp\/v2\/product\/186295","targetHints":{"allow":["GET"]}}],"collection":[{"href":"https:\/\/staging.aldeco.pt\/es\/wp-json\/wp\/v2\/product"}],"about":[{"href":"https:\/\/staging.aldeco.pt\/es\/wp-json\/wp\/v2\/types\/product"}],"version-history":[{"count":2,"href":"https:\/\/staging.aldeco.pt\/es\/wp-json\/wp\/v2\/product\/186295\/revisions"}],"predecessor-version":[{"id":202007,"href":"https:\/\/staging.aldeco.pt\/es\/wp-json\/wp\/v2\/product\/186295\/revisions\/202007"}],"wp:featuredmedia":[{"embeddable":true,"href":"https:\/\/staging.aldeco.pt\/es\/wp-json\/wp\/v2\/media\/160291"}],"wp:attachment":[{"href":"https:\/\/staging.aldeco.pt\/es\/wp-json\/wp\/v2\/media?parent=186295"}],"wp:term":[{"taxonomy":"product_brand","embeddable":true,"href":"https:\/\/staging.aldeco.pt\/es\/wp-json\/wp\/v2\/product_brand?post=186295"},{"taxonomy":"product_cat","embeddable":true,"href":"https:\/\/staging.aldeco.pt\/es\/wp-json\/wp\/v2\/product_cat?post=186295"},{"taxonomy":"product_tag","embeddable":true,"href":"https:\/\/staging.aldeco.pt\/es\/wp-json\/wp\/v2\/product_tag?post=186295"}],"curies":[{"name":"wp","href":"https:\/\/api.w.org\/{rel}","templated":true}]}}