{"id":186264,"date":"2024-05-09T21:59:44","date_gmt":"2024-05-09T21:59:44","guid":{"rendered":"https:\/\/aldeco.pt\/staging\/product\/shade-carpet-velvet\/"},"modified":"2024-10-08T08:48:55","modified_gmt":"2024-10-08T08:48:55","slug":"shade-carpet-velvet","status":"publish","type":"product","link":"https:\/\/staging.aldeco.pt\/es\/product\/shade-carpet-velvet\/","title":{"rendered":"SHADE CARPET VELVET"},"content":{"rendered":"<p>Magn\u00edfico dise\u00f1o que simboliza la belleza de las alfombras orientales. Presentamos en esta tela para decoraci\u00f3n y tapicer\u00eda, la fuerza y el lado m\u00edstico de esta colecci\u00f3n.<\/p>\n","protected":false},"excerpt":{"rendered":"<p>Magn\u00edfico dise\u00f1o que simboliza la belleza de las alfombras orientales. Presentamos en esta tela para decoraci\u00f3n y tapicer\u00eda, la fuerza y el lado m\u00edstico de esta colecci\u00f3n.<\/p>\n<h2>Shade Carpet Velvet, magn\u00edfico dise\u00f1o que simboliza la belleza de las alfombras orientales. Presentamos en esta tela para decoraci\u00f3n y tapicer\u00eda, la fuerza y el lado m\u00edstico de esta colecci\u00f3n.<\/h2>\n<p><img fetchpriority=\"high\" decoding=\"async\" class=\"alignnone wp-image-188921 size-medium\" src=\"https:\/\/aldeco.pt\/staging\/wp-content\/uploads\/2024\/05\/T019850001-300x240.jpg\" alt=\"Shade Carpet Velvet - Aldeco\" width=\"300\" height=\"240\" \/><\/p>\n<p><a href=\"https:\/\/www.instagram.com\/aldeco_interiorfabrics\/\">https:\/\/www.instagram.com\/aldeco_interiorfabrics\/<\/a><\/p>\n<p><a href=\"https:\/\/aldeco.pt\/staging\/product\/shade-carpet-velvet\/?attribute_pa_aldeco-color=01-red-shade\">https:\/\/aldeco.pt\/staging\/product\/shade-carpet-velvet\/?attribute_pa_aldeco-color=01-red-shade<\/a><\/p>\n","protected":false},"featured_media":160287,"template":"","meta":[],"product_brand":[],"product_cat":[6146],"product_tag":[],"class_list":{"0":"post-186264","1":"product","2":"type-product","3":"status-publish","4":"has-post-thumbnail","6":"product_cat-aldeco-2-es","7":"pa_cleanability-8283","8":"pa_composition-ext-60-vi-30-co-10-pl-pile-100-vi-es","9":"pa_interior-fabrics-1-es","10":"pa_line-telas","11":"pa_lithfastness-4-5-es","12":"pa_outdoor-0-es","13":"pa_range-terciopelo","14":"pa_rapport-horizontal-136-es","15":"pa_rapport-vertical-94-es","18":"first","19":"instock","20":"purchasable","21":"product-type-variable"},"acf":[],"_links":{"self":[{"href":"https:\/\/staging.aldeco.pt\/es\/wp-json\/wp\/v2\/product\/186264","targetHints":{"allow":["GET"]}}],"collection":[{"href":"https:\/\/staging.aldeco.pt\/es\/wp-json\/wp\/v2\/product"}],"about":[{"href":"https:\/\/staging.aldeco.pt\/es\/wp-json\/wp\/v2\/types\/product"}],"version-history":[{"count":2,"href":"https:\/\/staging.aldeco.pt\/es\/wp-json\/wp\/v2\/product\/186264\/revisions"}],"predecessor-version":[{"id":202183,"href":"https:\/\/staging.aldeco.pt\/es\/wp-json\/wp\/v2\/product\/186264\/revisions\/202183"}],"wp:featuredmedia":[{"embeddable":true,"href":"https:\/\/staging.aldeco.pt\/es\/wp-json\/wp\/v2\/media\/160287"}],"wp:attachment":[{"href":"https:\/\/staging.aldeco.pt\/es\/wp-json\/wp\/v2\/media?parent=186264"}],"wp:term":[{"taxonomy":"product_brand","embeddable":true,"href":"https:\/\/staging.aldeco.pt\/es\/wp-json\/wp\/v2\/product_brand?post=186264"},{"taxonomy":"product_cat","embeddable":true,"href":"https:\/\/staging.aldeco.pt\/es\/wp-json\/wp\/v2\/product_cat?post=186264"},{"taxonomy":"product_tag","embeddable":true,"href":"https:\/\/staging.aldeco.pt\/es\/wp-json\/wp\/v2\/product_tag?post=186264"}],"curies":[{"name":"wp","href":"https:\/\/api.w.org\/{rel}","templated":true}]}}