{"id":186217,"date":"2024-05-09T21:57:18","date_gmt":"2024-05-09T21:57:18","guid":{"rendered":"https:\/\/aldeco.pt\/staging\/product\/sealife-velvet\/"},"modified":"2024-08-29T14:42:27","modified_gmt":"2024-08-29T14:42:27","slug":"sealife-velvet","status":"publish","type":"product","link":"https:\/\/staging.aldeco.pt\/es\/product\/sealife-velvet\/","title":{"rendered":"SEALIFE VELVET"},"content":{"rendered":"<p>Sealife Velvet es una de las estrellas de esta colecci\u00f3n. Representamos la vida misma y la preocupaci\u00f3n por los problemas ambientales actuales y futuros. Los corales son muy sensibles y nos bendicen con los colores m\u00e1s hermosos y sorprendentes cuando los oc\u00e9anos est\u00e1n limpios, pero si el medio ambiente est\u00e1 contaminado, los corales mueren y pierden sus maravillosos colores. En este terciopelo estampado de alta resistencia, ofrecemos un fondo muy natural y su doble ancho lo hace extremadamente vers\u00e1til, perfecto para tapizados, cortinas y colchas.<\/p>\n","protected":false},"excerpt":{"rendered":"<p>Sealife Velvet es una de las estrellas de esta colecci\u00f3n. Representamos la vida misma y la preocupaci\u00f3n por los problemas ambientales actuales y futuros. Los corales son muy sensibles y nos bendicen con los colores m\u00e1s hermosos y sorprendentes cuando los oc\u00e9anos est\u00e1n limpios, pero si el medio ambiente est\u00e1 contaminado, los corales mueren y pierden sus maravillosos colores. En este terciopelo estampado de alta resistencia, ofrecemos un fondo muy natural y su doble ancho lo hace extremadamente vers\u00e1til, perfecto para tapizados, cortinas y colchas. <\/p>\n<h2>Sealife Velvet es una de las estrellas de esta colecci\u00f3n. Representamos la vida misma y la preocupaci\u00f3n por los problemas ambientales actuales y futuros.<\/h2>\n<p><img fetchpriority=\"high\" decoding=\"async\" class=\"alignnone wp-image-188836 size-medium\" src=\"https:\/\/aldeco.pt\/staging\/wp-content\/uploads\/2024\/01\/T192060001-3-300x200.jpg\" alt=\"Sealife Velvet - Aldeco\" width=\"300\" height=\"200\"><\/p>\n<p><a href=\"https:\/\/www.instagram.com\/aldeco_interiorfabrics\/\">https:\/\/www.instagram.com\/aldeco_interiorfabrics\/<\/a><a href=\"https:\/\/aldeco.pt\/staging\/product\/sealife-velvet\/?attribute_pa_aldeco-color=01-aqua-mist\">https:\/\/aldeco.pt\/staging\/product\/sealife-velvet\/?attribute_pa_aldeco-color=01-aqua-mist<\/a><\/p>\n","protected":false},"featured_media":160276,"template":"","meta":[],"product_brand":[],"product_cat":[6146],"product_tag":[],"class_list":{"0":"post-186217","1":"product","2":"type-product","3":"status-publish","4":"has-post-thumbnail","6":"product_cat-aldeco-2-es","7":"pa_cleanability-8283","8":"pa_composition-ext-100-pl-es","9":"pa_interior-fabrics-1-es","10":"pa_line-telas","11":"pa_lithfastness-5-es","12":"pa_outdoor-0-es","13":"pa_range-dobby-es","14":"pa_range-terciopelo","15":"pa_range-tintado-en-pieza","16":"pa_rapport-horizontal-57-es","17":"pa_rapport-vertical-46-es","18":"pa_special-treatments-fabrics-1-es","21":"first","22":"instock","23":"purchasable","24":"product-type-variable"},"acf":[],"_links":{"self":[{"href":"https:\/\/staging.aldeco.pt\/es\/wp-json\/wp\/v2\/product\/186217","targetHints":{"allow":["GET"]}}],"collection":[{"href":"https:\/\/staging.aldeco.pt\/es\/wp-json\/wp\/v2\/product"}],"about":[{"href":"https:\/\/staging.aldeco.pt\/es\/wp-json\/wp\/v2\/types\/product"}],"version-history":[{"count":2,"href":"https:\/\/staging.aldeco.pt\/es\/wp-json\/wp\/v2\/product\/186217\/revisions"}],"predecessor-version":[{"id":198575,"href":"https:\/\/staging.aldeco.pt\/es\/wp-json\/wp\/v2\/product\/186217\/revisions\/198575"}],"wp:featuredmedia":[{"embeddable":true,"href":"https:\/\/staging.aldeco.pt\/es\/wp-json\/wp\/v2\/media\/160276"}],"wp:attachment":[{"href":"https:\/\/staging.aldeco.pt\/es\/wp-json\/wp\/v2\/media?parent=186217"}],"wp:term":[{"taxonomy":"product_brand","embeddable":true,"href":"https:\/\/staging.aldeco.pt\/es\/wp-json\/wp\/v2\/product_brand?post=186217"},{"taxonomy":"product_cat","embeddable":true,"href":"https:\/\/staging.aldeco.pt\/es\/wp-json\/wp\/v2\/product_cat?post=186217"},{"taxonomy":"product_tag","embeddable":true,"href":"https:\/\/staging.aldeco.pt\/es\/wp-json\/wp\/v2\/product_tag?post=186217"}],"curies":[{"name":"wp","href":"https:\/\/api.w.org\/{rel}","templated":true}]}}