{"id":186204,"date":"2024-05-09T21:55:55","date_gmt":"2024-05-09T21:55:55","guid":{"rendered":"https:\/\/aldeco.pt\/staging\/product\/samoa-fr\/"},"modified":"2024-10-07T14:29:24","modified_gmt":"2024-10-07T14:29:24","slug":"samoa-fr","status":"publish","type":"product","link":"https:\/\/staging.aldeco.pt\/es\/product\/samoa-fr\/","title":{"rendered":"SAMOA FR"},"content":{"rendered":"<p>SAMOA FR es un tejido de lino muy pesado. Tiene una estructura muy espesa y un aspecto natural. Este lino panam\u00e1 es adecuado para tapicer\u00eda pesada y est\u00e1 disponible en 9 colores imprescindibles. Los colores se desarrollaron cuidadosamente para combinar con los diferentes dise\u00f1os de esta colecci\u00f3n, as\u00ed como con las colecciones anteriores.<\/p>\n","protected":false},"excerpt":{"rendered":"<p>Es un tejido de lino muy pesado. Tiene una estructura muy espesa y un aspecto natural. Este lino panam\u00e1 es adecuado para tapicer\u00eda pesada y est\u00e1 disponible en 9 colores imprescindibles. Los colores se desarrollaron cuidadosamente para combinar con los diferentes dise\u00f1os de esta colecci\u00f3n, as\u00ed como con las colecciones anteriores.<\/p>\n<h2>SAMOA FR es un tejido de lino muy pesado. Tiene una estructura muy espesa y un aspecto natural. Este lino panam\u00e1 es adecuado para tapicer\u00eda pesada y est\u00e1 disponible en 9 colores imprescindibles. Los colores se desarrollaron cuidadosamente para combinar con los diferentes dise\u00f1os de esta colecci\u00f3n, as\u00ed como con las colecciones anteriores.<\/h2>\n<p><img fetchpriority=\"high\" decoding=\"async\" class=\"alignnone wp-image-188817 size-medium\" src=\"https:\/\/aldeco.pt\/staging\/wp-content\/uploads\/2024\/01\/T192490001-4-300x200.jpg\" alt=\"Samoa FR - Aldeco\" width=\"300\" height=\"200\" \/><\/p>\n<p><a href=\"https:\/\/www.instagram.com\/aldeco_interiorfabrics\/\">https:\/\/www.instagram.com\/aldeco_interiorfabrics\/<\/a><a href=\"https:\/\/aldeco.pt\/staging\/product\/samoa-fr\/?attribute_pa_aldeco-color=01-natural-white\">https:\/\/aldeco.pt\/staging\/product\/samoa-fr\/?attribute_pa_aldeco-color=01-natural-white<\/a><\/p>\n","protected":false},"featured_media":160256,"template":"","meta":[],"product_brand":[],"product_cat":[6146],"product_tag":[],"class_list":{"0":"post-186204","1":"product","2":"type-product","3":"status-publish","4":"has-post-thumbnail","6":"product_cat-aldeco-2-es","7":"pa_cleanability-8283","8":"pa_composition-ext-90-li-10-ny-es","9":"pa_contract-fabrics-1-es","10":"pa_interior-fabrics-1-es","11":"pa_line-telas","12":"pa_lithfastness-4-6-es","13":"pa_outdoor-0-es","14":"pa_range-liso-es","17":"first","18":"instock","19":"purchasable","20":"product-type-variable"},"acf":[],"_links":{"self":[{"href":"https:\/\/staging.aldeco.pt\/es\/wp-json\/wp\/v2\/product\/186204","targetHints":{"allow":["GET"]}}],"collection":[{"href":"https:\/\/staging.aldeco.pt\/es\/wp-json\/wp\/v2\/product"}],"about":[{"href":"https:\/\/staging.aldeco.pt\/es\/wp-json\/wp\/v2\/types\/product"}],"version-history":[{"count":3,"href":"https:\/\/staging.aldeco.pt\/es\/wp-json\/wp\/v2\/product\/186204\/revisions"}],"predecessor-version":[{"id":202140,"href":"https:\/\/staging.aldeco.pt\/es\/wp-json\/wp\/v2\/product\/186204\/revisions\/202140"}],"wp:featuredmedia":[{"embeddable":true,"href":"https:\/\/staging.aldeco.pt\/es\/wp-json\/wp\/v2\/media\/160256"}],"wp:attachment":[{"href":"https:\/\/staging.aldeco.pt\/es\/wp-json\/wp\/v2\/media?parent=186204"}],"wp:term":[{"taxonomy":"product_brand","embeddable":true,"href":"https:\/\/staging.aldeco.pt\/es\/wp-json\/wp\/v2\/product_brand?post=186204"},{"taxonomy":"product_cat","embeddable":true,"href":"https:\/\/staging.aldeco.pt\/es\/wp-json\/wp\/v2\/product_cat?post=186204"},{"taxonomy":"product_tag","embeddable":true,"href":"https:\/\/staging.aldeco.pt\/es\/wp-json\/wp\/v2\/product_tag?post=186204"}],"curies":[{"name":"wp","href":"https:\/\/api.w.org\/{rel}","templated":true}]}}