{"id":186102,"date":"2024-05-09T21:52:03","date_gmt":"2024-05-09T21:52:03","guid":{"rendered":"https:\/\/aldeco.pt\/staging\/product\/sagres-blackout-fr\/"},"modified":"2024-10-09T13:27:42","modified_gmt":"2024-10-09T13:27:42","slug":"sagres-blackout-fr","status":"publish","type":"product","link":"https:\/\/staging.aldeco.pt\/es\/product\/sagres-blackout-fr\/","title":{"rendered":"SAGRES BLACKOUT FR"},"content":{"rendered":"<p>Es una tela 100% opaca que ofrece total privacidad y descanso. Este apag\u00f3n est\u00e1 certificado como retardante de fuego seg\u00fan varios est\u00e1ndares internacionales, lo que lo hace ideal para proyectos y contratos. Tiene un aspecto elegante y suave, est\u00e1 certificado ac\u00fasticamente y tiene el est\u00e1ndar 100 de OEKO-TEX, simplemente perfecto para aislar espacios en t\u00e9rminos de luz y sonido. Est\u00e1 disponible en 15 colores esenciales.<\/p>\n","protected":false},"excerpt":{"rendered":"<p>Es una tela 100% opaca que ofrece total privacidad y descanso. Este apag\u00f3n est\u00e1 certificado como retardante de fuego seg\u00fan varios est\u00e1ndares internacionales, lo que lo hace ideal para proyectos y contratos. Tiene un aspecto elegante y suave, est\u00e1 certificado ac\u00fasticamente y tiene el est\u00e1ndar 100 de OEKO-TEX, simplemente perfecto para aislar espacios en t\u00e9rminos de luz y sonido. Est\u00e1 disponible en 15 colores esenciales.<\/p>\n<h2>Sagres Blackout FR es una tela 100% opaca que ofrece total privacidad y descanso. Este apag\u00f3n est\u00e1 certificado como retardante de fuego seg\u00fan varios est\u00e1ndares internacionales, lo que lo hace ideal para proyectos y contratos.<\/h2>\n<p><img fetchpriority=\"high\" decoding=\"async\" class=\"alignnone wp-image-188750 size-medium\" src=\"https:\/\/aldeco.pt\/staging\/wp-content\/uploads\/2024\/03\/T017370001-300x200.jpg\" alt=\"Sagres Blackout FR - Aldeco\" width=\"300\" height=\"200\" \/><\/p>\n<p><a href=\"https:\/\/www.instagram.com\/aldeco_interiorfabrics\/\">https:\/\/www.instagram.com\/aldeco_interiorfabrics\/<\/a><\/p>\n<p><a href=\"https:\/\/aldeco.pt\/staging\/product\/sagres-blackout-fr\/?attribute_pa_aldeco-color=1\">https:\/\/aldeco.pt\/staging\/product\/sagres-blackout-fr\/?attribute_pa_aldeco-color=1<\/a><\/p>\n","protected":false},"featured_media":160192,"template":"","meta":[],"product_brand":[],"product_cat":[6146],"product_tag":[],"class_list":{"0":"post-186102","1":"product","2":"type-product","3":"status-publish","4":"has-post-thumbnail","6":"product_cat-aldeco-2-es","7":"pa_cleanability-8283","8":"pa_composition-ext-100-pl-fr-es","9":"pa_contract-fabrics-1-es","10":"pa_interior-fabrics-1-es","11":"pa_line-telas","12":"pa_lithfastness-5-es","13":"pa_outdoor-0-es","14":"pa_range-blackout-es","15":"pa_range-coated-es","16":"pa_special-treatments-fabrics-1-es","19":"first","20":"instock","21":"purchasable","22":"product-type-variable"},"acf":[],"_links":{"self":[{"href":"https:\/\/staging.aldeco.pt\/es\/wp-json\/wp\/v2\/product\/186102","targetHints":{"allow":["GET"]}}],"collection":[{"href":"https:\/\/staging.aldeco.pt\/es\/wp-json\/wp\/v2\/product"}],"about":[{"href":"https:\/\/staging.aldeco.pt\/es\/wp-json\/wp\/v2\/types\/product"}],"version-history":[{"count":2,"href":"https:\/\/staging.aldeco.pt\/es\/wp-json\/wp\/v2\/product\/186102\/revisions"}],"predecessor-version":[{"id":204519,"href":"https:\/\/staging.aldeco.pt\/es\/wp-json\/wp\/v2\/product\/186102\/revisions\/204519"}],"wp:featuredmedia":[{"embeddable":true,"href":"https:\/\/staging.aldeco.pt\/es\/wp-json\/wp\/v2\/media\/160192"}],"wp:attachment":[{"href":"https:\/\/staging.aldeco.pt\/es\/wp-json\/wp\/v2\/media?parent=186102"}],"wp:term":[{"taxonomy":"product_brand","embeddable":true,"href":"https:\/\/staging.aldeco.pt\/es\/wp-json\/wp\/v2\/product_brand?post=186102"},{"taxonomy":"product_cat","embeddable":true,"href":"https:\/\/staging.aldeco.pt\/es\/wp-json\/wp\/v2\/product_cat?post=186102"},{"taxonomy":"product_tag","embeddable":true,"href":"https:\/\/staging.aldeco.pt\/es\/wp-json\/wp\/v2\/product_tag?post=186102"}],"curies":[{"name":"wp","href":"https:\/\/api.w.org\/{rel}","templated":true}]}}