{"id":186101,"date":"2024-05-09T21:48:46","date_gmt":"2024-05-09T21:48:46","guid":{"rendered":"https:\/\/aldeco.pt\/staging\/product\/safety-velvet-fr-stopfire\/"},"modified":"2024-08-29T14:42:37","modified_gmt":"2024-08-29T14:42:37","slug":"safety-velvet-fr-stopfire","status":"publish","type":"product","link":"https:\/\/staging.aldeco.pt\/es\/product\/safety-velvet-fr-stopfire\/","title":{"rendered":"SAFETY VELVET FR STOPFIRE"},"content":{"rendered":"<p>Con un tacto muy c\u00f3modo y sedoso, presentamos este terciopelo en 24 colores. 100.000 Martindale. Tambi\u00e9n presentaremos la versi\u00f3n FR de esta tela: STOPFIRE. Se pueden desarrollar colores especiales a partir de 300m.<\/p>\n","protected":false},"excerpt":{"rendered":"<p>Con un tacto muy c\u00f3modo y sedoso, presentamos este terciopelo en 24 colores. 100.000 Martindale. Tambi\u00e9n presentaremos la versi\u00f3n FR de esta tela: STOPFIRE. Se pueden desarrollar colores especiales a partir de 300m.<\/p>\n<h2>Safety Velvet FR Stopfire Con un tacto muy c\u00f3modo y sedoso, presentamos este terciopelo en 24 colores. 100.000 Martindale. Tambi\u00e9n presentaremos la versi\u00f3n FR de esta tela: STOPFIRE. Se pueden desarrollar colores especiales a partir de 300m.<\/h2>\n<p><img fetchpriority=\"high\" decoding=\"async\" class=\"alignnone wp-image-90477 size-medium\" src=\"https:\/\/aldeco.pt\/staging\/wp-content\/uploads\/2024\/01\/T019220020-3-300x240.jpg\" alt=\"Safety Velvet FR Stopfire - Aldeco\" width=\"300\" height=\"240\"><\/p>\n<p><a href=\"https:\/\/www.instagram.com\/aldeco_interiorfabrics\/\">https:\/\/www.instagram.com\/aldeco_interiorfabrics\/<\/a><\/p>\n<p><a href=\"https:\/\/aldeco.pt\/staging\/product\/safety-velvet-fr-stopfire\/?attribute_pa_aldeco-color=01-vanilla\">https:\/\/aldeco.pt\/staging\/product\/safety-velvet-fr-stopfire\/?attribute_pa_aldeco-color=01-vanilla<\/a><\/p>\n","protected":false},"featured_media":76590,"template":"","meta":[],"product_brand":[],"product_cat":[6146],"product_tag":[],"class_list":{"0":"post-186101","1":"product","2":"type-product","3":"status-publish","4":"has-post-thumbnail","6":"product_cat-aldeco-2-es","7":"pa_cleanability-8283","8":"pa_composition-ext-100-pl-fr-es","9":"pa_contract-fabrics-1-es","10":"pa_interior-fabrics-1-es","11":"pa_line-telas","12":"pa_lithfastness-4-6-es","13":"pa_outdoor-0-es","14":"pa_range-terciopelo","17":"first","18":"instock","19":"purchasable","20":"product-type-variable"},"acf":[],"_links":{"self":[{"href":"https:\/\/staging.aldeco.pt\/es\/wp-json\/wp\/v2\/product\/186101","targetHints":{"allow":["GET"]}}],"collection":[{"href":"https:\/\/staging.aldeco.pt\/es\/wp-json\/wp\/v2\/product"}],"about":[{"href":"https:\/\/staging.aldeco.pt\/es\/wp-json\/wp\/v2\/types\/product"}],"version-history":[{"count":1,"href":"https:\/\/staging.aldeco.pt\/es\/wp-json\/wp\/v2\/product\/186101\/revisions"}],"predecessor-version":[{"id":192841,"href":"https:\/\/staging.aldeco.pt\/es\/wp-json\/wp\/v2\/product\/186101\/revisions\/192841"}],"wp:featuredmedia":[{"embeddable":true,"href":"https:\/\/staging.aldeco.pt\/es\/wp-json\/wp\/v2\/media\/76590"}],"wp:attachment":[{"href":"https:\/\/staging.aldeco.pt\/es\/wp-json\/wp\/v2\/media?parent=186101"}],"wp:term":[{"taxonomy":"product_brand","embeddable":true,"href":"https:\/\/staging.aldeco.pt\/es\/wp-json\/wp\/v2\/product_brand?post=186101"},{"taxonomy":"product_cat","embeddable":true,"href":"https:\/\/staging.aldeco.pt\/es\/wp-json\/wp\/v2\/product_cat?post=186101"},{"taxonomy":"product_tag","embeddable":true,"href":"https:\/\/staging.aldeco.pt\/es\/wp-json\/wp\/v2\/product_tag?post=186101"}],"curies":[{"name":"wp","href":"https:\/\/api.w.org\/{rel}","templated":true}]}}