{"id":185992,"date":"2024-05-09T21:50:27","date_gmt":"2024-05-09T21:50:27","guid":{"rendered":"https:\/\/aldeco.pt\/staging\/product\/safim-fr\/"},"modified":"2024-09-20T13:42:35","modified_gmt":"2024-09-20T13:42:35","slug":"safim-fr","status":"publish","type":"product","link":"https:\/\/staging.aldeco.pt\/es\/product\/safim-fr\/","title":{"rendered":"SAFIM FR"},"content":{"rendered":"<p>Tela de sat\u00e9n muy elegante y suave. Su apariencia refinada combinada con sus propiedades retardantes de fuego la hacen perfecta para tus proyectos. Ideal para tapicer\u00eda ligera, decoraci\u00f3n y contrato, este sat\u00e9n est\u00e1 disponible en 30 colores.<\/p>\n","protected":false},"excerpt":{"rendered":"<p>Tela de sat\u00e9n muy elegante y suave. Su apariencia refinada combinada con sus propiedades retardantes de fuego la hacen perfecta para tus proyectos. Ideal para tapicer\u00eda ligera, decoraci\u00f3n y contrato, este sat\u00e9n est\u00e1 disponible en 30 colores.<\/p>\n<h2>Safim FR., tela de sat\u00e9n muy elegante y suave. Su apariencia refinada combinada con sus propiedades retardantes de fuego la hacen perfecta para tus proyectos. Ideal para tapicer\u00eda ligera, decoraci\u00f3n y contrato, este sat\u00e9n est\u00e1 disponible en 30 colores.<\/h2>\n<p>&nbsp;<\/p>\n<p><img fetchpriority=\"high\" decoding=\"async\" class=\"alignnone wp-image-160159 size-medium\" src=\"https:\/\/aldeco.pt\/staging\/wp-content\/uploads\/2024\/05\/T017170022-300x280.jpg\" alt=\"Safim FR - Aldeco\" width=\"300\" height=\"280\" \/><\/p>\n<p style=\"text-align: left;\"><a href=\"https:\/\/www.instagram.com\/aldeco_interiorfabrics\/\">https:\/\/www.instagram.com\/aldeco_interiorfabrics\/<\/a><\/p>\n<p><a href=\"https:\/\/aldeco.pt\/staging\/product\/safim-fr\/?attribute_pa_aldeco-color=1\">https:\/\/aldeco.pt\/staging\/product\/safim-fr\/?attribute_pa_aldeco-color=1<\/a><\/p>\n","protected":false},"featured_media":76400,"template":"","meta":[],"product_brand":[],"product_cat":[6146],"product_tag":[],"class_list":{"0":"post-185992","1":"product","2":"type-product","3":"status-publish","4":"has-post-thumbnail","6":"product_cat-aldeco-2-es","7":"pa_cleanability-8283","8":"pa_composition-ext-100-pl-fr-es","9":"pa_contract-fabrics-1-es","10":"pa_interior-fabrics-1-es","11":"pa_line-telas","12":"pa_lithfastness-4-5-es","13":"pa_outdoor-0-es","14":"pa_range-satin-es","17":"first","18":"instock","19":"purchasable","20":"product-type-variable"},"acf":[],"_links":{"self":[{"href":"https:\/\/staging.aldeco.pt\/es\/wp-json\/wp\/v2\/product\/185992","targetHints":{"allow":["GET"]}}],"collection":[{"href":"https:\/\/staging.aldeco.pt\/es\/wp-json\/wp\/v2\/product"}],"about":[{"href":"https:\/\/staging.aldeco.pt\/es\/wp-json\/wp\/v2\/types\/product"}],"version-history":[{"count":4,"href":"https:\/\/staging.aldeco.pt\/es\/wp-json\/wp\/v2\/product\/185992\/revisions"}],"predecessor-version":[{"id":200711,"href":"https:\/\/staging.aldeco.pt\/es\/wp-json\/wp\/v2\/product\/185992\/revisions\/200711"}],"wp:featuredmedia":[{"embeddable":true,"href":"https:\/\/staging.aldeco.pt\/es\/wp-json\/wp\/v2\/media\/76400"}],"wp:attachment":[{"href":"https:\/\/staging.aldeco.pt\/es\/wp-json\/wp\/v2\/media?parent=185992"}],"wp:term":[{"taxonomy":"product_brand","embeddable":true,"href":"https:\/\/staging.aldeco.pt\/es\/wp-json\/wp\/v2\/product_brand?post=185992"},{"taxonomy":"product_cat","embeddable":true,"href":"https:\/\/staging.aldeco.pt\/es\/wp-json\/wp\/v2\/product_cat?post=185992"},{"taxonomy":"product_tag","embeddable":true,"href":"https:\/\/staging.aldeco.pt\/es\/wp-json\/wp\/v2\/product_tag?post=185992"}],"curies":[{"name":"wp","href":"https:\/\/api.w.org\/{rel}","templated":true}]}}