{"id":185967,"date":"2024-05-09T21:47:25","date_gmt":"2024-05-09T21:47:25","guid":{"rendered":"https:\/\/aldeco.pt\/staging\/product\/safety-velvet\/"},"modified":"2024-10-02T15:49:40","modified_gmt":"2024-10-02T15:49:40","slug":"safety-velvet","status":"publish","type":"product","link":"https:\/\/staging.aldeco.pt\/es\/product\/safety-velvet\/","title":{"rendered":"SAFETY VELVET"},"content":{"rendered":"<p>Con un tacto muy c\u00f3modo y sedoso, presentamos este terciopelo en 24 colores. 100.000 Martindale. Tambi\u00e9n presentaremos la versi\u00f3n FR de esta tela: STOPFIRE. Se pueden desarrollar colores especiales a partir de 300m.<\/p>\n","protected":false},"excerpt":{"rendered":"<p>Con un tacto muy c\u00f3modo y sedoso, presentamos este terciopelo en 24 colores. 100.000 Martindale. Tambi\u00e9n presentaremos la versi\u00f3n FR de esta tela: STOPFIRE. Se pueden desarrollar colores especiales a partir de 300m.<\/p>\n<h2>Safety Velvet con un tacto muy c\u00f3modo y sedoso, presentamos este terciopelo en 24 colores. 100.000 Martindale. Tambi\u00e9n presentaremos la versi\u00f3n FR de esta tela: STOPFIRE. Se pueden desarrollar colores especiales a partir de 300m.<\/h2>\n<p><img fetchpriority=\"high\" decoding=\"async\" class=\"alignnone wp-image-90539 size-medium\" src=\"https:\/\/aldeco.pt\/staging\/wp-content\/uploads\/2024\/01\/T019210008-3-300x240.jpg\" alt=\"Safety Velvet - Aldeco\" width=\"300\" height=\"240\" \/><\/p>\n<p><a href=\"https:\/\/www.instagram.com\/aldeco_interiorfabrics\/\">https:\/\/www.instagram.com\/aldeco_interiorfabrics\/<\/a><\/p>\n<p><a href=\"https:\/\/aldeco.pt\/staging\/product\/safety-velvet\/?attribute_pa_aldeco-color=01-vanilla\">https:\/\/aldeco.pt\/staging\/product\/safety-velvet\/?attribute_pa_aldeco-color=01-vanilla<\/a><\/p>\n","protected":false},"featured_media":76626,"template":"","meta":[],"product_brand":[],"product_cat":[6146],"product_tag":[],"class_list":{"0":"post-185967","1":"product","2":"type-product","3":"status-publish","4":"has-post-thumbnail","6":"product_cat-aldeco-2-es","7":"pa_cleanability-8283","8":"pa_composition-ext-100-pl-es","9":"pa_interior-fabrics-1-es","10":"pa_line-telas","11":"pa_lithfastness-4-6-es","12":"pa_outdoor-0-es","13":"pa_range-terciopelo","16":"first","17":"instock","18":"purchasable","19":"product-type-variable"},"acf":[],"_links":{"self":[{"href":"https:\/\/staging.aldeco.pt\/es\/wp-json\/wp\/v2\/product\/185967","targetHints":{"allow":["GET"]}}],"collection":[{"href":"https:\/\/staging.aldeco.pt\/es\/wp-json\/wp\/v2\/product"}],"about":[{"href":"https:\/\/staging.aldeco.pt\/es\/wp-json\/wp\/v2\/types\/product"}],"version-history":[{"count":2,"href":"https:\/\/staging.aldeco.pt\/es\/wp-json\/wp\/v2\/product\/185967\/revisions"}],"predecessor-version":[{"id":201874,"href":"https:\/\/staging.aldeco.pt\/es\/wp-json\/wp\/v2\/product\/185967\/revisions\/201874"}],"wp:featuredmedia":[{"embeddable":true,"href":"https:\/\/staging.aldeco.pt\/es\/wp-json\/wp\/v2\/media\/76626"}],"wp:attachment":[{"href":"https:\/\/staging.aldeco.pt\/es\/wp-json\/wp\/v2\/media?parent=185967"}],"wp:term":[{"taxonomy":"product_brand","embeddable":true,"href":"https:\/\/staging.aldeco.pt\/es\/wp-json\/wp\/v2\/product_brand?post=185967"},{"taxonomy":"product_cat","embeddable":true,"href":"https:\/\/staging.aldeco.pt\/es\/wp-json\/wp\/v2\/product_cat?post=185967"},{"taxonomy":"product_tag","embeddable":true,"href":"https:\/\/staging.aldeco.pt\/es\/wp-json\/wp\/v2\/product_tag?post=185967"}],"curies":[{"name":"wp","href":"https:\/\/api.w.org\/{rel}","templated":true}]}}