{"id":185824,"date":"2024-05-09T21:37:54","date_gmt":"2024-05-09T21:37:54","guid":{"rendered":"https:\/\/aldeco.pt\/staging\/product\/recycling\/"},"modified":"2024-09-16T14:00:12","modified_gmt":"2024-09-16T14:00:12","slug":"recycling","status":"publish","type":"product","link":"https:\/\/staging.aldeco.pt\/es\/product\/recycling\/","title":{"rendered":"RECYCLING"},"content":{"rendered":"<p>Con Recycling, nos enfocamos en la necesidad de crear un futuro m\u00e1s all\u00e1 del ma\u00f1ana. Tejido de doble ancho, texturizado y pesado, hecho con hilo reciclado, adecuado para ropa de cama y cortinas. Este art\u00edculo utiliza hilos producidos a partir de desechos previos y posteriores al consumo, lo que evita el desperdicio de materiales y recursos potencialmente \u00fatiles, junto con muchos otros beneficios. Estos materiales reciclados siguen una cadena de fabricaci\u00f3n completamente verificada, desde la entrada del material, hasta el producto final. Con el fin de brindar trazabilidad en todo el proceso de producci\u00f3n y acreditar el nivel de material reciclado, se sigue todo el proceso de acuerdo con los criterios GRS (GLOBAL REYCLED STANDARDS).<\/p>\n","protected":false},"excerpt":{"rendered":"<p>Con Recycling, nos enfocamos en la necesidad de crear un futuro m\u00e1s all\u00e1 del ma\u00f1ana. Tejido de doble ancho, texturizado y pesado, hecho con hilo reciclado, adecuado para ropa de cama y cortinas. Este art\u00edculo utiliza hilos producidos a partir de desechos previos y posteriores al consumo, lo que evita el desperdicio de materiales y recursos potencialmente \u00fatiles, junto con muchos otros beneficios. Estos materiales reciclados siguen una cadena de fabricaci\u00f3n completamente verificada, desde la entrada del material, hasta el producto final. Con el fin de brindar trazabilidad en todo el proceso de producci\u00f3n y acreditar el nivel de material reciclado, se sigue todo el proceso de acuerdo con los criterios GRS (GLOBAL REYCLED STANDARDS). <\/p>\n<h2>Este art\u00edculo utiliza hilos producidos a partir de desechos previos y posteriores al consumo, lo que evita el desperdicio de materiales y recursos potencialmente \u00fatiles, junto con muchos otros beneficios.<\/h2>\n<p><img fetchpriority=\"high\" decoding=\"async\" class=\"alignnone wp-image-188609 size-medium\" src=\"https:\/\/aldeco.pt\/staging\/wp-content\/uploads\/2024\/01\/T191950024-4-300x200.jpg\" alt=\"Recycling - Aldeco\" width=\"300\" height=\"200\"><\/p>\n<p><a href=\"https:\/\/www.instagram.com\/aldeco_interiorfabrics\/\">https:\/\/www.instagram.com\/aldeco_interiorfabrics\/<\/a><a href=\"https:\/\/aldeco.pt\/staging\/product\/recycling\/?attribute_pa_aldeco-color=01-bright-white\">https:\/\/aldeco.pt\/staging\/product\/recycling\/?attribute_pa_aldeco-color=01-bright-white<\/a><\/p>\n","protected":false},"featured_media":160010,"template":"","meta":[],"product_brand":[],"product_cat":[6146],"product_tag":[],"class_list":{"0":"post-185824","1":"product","2":"type-product","3":"status-publish","4":"has-post-thumbnail","6":"product_cat-aldeco-2-es","7":"pa_cleanability-8283","8":"pa_composition-ext-45-pl-55-rpl-es","9":"pa_interior-fabrics-1-es","10":"pa_line-telas","11":"pa_lithfastness-4-5-es","12":"pa_outdoor-0-es","13":"pa_range-dobby-es","14":"pa_range-transparencias","17":"first","18":"instock","19":"purchasable","20":"product-type-variable"},"acf":[],"_links":{"self":[{"href":"https:\/\/staging.aldeco.pt\/es\/wp-json\/wp\/v2\/product\/185824","targetHints":{"allow":["GET"]}}],"collection":[{"href":"https:\/\/staging.aldeco.pt\/es\/wp-json\/wp\/v2\/product"}],"about":[{"href":"https:\/\/staging.aldeco.pt\/es\/wp-json\/wp\/v2\/types\/product"}],"version-history":[{"count":2,"href":"https:\/\/staging.aldeco.pt\/es\/wp-json\/wp\/v2\/product\/185824\/revisions"}],"predecessor-version":[{"id":198569,"href":"https:\/\/staging.aldeco.pt\/es\/wp-json\/wp\/v2\/product\/185824\/revisions\/198569"}],"wp:featuredmedia":[{"embeddable":true,"href":"https:\/\/staging.aldeco.pt\/es\/wp-json\/wp\/v2\/media\/160010"}],"wp:attachment":[{"href":"https:\/\/staging.aldeco.pt\/es\/wp-json\/wp\/v2\/media?parent=185824"}],"wp:term":[{"taxonomy":"product_brand","embeddable":true,"href":"https:\/\/staging.aldeco.pt\/es\/wp-json\/wp\/v2\/product_brand?post=185824"},{"taxonomy":"product_cat","embeddable":true,"href":"https:\/\/staging.aldeco.pt\/es\/wp-json\/wp\/v2\/product_cat?post=185824"},{"taxonomy":"product_tag","embeddable":true,"href":"https:\/\/staging.aldeco.pt\/es\/wp-json\/wp\/v2\/product_tag?post=185824"}],"curies":[{"name":"wp","href":"https:\/\/api.w.org\/{rel}","templated":true}]}}