{"id":185732,"date":"2024-05-09T21:38:33","date_gmt":"2024-05-09T21:38:33","guid":{"rendered":"https:\/\/aldeco.pt\/staging\/product\/rescue-easy-clean-fr\/"},"modified":"2024-08-29T14:42:46","modified_gmt":"2024-08-29T14:42:46","slug":"rescue-easy-clean-fr","status":"publish","type":"product","link":"https:\/\/staging.aldeco.pt\/es\/product\/rescue-easy-clean-fr\/","title":{"rendered":"RESCUE EASY CLEAN FR"},"content":{"rendered":"<p>Rescue es un tejido innovador, hecho de 100 materiales reciclados, de botellas de pl\u00e1stico recuperadas de nuestros oc\u00e9anos. Este tejido es la respuesta perfecta a nuestro compromiso de \u201ccurar el futuro\u201d y hacer de este mundo un lugar mejor: est\u00e1 hecho de material 100 reciclado, no genera ning\u00fan desperdicio en su producci\u00f3n y es extremadamente duradero. Adem\u00e1s de ser extremadamente c\u00f3modo, tambi\u00e9n tiene protecci\u00f3n anti-manchas.<\/p>\n","protected":false},"excerpt":{"rendered":"<p>Rescue es un tejido innovador, hecho de 100 materiales reciclados, de botellas de pl\u00e1stico recuperadas de nuestros oc\u00e9anos. Este tejido es la respuesta perfecta a nuestro compromiso de sanar el futuro y hacer de este mundo un lugar mejor: Est\u00e1 hecho de material 100% reciclado, no genera residuos en su producci\u00f3n, es extremadamente duradero, tiene protecci\u00f3n antimanchas y adem\u00e1s es muy suave y c\u00f3modo. <\/p>\n<h2>Rescue Easy Clean FR es un tejido innovador, hecho de 100 materiales reciclados, de botellas de pl\u00e1stico recuperadas de nuestros oc\u00e9anos. Este tejido es la respuesta perfecta a nuestro compromiso de \u201ccurar el futuro\u201d y hacer de este mundo un lugar mejor: est\u00e1 hecho de material 100 reciclado, no genera ning\u00fan desperdicio en su producci\u00f3n y es extremadamente duradero. Adem\u00e1s de ser extremadamente c\u00f3modo, tambi\u00e9n tiene protecci\u00f3n anti-manchas.<\/h2>\n<p><img fetchpriority=\"high\" decoding=\"async\" class=\"alignnone wp-image-188654 size-medium\" src=\"https:\/\/aldeco.pt\/staging\/wp-content\/uploads\/2024\/01\/T192020001-2-300x225.jpg\" alt=\"Recue Easy Clean FR - Aldeco\" width=\"300\" height=\"225\"><\/p>\n<p><a href=\"https:\/\/www.instagram.com\/aldeco_interiorfabrics\/\">https:\/\/www.instagram.com\/aldeco_interiorfabrics\/<\/a><\/p>\n<p style=\"text-align: left\"><a href=\"https:\/\/aldeco.pt\/staging\/product\/rescue-easy-clean-fr\/?attribute_pa_aldeco-color=01-cotton-white\">https:\/\/aldeco.pt\/staging\/product\/rescue-easy-clean-fr\/?attribute_pa_aldeco-color=01-cotton-white<\/a><\/p>\n","protected":false},"featured_media":160014,"template":"","meta":[],"product_brand":[],"product_cat":[6146],"product_tag":[],"class_list":{"0":"post-185732","1":"product","2":"type-product","3":"status-publish","4":"has-post-thumbnail","6":"product_cat-aldeco-2-es","7":"pa_cleanability-4-5-es","8":"pa_composition-ext-100-rpl-es","9":"pa_contract-fabrics-1-es","10":"pa_interior-fabrics-1-es","11":"pa_line-telas","12":"pa_lithfastness-5-6-es","13":"pa_outdoor-0-es","14":"pa_range-liso-es","15":"pa_special-treatments-fabrics-1-es","16":"pa_sustainable-fabrics-1-es","19":"first","20":"instock","21":"purchasable","22":"product-type-variable"},"acf":[],"_links":{"self":[{"href":"https:\/\/staging.aldeco.pt\/es\/wp-json\/wp\/v2\/product\/185732","targetHints":{"allow":["GET"]}}],"collection":[{"href":"https:\/\/staging.aldeco.pt\/es\/wp-json\/wp\/v2\/product"}],"about":[{"href":"https:\/\/staging.aldeco.pt\/es\/wp-json\/wp\/v2\/types\/product"}],"version-history":[{"count":3,"href":"https:\/\/staging.aldeco.pt\/es\/wp-json\/wp\/v2\/product\/185732\/revisions"}],"predecessor-version":[{"id":200522,"href":"https:\/\/staging.aldeco.pt\/es\/wp-json\/wp\/v2\/product\/185732\/revisions\/200522"}],"wp:featuredmedia":[{"embeddable":true,"href":"https:\/\/staging.aldeco.pt\/es\/wp-json\/wp\/v2\/media\/160014"}],"wp:attachment":[{"href":"https:\/\/staging.aldeco.pt\/es\/wp-json\/wp\/v2\/media?parent=185732"}],"wp:term":[{"taxonomy":"product_brand","embeddable":true,"href":"https:\/\/staging.aldeco.pt\/es\/wp-json\/wp\/v2\/product_brand?post=185732"},{"taxonomy":"product_cat","embeddable":true,"href":"https:\/\/staging.aldeco.pt\/es\/wp-json\/wp\/v2\/product_cat?post=185732"},{"taxonomy":"product_tag","embeddable":true,"href":"https:\/\/staging.aldeco.pt\/es\/wp-json\/wp\/v2\/product_tag?post=185732"}],"curies":[{"name":"wp","href":"https:\/\/api.w.org\/{rel}","templated":true}]}}