{"id":185727,"date":"2024-05-09T21:43:15","date_gmt":"2024-05-09T21:43:15","guid":{"rendered":"https:\/\/aldeco.pt\/staging\/product\/rise-wlb\/"},"modified":"2024-09-23T14:12:31","modified_gmt":"2024-09-23T14:12:31","slug":"rise-wlb","status":"publish","type":"product","link":"https:\/\/staging.aldeco.pt\/es\/product\/rise-wlb\/","title":{"rendered":"RISE WLB"},"content":{"rendered":"<p>Rise WLB es una maravillosa propuesta de cortina, de entre 295 y 300 de ancho, que se asemeja a una malla, cuyos ejes principales est\u00e1n orientados verticalmente. Esta cortina es sorprendentemente suave y los hilos a\u00f1aden un brillo natural y elegante a la textura. Presentamos esta semitransparencia en 23 colores, todos con Alambre Ecol\u00f3gico, para una mayor versatilidad ecol\u00f3gica.<\/p>\n","protected":false},"excerpt":{"rendered":"<p>Es una maravillosa propuesta de cortina, de entre 295 y 300 de ancho, que se asemeja a una malla, cuyos ejes principales est\u00e1n orientados verticalmente. Esta cortina es sorprendentemente suave y los hilos a\u00f1aden un brillo natural y elegante a la textura. Presentamos esta semitransparencia en 23 colores, todos con Alambre Ecol\u00f3gico, para una mayor versatilidad ecol\u00f3gica.<\/p>\n<h2>Rise WLB es una maravillosa propuesta de cortina, de entre 295 y 300 de ancho, que se asemeja a una malla, cuyos ejes principales est\u00e1n orientados verticalmente. Esta cortina es sorprendentemente suave y los hilos a\u00f1aden un brillo natural y elegante a la textura. Presentamos esta semitransparencia en 23 colores, todos con Alambre Ecol\u00f3gico, para una mayor versatilidad ecol\u00f3gica.<\/h2>\n<p><img fetchpriority=\"high\" decoding=\"async\" class=\"alignnone wp-image-188709 size-medium\" src=\"https:\/\/aldeco.pt\/staging\/wp-content\/uploads\/2024\/01\/T191940001-4-300x225.jpg\" alt=\"Rise Wlb - Aldeco\" width=\"300\" height=\"225\" \/><\/p>\n<p><a href=\"https:\/\/www.instagram.com\/aldeco_interiorfabrics\/\">https:\/\/www.instagram.com\/aldeco_interiorfabrics\/<\/a><\/p>\n<p><a href=\"https:\/\/aldeco.pt\/staging\/product\/rise-wlb\/?attribute_pa_aldeco-color=01-pure-white\">https:\/\/aldeco.pt\/staging\/product\/rise-wlb\/?attribute_pa_aldeco-color=01-pure-white<\/a><\/p>\n","protected":false},"featured_media":160116,"template":"","meta":[],"product_brand":[],"product_cat":[6154],"product_tag":[],"class_list":{"0":"post-185727","1":"product","2":"type-product","3":"status-publish","4":"has-post-thumbnail","6":"product_cat-aldeco-smarter-es","7":"pa_cleanability-8283","8":"pa_composition-ext-100-pl-es","9":"pa_interior-fabrics-1-es","10":"pa_line-telas","11":"pa_lithfastness-4-5-es","12":"pa_outdoor-0-es","13":"pa_range-dobby-es","14":"pa_range-transparencias","15":"pa_special-treatments-fabrics-1-es","18":"first","19":"instock","20":"purchasable","21":"product-type-variable"},"acf":[],"_links":{"self":[{"href":"https:\/\/staging.aldeco.pt\/es\/wp-json\/wp\/v2\/product\/185727","targetHints":{"allow":["GET"]}}],"collection":[{"href":"https:\/\/staging.aldeco.pt\/es\/wp-json\/wp\/v2\/product"}],"about":[{"href":"https:\/\/staging.aldeco.pt\/es\/wp-json\/wp\/v2\/types\/product"}],"version-history":[{"count":2,"href":"https:\/\/staging.aldeco.pt\/es\/wp-json\/wp\/v2\/product\/185727\/revisions"}],"predecessor-version":[{"id":200670,"href":"https:\/\/staging.aldeco.pt\/es\/wp-json\/wp\/v2\/product\/185727\/revisions\/200670"}],"wp:featuredmedia":[{"embeddable":true,"href":"https:\/\/staging.aldeco.pt\/es\/wp-json\/wp\/v2\/media\/160116"}],"wp:attachment":[{"href":"https:\/\/staging.aldeco.pt\/es\/wp-json\/wp\/v2\/media?parent=185727"}],"wp:term":[{"taxonomy":"product_brand","embeddable":true,"href":"https:\/\/staging.aldeco.pt\/es\/wp-json\/wp\/v2\/product_brand?post=185727"},{"taxonomy":"product_cat","embeddable":true,"href":"https:\/\/staging.aldeco.pt\/es\/wp-json\/wp\/v2\/product_cat?post=185727"},{"taxonomy":"product_tag","embeddable":true,"href":"https:\/\/staging.aldeco.pt\/es\/wp-json\/wp\/v2\/product_tag?post=185727"}],"curies":[{"name":"wp","href":"https:\/\/api.w.org\/{rel}","templated":true}]}}